{"id":6654,"date":"2024-07-31T18:59:28","date_gmt":"2024-07-31T16:59:28","guid":{"rendered":"https:\/\/bls-lang.com\/nieuws\/"},"modified":"2025-06-25T17:54:54","modified_gmt":"2025-06-25T15:54:54","slug":"nieuws","status":"publish","type":"page","link":"https:\/\/bls-lang.com\/nl\/nieuws\/","title":{"rendered":"Nieuws"},"content":{"rendered":"\t\t<div data-elementor-type=\"wp-page\" data-elementor-id=\"6654\" class=\"elementor elementor-6654 elementor-5809\" data-elementor-post-type=\"page\">\n\t\t\t\t<div class=\"elementor-element elementor-element-70497ca e-flex e-con-boxed e-con e-parent\" data-id=\"70497ca\" data-element_type=\"container\" data-e-type=\"container\">\n\t\t\t\t\t<div class=\"e-con-inner\">\n\t\t\t\t<div class=\"elementor-element elementor-element-c61621d elementor-grid-3 elementor-grid-tablet-2 elementor-grid-mobile-1 elementor-posts--thumbnail-top elementor-card-shadow-yes elementor-posts__hover-gradient elementor-widget elementor-widget-posts\" data-id=\"c61621d\" data-element_type=\"widget\" data-e-type=\"widget\" data-settings=\"{&quot;pagination_type&quot;:&quot;prev_next&quot;,&quot;cards_columns&quot;:&quot;3&quot;,&quot;cards_columns_tablet&quot;:&quot;2&quot;,&quot;cards_columns_mobile&quot;:&quot;1&quot;,&quot;cards_row_gap&quot;:{&quot;unit&quot;:&quot;px&quot;,&quot;size&quot;:35,&quot;sizes&quot;:[]},&quot;cards_row_gap_tablet&quot;:{&quot;unit&quot;:&quot;px&quot;,&quot;size&quot;:&quot;&quot;,&quot;sizes&quot;:[]},&quot;cards_row_gap_mobile&quot;:{&quot;unit&quot;:&quot;px&quot;,&quot;size&quot;:&quot;&quot;,&quot;sizes&quot;:[]}}\" data-widget_type=\"posts.cards\">\n\t\t\t\t<div class=\"elementor-widget-container\">\n\t\t\t\t\t\t\t<div class=\"elementor-posts-container elementor-posts elementor-posts--skin-cards elementor-grid\" role=\"list\">\n\t\t\t\t<article class=\"elementor-post elementor-grid-item post-6791 post type-post status-publish format-standard has-post-thumbnail hentry category-traduction-i-a\" role=\"listitem\">\n\t\t\t<div class=\"elementor-post__card\">\n\t\t\t\t<a class=\"elementor-post__thumbnail__link\" href=\"https:\/\/bls-lang.com\/nl\/mens-vs-cat-av-ai\/\" tabindex=\"-1\" target=\"_blank\"><div class=\"elementor-post__thumbnail\"><img fetchpriority=\"high\" decoding=\"async\" width=\"767\" height=\"431\" src=\"https:\/\/bls-lang.com\/wp-content\/uploads\/2025\/04\/HumanVsAT-AI.webp\" class=\"attachment-medium_large size-medium_large wp-image-6881\" alt=\"\" srcset=\"https:\/\/bls-lang.com\/wp-content\/uploads\/2025\/04\/HumanVsAT-AI.webp 767w, https:\/\/bls-lang.com\/wp-content\/uploads\/2025\/04\/HumanVsAT-AI-300x169.webp 300w\" sizes=\"(max-width: 767px) 100vw, 767px\" \/><\/div><\/a>\n\t\t\t\t<div class=\"elementor-post__text\">\n\t\t\t\t<h3 class=\"elementor-post__title\">\n\t\t\t<a href=\"https:\/\/bls-lang.com\/nl\/mens-vs-cat-av-ai\/\" target=&quot;_blank&quot;>\n\t\t\t\tMens vs CAT &#8211; AV &#8211; AI\t\t\t<\/a>\n\t\t<\/h3>\n\t\t\t\t<div class=\"elementor-post__excerpt\">\n\t\t\t<p>Vertaling in 2025: tussen AI, machinevertaling en CAT-tools \u00a0 In 2025 ondergaat de vertaalindustrie een ware revolutie dankzij de technologische vooruitgang. Computerondersteunde vertaaltools (CAT of<\/p>\n\t\t<\/div>\n\t\t\t\t\t<div class=\"elementor-post__read-more-wrapper\">\n\t\t\n\t\t<a class=\"elementor-post__read-more\" href=\"https:\/\/bls-lang.com\/nl\/mens-vs-cat-av-ai\/\" aria-label=\"Lees meer over Mens vs CAT &#8211; AV &#8211; AI\" tabindex=\"-1\" target=\"_blank\">\n\t\t\tLees verder \u00bb\t\t<\/a>\n\n\t\t\t\t\t<\/div>\n\t\t\t\t<\/div>\n\t\t\t\t<div class=\"elementor-post__meta-data\">\n\t\t\t\t\t<span class=\"elementor-post-date\">\n\t\t\t24 april 2025\t\t<\/span>\n\t\t\t\t<span class=\"elementor-post-avatar\">\n\t\t\tGeen reacties\t\t<\/span>\n\t\t\t\t<span class=\"elementor-post-date\">\n\t\t\t25 juni 2025\t\t<\/span>\n\t\t\t\t<\/div>\n\t\t\t\t\t<\/div>\n\t\t<\/article>\n\t\t\t\t<article class=\"elementor-post elementor-grid-item post-6801 post type-post status-publish format-standard has-post-thumbnail hentry category-ai category-studentenstages-met-accommodatie-nl\" role=\"listitem\">\n\t\t\t<div class=\"elementor-post__card\">\n\t\t\t\t<a class=\"elementor-post__thumbnail__link\" href=\"https:\/\/bls-lang.com\/nl\/vijf-jaar-studies-studeren-vertaling-master-waarom-wat-is-het-nut\/\" tabindex=\"-1\" target=\"_blank\"><div class=\"elementor-post__thumbnail\"><img decoding=\"async\" width=\"767\" height=\"511\" src=\"https:\/\/bls-lang.com\/wp-content\/uploads\/2025\/04\/Five-years-of-study-1.webp\" class=\"attachment-medium_large size-medium_large wp-image-6836\" alt=\"\" srcset=\"https:\/\/bls-lang.com\/wp-content\/uploads\/2025\/04\/Five-years-of-study-1.webp 767w, https:\/\/bls-lang.com\/wp-content\/uploads\/2025\/04\/Five-years-of-study-1-300x200.webp 300w\" sizes=\"(max-width: 767px) 100vw, 767px\" \/><\/div><\/a>\n\t\t\t\t<div class=\"elementor-post__text\">\n\t\t\t\t<h3 class=\"elementor-post__title\">\n\t\t\t<a href=\"https:\/\/bls-lang.com\/nl\/vijf-jaar-studies-studeren-vertaling-master-waarom-wat-is-het-nut\/\" target=&quot;_blank&quot;>\n\t\t\t\tVijf jaar studeren, wat is het nut?\t\t\t<\/a>\n\t\t<\/h3>\n\t\t\t\t<div class=\"elementor-post__excerpt\">\n\t\t\t<p>In Belgi\u00eb is het beroep van vertaler niet beschermd of gereglementeerd. Dus waaromzou je vijf jaar studeren als een diploma niet essentieel is?Hoewel iedereen als<\/p>\n\t\t<\/div>\n\t\t\t\t\t<div class=\"elementor-post__read-more-wrapper\">\n\t\t\n\t\t<a class=\"elementor-post__read-more\" href=\"https:\/\/bls-lang.com\/nl\/vijf-jaar-studies-studeren-vertaling-master-waarom-wat-is-het-nut\/\" aria-label=\"Lees meer over Vijf jaar studeren, wat is het nut?\" tabindex=\"-1\" target=\"_blank\">\n\t\t\tLees verder \u00bb\t\t<\/a>\n\n\t\t\t\t\t<\/div>\n\t\t\t\t<\/div>\n\t\t\t\t<div class=\"elementor-post__meta-data\">\n\t\t\t\t\t<span class=\"elementor-post-date\">\n\t\t\t10 april 2025\t\t<\/span>\n\t\t\t\t<span class=\"elementor-post-avatar\">\n\t\t\tGeen reacties\t\t<\/span>\n\t\t\t\t<span class=\"elementor-post-date\">\n\t\t\t25 juni 2025\t\t<\/span>\n\t\t\t\t<\/div>\n\t\t\t\t\t<\/div>\n\t\t<\/article>\n\t\t\t\t<article class=\"elementor-post elementor-grid-item post-6646 post type-post status-publish format-standard has-post-thumbnail hentry category-traduction-i-a\" role=\"listitem\">\n\t\t\t<div class=\"elementor-post__card\">\n\t\t\t\t<a class=\"elementor-post__thumbnail__link\" href=\"https:\/\/bls-lang.com\/nl\/translate-against-the-machine\/\" tabindex=\"-1\" target=\"_blank\"><div class=\"elementor-post__thumbnail\"><img decoding=\"async\" width=\"709\" height=\"767\" src=\"https:\/\/bls-lang.com\/wp-content\/uploads\/2025\/04\/human-vs-ia.webp\" class=\"attachment-medium_large size-medium_large wp-image-6774\" alt=\"Vertalingen volledig door AI, een goed idee?\" srcset=\"https:\/\/bls-lang.com\/wp-content\/uploads\/2025\/04\/human-vs-ia.webp 709w, https:\/\/bls-lang.com\/wp-content\/uploads\/2025\/04\/human-vs-ia-277x300.webp 277w\" sizes=\"(max-width: 709px) 100vw, 709px\" \/><\/div><\/a>\n\t\t\t\t<div class=\"elementor-post__text\">\n\t\t\t\t<h3 class=\"elementor-post__title\">\n\t\t\t<a href=\"https:\/\/bls-lang.com\/nl\/translate-against-the-machine\/\" target=&quot;_blank&quot;>\n\t\t\t\tTranslate Against The Machine\t\t\t<\/a>\n\t\t<\/h3>\n\t\t\t\t<div class=\"elementor-post__excerpt\">\n\t\t\t<p>Het is het tijdperk van AI: kunstmatige intelligentie is niet meer weg te denken in onze professionele leven, vooral in beroepen waarin tekstredactie centraal staat.<\/p>\n\t\t<\/div>\n\t\t\t\t\t<div class=\"elementor-post__read-more-wrapper\">\n\t\t\n\t\t<a class=\"elementor-post__read-more\" href=\"https:\/\/bls-lang.com\/nl\/translate-against-the-machine\/\" aria-label=\"Lees meer over Translate Against The Machine\" tabindex=\"-1\" target=\"_blank\">\n\t\t\tLees verder \u00bb\t\t<\/a>\n\n\t\t\t\t\t<\/div>\n\t\t\t\t<\/div>\n\t\t\t\t<div class=\"elementor-post__meta-data\">\n\t\t\t\t\t<span class=\"elementor-post-date\">\n\t\t\t20 februari 2025\t\t<\/span>\n\t\t\t\t<span class=\"elementor-post-avatar\">\n\t\t\tGeen reacties\t\t<\/span>\n\t\t\t\t<span class=\"elementor-post-date\">\n\t\t\t25 juni 2025\t\t<\/span>\n\t\t\t\t<\/div>\n\t\t\t\t\t<\/div>\n\t\t<\/article>\n\t\t\t\t<article class=\"elementor-post elementor-grid-item post-6532 post type-post status-publish format-standard has-post-thumbnail hentry category-stage-etudiant-logement-sur-place category-temoignage-avis\" role=\"listitem\">\n\t\t\t<div class=\"elementor-post__card\">\n\t\t\t\t<a class=\"elementor-post__thumbnail__link\" href=\"https:\/\/bls-lang.com\/nl\/stage-student-vertaling-getuigenis\/\" tabindex=\"-1\" target=\"_blank\"><div class=\"elementor-post__thumbnail\"><img loading=\"lazy\" decoding=\"async\" width=\"767\" height=\"431\" src=\"https:\/\/bls-lang.com\/wp-content\/uploads\/2024\/07\/Stage_BLS_LANG_COM.webp\" class=\"attachment-medium_large size-medium_large wp-image-5903\" alt=\"Stagiair bij BLS-LANG\" srcset=\"https:\/\/bls-lang.com\/wp-content\/uploads\/2024\/07\/Stage_BLS_LANG_COM.webp 767w, https:\/\/bls-lang.com\/wp-content\/uploads\/2024\/07\/Stage_BLS_LANG_COM-300x169.webp 300w\" sizes=\"(max-width: 767px) 100vw, 767px\" \/><\/div><\/a>\n\t\t\t\t<div class=\"elementor-post__text\">\n\t\t\t\t<h3 class=\"elementor-post__title\">\n\t\t\t<a href=\"https:\/\/bls-lang.com\/nl\/stage-student-vertaling-getuigenis\/\" target=&quot;_blank&quot;>\n\t\t\t\tSuccesvolle en leerzame stage voor studenten in vertaling &#8211; getuigenis\t\t\t<\/a>\n\t\t<\/h3>\n\t\t\t\t<div class=\"elementor-post__excerpt\">\n\t\t\t<p>Mijn stage bij BLS was erg leerrijk en de moeite waard. Ik heb&#8230;<\/p>\n\t\t<\/div>\n\t\t\t\t\t<div class=\"elementor-post__read-more-wrapper\">\n\t\t\n\t\t<a class=\"elementor-post__read-more\" href=\"https:\/\/bls-lang.com\/nl\/stage-student-vertaling-getuigenis\/\" aria-label=\"Lees meer over Succesvolle en leerzame stage voor studenten in vertaling &#8211; getuigenis\" tabindex=\"-1\" target=\"_blank\">\n\t\t\tLees verder \u00bb\t\t<\/a>\n\n\t\t\t\t\t<\/div>\n\t\t\t\t<\/div>\n\t\t\t\t<div class=\"elementor-post__meta-data\">\n\t\t\t\t\t<span class=\"elementor-post-date\">\n\t\t\t30 januari 2025\t\t<\/span>\n\t\t\t\t<span class=\"elementor-post-avatar\">\n\t\t\tGeen reacties\t\t<\/span>\n\t\t\t\t<span class=\"elementor-post-date\">\n\t\t\t25 juni 2025\t\t<\/span>\n\t\t\t\t<\/div>\n\t\t\t\t\t<\/div>\n\t\t<\/article>\n\t\t\t\t<article class=\"elementor-post elementor-grid-item post-6180 post type-post status-publish format-standard has-post-thumbnail hentry category-general\" role=\"listitem\">\n\t\t\t<div class=\"elementor-post__card\">\n\t\t\t\t<a class=\"elementor-post__thumbnail__link\" href=\"https:\/\/bls-lang.com\/nl\/onze-nieuwe-meertalige-website-staat-online\/\" tabindex=\"-1\" target=\"_blank\"><div class=\"elementor-post__thumbnail\"><img loading=\"lazy\" decoding=\"async\" width=\"768\" height=\"387\" src=\"https:\/\/bls-lang.com\/wp-content\/uploads\/2024\/07\/logo-societe-bls-lang-com-brussels-language-services-yoast-768x387.webp\" class=\"attachment-medium_large size-medium_large wp-image-5418\" alt=\"logo BLS voor Yoast\" srcset=\"https:\/\/bls-lang.com\/wp-content\/uploads\/2024\/07\/logo-societe-bls-lang-com-brussels-language-services-yoast-768x387.webp 768w, https:\/\/bls-lang.com\/wp-content\/uploads\/2024\/07\/logo-societe-bls-lang-com-brussels-language-services-yoast-300x151.webp 300w, https:\/\/bls-lang.com\/wp-content\/uploads\/2024\/07\/logo-societe-bls-lang-com-brussels-language-services-yoast-1024x516.webp 1024w, https:\/\/bls-lang.com\/wp-content\/uploads\/2024\/07\/logo-societe-bls-lang-com-brussels-language-services-yoast.webp 1150w\" sizes=\"(max-width: 768px) 100vw, 768px\" \/><\/div><\/a>\n\t\t\t\t<div class=\"elementor-post__text\">\n\t\t\t\t<h3 class=\"elementor-post__title\">\n\t\t\t<a href=\"https:\/\/bls-lang.com\/nl\/onze-nieuwe-meertalige-website-staat-online\/\" target=&quot;_blank&quot;>\n\t\t\t\tOnze nieuwe website staat online\t\t\t<\/a>\n\t\t<\/h3>\n\t\t\t\t<div class=\"elementor-post__excerpt\">\n\t\t\t<p>BLS heeft een nieuwe website&#8230; en hij mag gezien worden! In een volledig nieuw jasje, gestroomlijnd en veiliger dan ooit, vindt u er alles wat<\/p>\n\t\t<\/div>\n\t\t\t\t\t<div class=\"elementor-post__read-more-wrapper\">\n\t\t\n\t\t<a class=\"elementor-post__read-more\" href=\"https:\/\/bls-lang.com\/nl\/onze-nieuwe-meertalige-website-staat-online\/\" aria-label=\"Lees meer over Onze nieuwe website staat online\" tabindex=\"-1\" target=\"_blank\">\n\t\t\tLees verder \u00bb\t\t<\/a>\n\n\t\t\t\t\t<\/div>\n\t\t\t\t<\/div>\n\t\t\t\t<div class=\"elementor-post__meta-data\">\n\t\t\t\t\t<span class=\"elementor-post-date\">\n\t\t\t1 januari 2025\t\t<\/span>\n\t\t\t\t<span class=\"elementor-post-avatar\">\n\t\t\tGeen reacties\t\t<\/span>\n\t\t\t\t<span class=\"elementor-post-date\">\n\t\t\t25 juni 2025\t\t<\/span>\n\t\t\t\t<\/div>\n\t\t\t\t\t<\/div>\n\t\t<\/article>\n\t\t\t\t<\/div>\n\t\t\n\t\t\t\t\t\t<\/div>\n\t\t\t\t<\/div>\n\t\t\t\t<div class=\"elementor-element elementor-element-fa24eaa elementor-widget elementor-widget-text-editor\" data-id=\"fa24eaa\" data-element_type=\"widget\" data-e-type=\"widget\" data-widget_type=\"text-editor.default\">\n\t\t\t\t<div class=\"elementor-widget-container\">\n\t\t\t\t\t\t\t\t\t<p>Bedenkingen, vragen, antwoorden, humor &#8211; onze blog bespreekt alle aspecten van het nieuws in de wereld van het vertalen en tolken. We publiceren regelmatig nieuwe posts. Veel leesplezier en tot snel!<\/p>\t\t\t\t\t\t\t\t<\/div>\n\t\t\t\t<\/div>\n\t\t\t\t\t<\/div>\n\t\t\t\t<\/div>\n\t\t\t\t<\/div>\n\t\t","protected":false},"excerpt":{"rendered":"<p>Bedenkingen, vragen, antwoorden, humor &#8211; onze blog bespreekt alle aspecten van het nieuws in de wereld van het vertalen en tolken. We publiceren regelmatig nieuwe posts. Veel leesplezier en tot snel!<\/p>\n","protected":false},"author":1,"featured_media":0,"parent":0,"menu_order":0,"comment_status":"closed","ping_status":"closed","template":"elementor_theme","meta":{"footnotes":""},"class_list":["post-6654","page","type-page","status-publish","hentry"],"yoast_head":"<!-- This site is optimized with the Yoast SEO Premium plugin v25.8 (Yoast SEO v27.3) - https:\/\/yoast.com\/product\/yoast-seo-premium-wordpress\/ -->\n<title>Nieuws bij BLS-LANG<\/title>\n<meta name=\"description\" content=\"Bedenkingen, getuigenissen, humor, uitleg, nieuws over de wereld van vertalen en tolken\" \/>\n<meta name=\"robots\" content=\"index, follow, max-snippet:-1, max-image-preview:large, max-video-preview:-1\" \/>\n<link rel=\"canonical\" href=\"https:\/\/bls-lang.com\/nl\/nieuws\/\" \/>\n<meta property=\"og:locale\" content=\"nl_NL\" \/>\n<meta property=\"og:type\" content=\"article\" \/>\n<meta property=\"og:title\" content=\"Nieuws\" \/>\n<meta property=\"og:description\" content=\"Bedenkingen, getuigenissen, humor, uitleg, nieuws over de wereld van vertalen en tolken\" \/>\n<meta property=\"og:url\" content=\"https:\/\/bls-lang.com\/nl\/nieuws\/\" \/>\n<meta property=\"og:site_name\" content=\"BLS agence bureau interpr\u00e8tes traducteurs Bruxelles\" \/>\n<meta property=\"article:publisher\" content=\"https:\/\/www.facebook.com\/BrusselsLanguageServices\" \/>\n<meta property=\"article:modified_time\" content=\"2025-06-25T15:54:54+00:00\" \/>\n<meta property=\"og:image\" content=\"https:\/\/bls-lang.com\/wp-content\/uploads\/2024\/07\/logo-societe-bls-lang-com-brussels-language-services-yoast.webp\" \/>\n\t<meta property=\"og:image:width\" content=\"1150\" \/>\n\t<meta property=\"og:image:height\" content=\"579\" \/>\n\t<meta property=\"og:image:type\" content=\"image\/webp\" \/>\n<meta name=\"twitter:card\" content=\"summary_large_image\" \/>\n<meta name=\"twitter:label1\" content=\"Geschatte leestijd\" \/>\n\t<meta name=\"twitter:data1\" content=\"1 minuut\" \/>\n<script type=\"application\/ld+json\" class=\"yoast-schema-graph\">{\"@context\":\"https:\\\/\\\/schema.org\",\"@graph\":[{\"@type\":\"WebPage\",\"@id\":\"https:\\\/\\\/bls-lang.com\\\/nl\\\/nieuws\\\/\",\"url\":\"https:\\\/\\\/bls-lang.com\\\/nl\\\/nieuws\\\/\",\"name\":\"Nieuws bij BLS-LANG\",\"isPartOf\":{\"@id\":\"https:\\\/\\\/bls-lang.com\\\/nl\\\/#website\"},\"datePublished\":\"2024-07-31T16:59:28+00:00\",\"dateModified\":\"2025-06-25T15:54:54+00:00\",\"description\":\"Bedenkingen, getuigenissen, humor, uitleg, nieuws over de wereld van vertalen en tolken\",\"breadcrumb\":{\"@id\":\"https:\\\/\\\/bls-lang.com\\\/nl\\\/nieuws\\\/#breadcrumb\"},\"inLanguage\":\"nl-NL\",\"potentialAction\":[{\"@type\":\"ReadAction\",\"target\":[\"https:\\\/\\\/bls-lang.com\\\/nl\\\/nieuws\\\/\"]}]},{\"@type\":\"BreadcrumbList\",\"@id\":\"https:\\\/\\\/bls-lang.com\\\/nl\\\/nieuws\\\/#breadcrumb\",\"itemListElement\":[{\"@type\":\"ListItem\",\"position\":1,\"name\":\"Accueil\",\"item\":\"https:\\\/\\\/bls-lang.com\\\/nl\\\/\"},{\"@type\":\"ListItem\",\"position\":2,\"name\":\"Nieuws\"}]},{\"@type\":\"WebSite\",\"@id\":\"https:\\\/\\\/bls-lang.com\\\/nl\\\/#website\",\"url\":\"https:\\\/\\\/bls-lang.com\\\/nl\\\/\",\"name\":\"BLS agence bureau interpr\u00e8tes traducteurs Bruxelles\",\"description\":\"Brussels Language Services SRL - service de traduction, interpr\u00e9tation, traducteurs et interpr\u00e8tes pour les particuliers, entreprises, institutions publiques et priv\u00e9es\",\"publisher\":{\"@id\":\"https:\\\/\\\/bls-lang.com\\\/nl\\\/#organization\"},\"potentialAction\":[{\"@type\":\"SearchAction\",\"target\":{\"@type\":\"EntryPoint\",\"urlTemplate\":\"https:\\\/\\\/bls-lang.com\\\/nl\\\/?s={search_term_string}\"},\"query-input\":{\"@type\":\"PropertyValueSpecification\",\"valueRequired\":true,\"valueName\":\"search_term_string\"}}],\"inLanguage\":\"nl-NL\"},{\"@type\":\"Organization\",\"@id\":\"https:\\\/\\\/bls-lang.com\\\/nl\\\/#organization\",\"name\":\"BLS agence bureau interpr\u00e8tes traducteurs Bruxelles\",\"url\":\"https:\\\/\\\/bls-lang.com\\\/nl\\\/\",\"logo\":{\"@type\":\"ImageObject\",\"inLanguage\":\"nl-NL\",\"@id\":\"https:\\\/\\\/bls-lang.com\\\/nl\\\/#\\\/schema\\\/logo\\\/image\\\/\",\"url\":\"https:\\\/\\\/bls-lang.com\\\/wp-content\\\/uploads\\\/2024\\\/05\\\/logo-societe-bls-lang-com-brussels-language-services.webp\",\"contentUrl\":\"https:\\\/\\\/bls-lang.com\\\/wp-content\\\/uploads\\\/2024\\\/05\\\/logo-societe-bls-lang-com-brussels-language-services.webp\",\"width\":1829,\"height\":920,\"caption\":\"BLS agence bureau interpr\u00e8tes traducteurs Bruxelles\"},\"image\":{\"@id\":\"https:\\\/\\\/bls-lang.com\\\/nl\\\/#\\\/schema\\\/logo\\\/image\\\/\"},\"sameAs\":[\"https:\\\/\\\/www.facebook.com\\\/BrusselsLanguageServices\"]}]}<\/script>\n<!-- \/ Yoast SEO Premium plugin. -->","yoast_head_json":{"title":"Nieuws bij BLS-LANG","description":"Bedenkingen, getuigenissen, humor, uitleg, nieuws over de wereld van vertalen en tolken","robots":{"index":"index","follow":"follow","max-snippet":"max-snippet:-1","max-image-preview":"max-image-preview:large","max-video-preview":"max-video-preview:-1"},"canonical":"https:\/\/bls-lang.com\/nl\/nieuws\/","og_locale":"nl_NL","og_type":"article","og_title":"Nieuws","og_description":"Bedenkingen, getuigenissen, humor, uitleg, nieuws over de wereld van vertalen en tolken","og_url":"https:\/\/bls-lang.com\/nl\/nieuws\/","og_site_name":"BLS agence bureau interpr\u00e8tes traducteurs Bruxelles","article_publisher":"https:\/\/www.facebook.com\/BrusselsLanguageServices","article_modified_time":"2025-06-25T15:54:54+00:00","og_image":[{"width":1150,"height":579,"url":"https:\/\/bls-lang.com\/wp-content\/uploads\/2024\/07\/logo-societe-bls-lang-com-brussels-language-services-yoast.webp","type":"image\/webp"}],"twitter_card":"summary_large_image","twitter_misc":{"Geschatte leestijd":"1 minuut"},"schema":{"@context":"https:\/\/schema.org","@graph":[{"@type":"WebPage","@id":"https:\/\/bls-lang.com\/nl\/nieuws\/","url":"https:\/\/bls-lang.com\/nl\/nieuws\/","name":"Nieuws bij BLS-LANG","isPartOf":{"@id":"https:\/\/bls-lang.com\/nl\/#website"},"datePublished":"2024-07-31T16:59:28+00:00","dateModified":"2025-06-25T15:54:54+00:00","description":"Bedenkingen, getuigenissen, humor, uitleg, nieuws over de wereld van vertalen en tolken","breadcrumb":{"@id":"https:\/\/bls-lang.com\/nl\/nieuws\/#breadcrumb"},"inLanguage":"nl-NL","potentialAction":[{"@type":"ReadAction","target":["https:\/\/bls-lang.com\/nl\/nieuws\/"]}]},{"@type":"BreadcrumbList","@id":"https:\/\/bls-lang.com\/nl\/nieuws\/#breadcrumb","itemListElement":[{"@type":"ListItem","position":1,"name":"Accueil","item":"https:\/\/bls-lang.com\/nl\/"},{"@type":"ListItem","position":2,"name":"Nieuws"}]},{"@type":"WebSite","@id":"https:\/\/bls-lang.com\/nl\/#website","url":"https:\/\/bls-lang.com\/nl\/","name":"BLS agence bureau interpr\u00e8tes traducteurs Bruxelles","description":"Brussels Language Services SRL - service de traduction, interpr\u00e9tation, traducteurs et interpr\u00e8tes pour les particuliers, entreprises, institutions publiques et priv\u00e9es","publisher":{"@id":"https:\/\/bls-lang.com\/nl\/#organization"},"potentialAction":[{"@type":"SearchAction","target":{"@type":"EntryPoint","urlTemplate":"https:\/\/bls-lang.com\/nl\/?s={search_term_string}"},"query-input":{"@type":"PropertyValueSpecification","valueRequired":true,"valueName":"search_term_string"}}],"inLanguage":"nl-NL"},{"@type":"Organization","@id":"https:\/\/bls-lang.com\/nl\/#organization","name":"BLS agence bureau interpr\u00e8tes traducteurs Bruxelles","url":"https:\/\/bls-lang.com\/nl\/","logo":{"@type":"ImageObject","inLanguage":"nl-NL","@id":"https:\/\/bls-lang.com\/nl\/#\/schema\/logo\/image\/","url":"https:\/\/bls-lang.com\/wp-content\/uploads\/2024\/05\/logo-societe-bls-lang-com-brussels-language-services.webp","contentUrl":"https:\/\/bls-lang.com\/wp-content\/uploads\/2024\/05\/logo-societe-bls-lang-com-brussels-language-services.webp","width":1829,"height":920,"caption":"BLS agence bureau interpr\u00e8tes traducteurs Bruxelles"},"image":{"@id":"https:\/\/bls-lang.com\/nl\/#\/schema\/logo\/image\/"},"sameAs":["https:\/\/www.facebook.com\/BrusselsLanguageServices"]}]}},"_links":{"self":[{"href":"https:\/\/bls-lang.com\/nl\/wp-json\/wp\/v2\/pages\/6654","targetHints":{"allow":["GET"]}}],"collection":[{"href":"https:\/\/bls-lang.com\/nl\/wp-json\/wp\/v2\/pages"}],"about":[{"href":"https:\/\/bls-lang.com\/nl\/wp-json\/wp\/v2\/types\/page"}],"author":[{"embeddable":true,"href":"https:\/\/bls-lang.com\/nl\/wp-json\/wp\/v2\/users\/1"}],"replies":[{"embeddable":true,"href":"https:\/\/bls-lang.com\/nl\/wp-json\/wp\/v2\/comments?post=6654"}],"version-history":[{"count":4,"href":"https:\/\/bls-lang.com\/nl\/wp-json\/wp\/v2\/pages\/6654\/revisions"}],"predecessor-version":[{"id":6873,"href":"https:\/\/bls-lang.com\/nl\/wp-json\/wp\/v2\/pages\/6654\/revisions\/6873"}],"wp:attachment":[{"href":"https:\/\/bls-lang.com\/nl\/wp-json\/wp\/v2\/media?parent=6654"}],"curies":[{"name":"wp","href":"https:\/\/api.w.org\/{rel}","templated":true}]}}