{"id":6343,"date":"2025-02-13T18:52:18","date_gmt":"2025-02-13T16:52:18","guid":{"rendered":"https:\/\/bls-lang.com\/?page_id=6343"},"modified":"2025-06-25T17:54:54","modified_gmt":"2025-06-25T15:54:54","slug":"stage-student-vertaling-vertaler","status":"publish","type":"page","link":"https:\/\/bls-lang.com\/nl\/stage-student-vertaling-vertaler\/","title":{"rendered":"Stages"},"content":{"rendered":"\t\t<div data-elementor-type=\"wp-page\" data-elementor-id=\"6343\" class=\"elementor elementor-6343 elementor-6342\" data-elementor-post-type=\"page\">\n\t\t\t\t<div class=\"elementor-element elementor-element-16928c2 e-flex e-con-boxed e-con e-parent\" data-id=\"16928c2\" data-element_type=\"container\" data-e-type=\"container\">\n\t\t\t\t\t<div class=\"e-con-inner\">\n\t\t<div class=\"elementor-element elementor-element-5e71db6 e-con-full e-flex e-con e-child\" data-id=\"5e71db6\" data-element_type=\"container\" data-e-type=\"container\">\n\t\t\t\t<div class=\"elementor-element elementor-element-41a3fbc elementor-widget elementor-widget-heading\" data-id=\"41a3fbc\" data-element_type=\"widget\" data-e-type=\"widget\" data-widget_type=\"heading.default\">\n\t\t\t\t<div class=\"elementor-widget-container\">\n\t\t\t\t\t<h1 class=\"elementor-heading-title elementor-size-default\">Stages<\/h1>\t\t\t\t<\/div>\n\t\t\t\t<\/div>\n\t\t\t\t<div class=\"elementor-element elementor-element-a6928b4 elementor-widget elementor-widget-text-editor\" data-id=\"a6928b4\" data-element_type=\"widget\" data-e-type=\"widget\" data-widget_type=\"text-editor.default\">\n\t\t\t\t<div class=\"elementor-widget-container\">\n\t\t\t\t\t\t\t\t\t<p>Steunend op haar ervaring als docent en haar voortdurende missie om haar kennis door te geven, begon Elisabeth Lequeue stages in vertaling aan te bieden zodra ze in 2000 co\u00f6rdinator van het vertaalbureau BLS werd.<\/p><p><br><\/p>\n<p><\/p>\n<p>Daarom zijn we al jaren elke dag betrokken bij het opleiden van student-vertalers uit de beste scholen in heel Europa, waarbij iedereen &#8211; studenten, intern team, management en klanten &#8211; er voordeel uithaalt. Een echte win-winsituatie: stagiairs, en dus vertalers in opleiding, dragen bij aan de lange en zware taken die bij het nastreven van kwalitatieve vertalingen komen kijken, en krijgen in ruil daarvoor tips &amp; tricks en kennis uit de praktijk over onderwerpen die ze in de lessen bestudeerden, maar nog niet getest hebben in een professionele omgeving, terwijl ze kunnen werken aan een nauwgezette werkhouding.<\/p><p><br><\/p>\n<p>De stage is een essentieel onderdeel van een 5-jarige masteropleiding in Vertaling, een vaardigheid die een enorme hoeveelheid kennis vereist, zowel taalkundig, cultureel, algemeen of technisch, als praktisch. Waar kan u alle aspecten van het vak beter leren dan bij een vertaalbureau: tekstanalyse, voorbereiding van bestanden, tools en software, terminologie, databases, deadlines, briefings enz. Daarbij leert u ook deel uitmaken van een team.<\/p><p><br><\/p>\n<p>De stageperiode is vaak veel te kort (hoewel deze sterk varieert van land tot land en van school tot school) om alle vaardigheden en kneepjes van het vak te leren, de dagelijkse realiteit van het beroep van vertaler te ontdekken en ervaring uit de eerste hand op te doen. Daarom leiden we stages met een zekere welwillendheid alsook een gerichte structuur, in de hoop studenten bewust te maken van de nood aan kwaliteitsvolle eindproducten, het respecteren van deadlines en te voldoen aan de verwachtingen van klanten.<\/p><p><br><\/p>\n<p>Dus als we zo&apos;n getuigenis ontvangen, hebben we het gevoel dat we een deel van onze missie hebben volbracht.<\/p>\t\t\t\t\t\t\t\t<\/div>\n\t\t\t\t<\/div>\n\t\t\t\t<\/div>\n\t\t<div class=\"elementor-element elementor-element-50276e5 e-con-full e-flex e-con e-child\" data-id=\"50276e5\" data-element_type=\"container\" data-e-type=\"container\">\n\t\t\t\t<div class=\"elementor-element elementor-element-ebe0107 elementor-widget elementor-widget-image\" data-id=\"ebe0107\" data-element_type=\"widget\" data-e-type=\"widget\" data-widget_type=\"image.default\">\n\t\t\t\t<div class=\"elementor-widget-container\">\n\t\t\t\t\t\t\t\t\t\t\t\t\t\t\t<img fetchpriority=\"high\" decoding=\"async\" width=\"767\" height=\"431\" src=\"https:\/\/bls-lang.com\/wp-content\/uploads\/2024\/07\/Stage_BLS_LANG_COM.webp\" class=\"attachment-large size-large wp-image-5903\" alt=\"Stagiair bij BLS-LANG\" srcset=\"https:\/\/bls-lang.com\/wp-content\/uploads\/2024\/07\/Stage_BLS_LANG_COM.webp 767w, https:\/\/bls-lang.com\/wp-content\/uploads\/2024\/07\/Stage_BLS_LANG_COM-300x169.webp 300w\" sizes=\"(max-width: 767px) 100vw, 767px\" \/>\t\t\t\t\t\t\t\t\t\t\t\t\t\t\t<\/div>\n\t\t\t\t<\/div>\n\t\t\t\t<div class=\"elementor-element elementor-element-888632d elementor-widget elementor-widget-spacer\" data-id=\"888632d\" data-element_type=\"widget\" data-e-type=\"widget\" data-widget_type=\"spacer.default\">\n\t\t\t\t<div class=\"elementor-widget-container\">\n\t\t\t\t\t\t\t<div class=\"elementor-spacer\">\n\t\t\t<div class=\"elementor-spacer-inner\"><\/div>\n\t\t<\/div>\n\t\t\t\t\t\t<\/div>\n\t\t\t\t<\/div>\n\t\t\t\t<div class=\"elementor-element elementor-element-e78564e elementor-widget elementor-widget-button\" data-id=\"e78564e\" data-element_type=\"widget\" data-e-type=\"widget\" data-widget_type=\"button.default\">\n\t\t\t\t<div class=\"elementor-widget-container\">\n\t\t\t\t\t\t\t\t\t<div class=\"elementor-button-wrapper\">\n\t\t\t\t\t<a class=\"elementor-button elementor-button-link elementor-size-sm elementor-animation-grow\" href=\"https:\/\/bls-lang.com\/nl\/contact-bureau-vertaalbureau-tolkbureau\/\">\n\t\t\t\t\t\t<span class=\"elementor-button-content-wrapper\">\n\t\t\t\t\t\t<span class=\"elementor-button-icon\">\n\t\t\t\t<svg aria-hidden=\"true\" class=\"e-font-icon-svg e-far-handshake\" viewBox=\"0 0 640 512\" xmlns=\"http:\/\/www.w3.org\/2000\/svg\"><path d=\"M519.2 127.9l-47.6-47.6A56.252 56.252 0 0 0 432 64H205.2c-14.8 0-29.1 5.9-39.6 16.3L118 127.9H0v255.7h64c17.6 0 31.8-14.2 31.9-31.7h9.1l84.6 76.4c30.9 25.1 73.8 25.7 105.6 3.8 12.5 10.8 26 15.9 41.1 15.9 18.2 0 35.3-7.4 48.8-24 22.1 8.7 48.2 2.6 64-16.8l26.2-32.3c5.6-6.9 9.1-14.8 10.9-23h57.9c.1 17.5 14.4 31.7 31.9 31.7h64V127.9H519.2zM48 351.6c-8.8 0-16-7.2-16-16s7.2-16 16-16 16 7.2 16 16c0 8.9-7.2 16-16 16zm390-6.9l-26.1 32.2c-2.8 3.4-7.8 4-11.3 1.2l-23.9-19.4-30 36.5c-6 7.3-15 4.8-18 2.4l-36.8-31.5-15.6 19.2c-13.9 17.1-39.2 19.7-55.3 6.6l-97.3-88H96V175.8h41.9l61.7-61.6c2-.8 3.7-1.5 5.7-2.3H262l-38.7 35.5c-29.4 26.9-31.1 72.3-4.4 101.3 14.8 16.2 61.2 41.2 101.5 4.4l8.2-7.5 108.2 87.8c3.4 2.8 3.9 7.9 1.2 11.3zm106-40.8h-69.2c-2.3-2.8-4.9-5.4-7.7-7.7l-102.7-83.4 12.5-11.4c6.5-6 7-16.1 1-22.6L367 167.1c-6-6.5-16.1-6.9-22.6-1l-55.2 50.6c-9.5 8.7-25.7 9.4-34.6 0-9.3-9.9-8.5-25.1 1.2-33.9l65.6-60.1c7.4-6.8 17-10.5 27-10.5l83.7-.2c2.1 0 4.1.8 5.5 2.3l61.7 61.6H544v128zm48 47.7c-8.8 0-16-7.2-16-16s7.2-16 16-16 16 7.2 16 16c0 8.9-7.2 16-16 16z\"><\/path><\/svg>\t\t\t<\/span>\n\t\t\t\t\t\t\t\t\t<span class=\"elementor-button-text\">Klik hier voor een topstage<\/span>\n\t\t\t\t\t<\/span>\n\t\t\t\t\t<\/a>\n\t\t\t\t<\/div>\n\t\t\t\t\t\t\t\t<\/div>\n\t\t\t\t<\/div>\n\t\t\t\t<\/div>\n\t\t\t\t\t<\/div>\n\t\t\t\t<\/div>\n\t\t\t\t<\/div>\n\t\t","protected":false},"excerpt":{"rendered":"<p>We zijn dagelijks bezig met het opleiden van de beste studentvertalers van de beste scholen &#8230;<\/p>\n","protected":false},"author":1,"featured_media":5903,"parent":0,"menu_order":0,"comment_status":"closed","ping_status":"closed","template":"elementor_theme","meta":{"footnotes":""},"class_list":["post-6343","page","type-page","status-publish","has-post-thumbnail","hentry"],"yoast_head":"<!-- This site is optimized with the Yoast SEO Premium plugin v25.8 (Yoast SEO v27.4) - https:\/\/yoast.com\/product\/yoast-seo-premium-wordpress\/ -->\n<title>Stages student vertaling vertaler Belgi\u00eb Brussel<\/title>\n<meta name=\"description\" content=\"Bent u op zoek naar een stageplaats voor studenten in Vertaling bij een gerenommeerd vertaalbureau, onder begeleiding van vriendelijke professionals? Dan kijken we uit naar uw komst \ud83d\ude09\" \/>\n<meta name=\"robots\" content=\"index, follow, max-snippet:-1, max-image-preview:large, max-video-preview:-1\" \/>\n<link rel=\"canonical\" href=\"https:\/\/bls-lang.com\/nl\/stage-student-vertaling-vertaler\/\" \/>\n<meta property=\"og:locale\" content=\"nl_NL\" \/>\n<meta property=\"og:type\" content=\"article\" \/>\n<meta property=\"og:title\" content=\"Stages\" \/>\n<meta property=\"og:description\" content=\"Bent u op zoek naar een stageplaats voor studenten in Vertaling bij een gerenommeerd vertaalbureau, onder begeleiding van vriendelijke professionals? Dan kijken we uit naar uw komst \ud83d\ude09\" \/>\n<meta property=\"og:url\" content=\"https:\/\/bls-lang.com\/nl\/stage-student-vertaling-vertaler\/\" \/>\n<meta property=\"og:site_name\" content=\"BLS agence bureau interpr\u00e8tes traducteurs Bruxelles\" \/>\n<meta property=\"article:publisher\" content=\"https:\/\/www.facebook.com\/BrusselsLanguageServices\" \/>\n<meta property=\"article:modified_time\" content=\"2025-06-25T15:54:54+00:00\" \/>\n<meta property=\"og:image\" content=\"https:\/\/bls-lang.com\/wp-content\/uploads\/2024\/07\/Stage_BLS_LANG_COM.webp\" \/>\n\t<meta property=\"og:image:width\" content=\"767\" \/>\n\t<meta property=\"og:image:height\" content=\"431\" \/>\n\t<meta property=\"og:image:type\" content=\"image\/webp\" \/>\n<meta name=\"twitter:card\" content=\"summary_large_image\" \/>\n<meta name=\"twitter:label1\" content=\"Geschatte leestijd\" \/>\n\t<meta name=\"twitter:data1\" content=\"2 minuten\" \/>\n<script type=\"application\/ld+json\" class=\"yoast-schema-graph\">{\"@context\":\"https:\\\/\\\/schema.org\",\"@graph\":[{\"@type\":\"WebPage\",\"@id\":\"https:\\\/\\\/bls-lang.com\\\/nl\\\/stage-student-vertaling-vertaler\\\/\",\"url\":\"https:\\\/\\\/bls-lang.com\\\/nl\\\/stage-student-vertaling-vertaler\\\/\",\"name\":\"Stages student vertaling vertaler Belgi\u00eb Brussel\",\"isPartOf\":{\"@id\":\"https:\\\/\\\/bls-lang.com\\\/nl\\\/#website\"},\"primaryImageOfPage\":{\"@id\":\"https:\\\/\\\/bls-lang.com\\\/nl\\\/stage-student-vertaling-vertaler\\\/#primaryimage\"},\"image\":{\"@id\":\"https:\\\/\\\/bls-lang.com\\\/nl\\\/stage-student-vertaling-vertaler\\\/#primaryimage\"},\"thumbnailUrl\":\"https:\\\/\\\/bls-lang.com\\\/wp-content\\\/uploads\\\/2024\\\/07\\\/Stage_BLS_LANG_COM.webp\",\"datePublished\":\"2025-02-13T16:52:18+00:00\",\"dateModified\":\"2025-06-25T15:54:54+00:00\",\"description\":\"Bent u op zoek naar een stageplaats voor studenten in Vertaling bij een gerenommeerd vertaalbureau, onder begeleiding van vriendelijke professionals? Dan kijken we uit naar uw komst \ud83d\ude09\",\"breadcrumb\":{\"@id\":\"https:\\\/\\\/bls-lang.com\\\/nl\\\/stage-student-vertaling-vertaler\\\/#breadcrumb\"},\"inLanguage\":\"nl-NL\",\"potentialAction\":[{\"@type\":\"ReadAction\",\"target\":[\"https:\\\/\\\/bls-lang.com\\\/nl\\\/stage-student-vertaling-vertaler\\\/\"]}]},{\"@type\":\"ImageObject\",\"inLanguage\":\"nl-NL\",\"@id\":\"https:\\\/\\\/bls-lang.com\\\/nl\\\/stage-student-vertaling-vertaler\\\/#primaryimage\",\"url\":\"https:\\\/\\\/bls-lang.com\\\/wp-content\\\/uploads\\\/2024\\\/07\\\/Stage_BLS_LANG_COM.webp\",\"contentUrl\":\"https:\\\/\\\/bls-lang.com\\\/wp-content\\\/uploads\\\/2024\\\/07\\\/Stage_BLS_LANG_COM.webp\",\"width\":767,\"height\":431,\"caption\":\"Stage student vertaling BLS-LANG topstage\"},{\"@type\":\"BreadcrumbList\",\"@id\":\"https:\\\/\\\/bls-lang.com\\\/nl\\\/stage-student-vertaling-vertaler\\\/#breadcrumb\",\"itemListElement\":[{\"@type\":\"ListItem\",\"position\":1,\"name\":\"Accueil\",\"item\":\"https:\\\/\\\/bls-lang.com\\\/nl\\\/\"},{\"@type\":\"ListItem\",\"position\":2,\"name\":\"Stages\"}]},{\"@type\":\"WebSite\",\"@id\":\"https:\\\/\\\/bls-lang.com\\\/nl\\\/#website\",\"url\":\"https:\\\/\\\/bls-lang.com\\\/nl\\\/\",\"name\":\"BLS agence bureau interpr\u00e8tes traducteurs Bruxelles\",\"description\":\"Brussels Language Services SRL - service de traduction, interpr\u00e9tation, traducteurs et interpr\u00e8tes pour les particuliers, entreprises, institutions publiques et priv\u00e9es\",\"publisher\":{\"@id\":\"https:\\\/\\\/bls-lang.com\\\/nl\\\/#organization\"},\"potentialAction\":[{\"@type\":\"SearchAction\",\"target\":{\"@type\":\"EntryPoint\",\"urlTemplate\":\"https:\\\/\\\/bls-lang.com\\\/nl\\\/?s={search_term_string}\"},\"query-input\":{\"@type\":\"PropertyValueSpecification\",\"valueRequired\":true,\"valueName\":\"search_term_string\"}}],\"inLanguage\":\"nl-NL\"},{\"@type\":\"Organization\",\"@id\":\"https:\\\/\\\/bls-lang.com\\\/nl\\\/#organization\",\"name\":\"BLS agence bureau interpr\u00e8tes traducteurs Bruxelles\",\"url\":\"https:\\\/\\\/bls-lang.com\\\/nl\\\/\",\"logo\":{\"@type\":\"ImageObject\",\"inLanguage\":\"nl-NL\",\"@id\":\"https:\\\/\\\/bls-lang.com\\\/nl\\\/#\\\/schema\\\/logo\\\/image\\\/\",\"url\":\"https:\\\/\\\/bls-lang.com\\\/wp-content\\\/uploads\\\/2024\\\/05\\\/logo-societe-bls-lang-com-brussels-language-services.webp\",\"contentUrl\":\"https:\\\/\\\/bls-lang.com\\\/wp-content\\\/uploads\\\/2024\\\/05\\\/logo-societe-bls-lang-com-brussels-language-services.webp\",\"width\":1829,\"height\":920,\"caption\":\"BLS agence bureau interpr\u00e8tes traducteurs Bruxelles\"},\"image\":{\"@id\":\"https:\\\/\\\/bls-lang.com\\\/nl\\\/#\\\/schema\\\/logo\\\/image\\\/\"},\"sameAs\":[\"https:\\\/\\\/www.facebook.com\\\/BrusselsLanguageServices\"]}]}<\/script>\n<!-- \/ Yoast SEO Premium plugin. -->","yoast_head_json":{"title":"Stages student vertaling vertaler Belgi\u00eb Brussel","description":"Bent u op zoek naar een stageplaats voor studenten in Vertaling bij een gerenommeerd vertaalbureau, onder begeleiding van vriendelijke professionals? Dan kijken we uit naar uw komst \ud83d\ude09","robots":{"index":"index","follow":"follow","max-snippet":"max-snippet:-1","max-image-preview":"max-image-preview:large","max-video-preview":"max-video-preview:-1"},"canonical":"https:\/\/bls-lang.com\/nl\/stage-student-vertaling-vertaler\/","og_locale":"nl_NL","og_type":"article","og_title":"Stages","og_description":"Bent u op zoek naar een stageplaats voor studenten in Vertaling bij een gerenommeerd vertaalbureau, onder begeleiding van vriendelijke professionals? Dan kijken we uit naar uw komst \ud83d\ude09","og_url":"https:\/\/bls-lang.com\/nl\/stage-student-vertaling-vertaler\/","og_site_name":"BLS agence bureau interpr\u00e8tes traducteurs Bruxelles","article_publisher":"https:\/\/www.facebook.com\/BrusselsLanguageServices","article_modified_time":"2025-06-25T15:54:54+00:00","og_image":[{"width":767,"height":431,"url":"https:\/\/bls-lang.com\/wp-content\/uploads\/2024\/07\/Stage_BLS_LANG_COM.webp","type":"image\/webp"}],"twitter_card":"summary_large_image","twitter_misc":{"Geschatte leestijd":"2 minuten"},"schema":{"@context":"https:\/\/schema.org","@graph":[{"@type":"WebPage","@id":"https:\/\/bls-lang.com\/nl\/stage-student-vertaling-vertaler\/","url":"https:\/\/bls-lang.com\/nl\/stage-student-vertaling-vertaler\/","name":"Stages student vertaling vertaler Belgi\u00eb Brussel","isPartOf":{"@id":"https:\/\/bls-lang.com\/nl\/#website"},"primaryImageOfPage":{"@id":"https:\/\/bls-lang.com\/nl\/stage-student-vertaling-vertaler\/#primaryimage"},"image":{"@id":"https:\/\/bls-lang.com\/nl\/stage-student-vertaling-vertaler\/#primaryimage"},"thumbnailUrl":"https:\/\/bls-lang.com\/wp-content\/uploads\/2024\/07\/Stage_BLS_LANG_COM.webp","datePublished":"2025-02-13T16:52:18+00:00","dateModified":"2025-06-25T15:54:54+00:00","description":"Bent u op zoek naar een stageplaats voor studenten in Vertaling bij een gerenommeerd vertaalbureau, onder begeleiding van vriendelijke professionals? Dan kijken we uit naar uw komst \ud83d\ude09","breadcrumb":{"@id":"https:\/\/bls-lang.com\/nl\/stage-student-vertaling-vertaler\/#breadcrumb"},"inLanguage":"nl-NL","potentialAction":[{"@type":"ReadAction","target":["https:\/\/bls-lang.com\/nl\/stage-student-vertaling-vertaler\/"]}]},{"@type":"ImageObject","inLanguage":"nl-NL","@id":"https:\/\/bls-lang.com\/nl\/stage-student-vertaling-vertaler\/#primaryimage","url":"https:\/\/bls-lang.com\/wp-content\/uploads\/2024\/07\/Stage_BLS_LANG_COM.webp","contentUrl":"https:\/\/bls-lang.com\/wp-content\/uploads\/2024\/07\/Stage_BLS_LANG_COM.webp","width":767,"height":431,"caption":"Stage student vertaling BLS-LANG topstage"},{"@type":"BreadcrumbList","@id":"https:\/\/bls-lang.com\/nl\/stage-student-vertaling-vertaler\/#breadcrumb","itemListElement":[{"@type":"ListItem","position":1,"name":"Accueil","item":"https:\/\/bls-lang.com\/nl\/"},{"@type":"ListItem","position":2,"name":"Stages"}]},{"@type":"WebSite","@id":"https:\/\/bls-lang.com\/nl\/#website","url":"https:\/\/bls-lang.com\/nl\/","name":"BLS agence bureau interpr\u00e8tes traducteurs Bruxelles","description":"Brussels Language Services SRL - service de traduction, interpr\u00e9tation, traducteurs et interpr\u00e8tes pour les particuliers, entreprises, institutions publiques et priv\u00e9es","publisher":{"@id":"https:\/\/bls-lang.com\/nl\/#organization"},"potentialAction":[{"@type":"SearchAction","target":{"@type":"EntryPoint","urlTemplate":"https:\/\/bls-lang.com\/nl\/?s={search_term_string}"},"query-input":{"@type":"PropertyValueSpecification","valueRequired":true,"valueName":"search_term_string"}}],"inLanguage":"nl-NL"},{"@type":"Organization","@id":"https:\/\/bls-lang.com\/nl\/#organization","name":"BLS agence bureau interpr\u00e8tes traducteurs Bruxelles","url":"https:\/\/bls-lang.com\/nl\/","logo":{"@type":"ImageObject","inLanguage":"nl-NL","@id":"https:\/\/bls-lang.com\/nl\/#\/schema\/logo\/image\/","url":"https:\/\/bls-lang.com\/wp-content\/uploads\/2024\/05\/logo-societe-bls-lang-com-brussels-language-services.webp","contentUrl":"https:\/\/bls-lang.com\/wp-content\/uploads\/2024\/05\/logo-societe-bls-lang-com-brussels-language-services.webp","width":1829,"height":920,"caption":"BLS agence bureau interpr\u00e8tes traducteurs Bruxelles"},"image":{"@id":"https:\/\/bls-lang.com\/nl\/#\/schema\/logo\/image\/"},"sameAs":["https:\/\/www.facebook.com\/BrusselsLanguageServices"]}]}},"_links":{"self":[{"href":"https:\/\/bls-lang.com\/nl\/wp-json\/wp\/v2\/pages\/6343","targetHints":{"allow":["GET"]}}],"collection":[{"href":"https:\/\/bls-lang.com\/nl\/wp-json\/wp\/v2\/pages"}],"about":[{"href":"https:\/\/bls-lang.com\/nl\/wp-json\/wp\/v2\/types\/page"}],"author":[{"embeddable":true,"href":"https:\/\/bls-lang.com\/nl\/wp-json\/wp\/v2\/users\/1"}],"replies":[{"embeddable":true,"href":"https:\/\/bls-lang.com\/nl\/wp-json\/wp\/v2\/comments?post=6343"}],"version-history":[{"count":9,"href":"https:\/\/bls-lang.com\/nl\/wp-json\/wp\/v2\/pages\/6343\/revisions"}],"predecessor-version":[{"id":7295,"href":"https:\/\/bls-lang.com\/nl\/wp-json\/wp\/v2\/pages\/6343\/revisions\/7295"}],"wp:featuredmedia":[{"embeddable":true,"href":"https:\/\/bls-lang.com\/nl\/wp-json\/wp\/v2\/media\/5903"}],"wp:attachment":[{"href":"https:\/\/bls-lang.com\/nl\/wp-json\/wp\/v2\/media?parent=6343"}],"curies":[{"name":"wp","href":"https:\/\/api.w.org\/{rel}","templated":true}]}}