{"id":5500,"date":"2024-07-18T19:41:14","date_gmt":"2024-07-18T17:41:14","guid":{"rendered":"https:\/\/bls-lang.com\/privacybeleid-wettelijke-bepalingen\/"},"modified":"2025-06-26T13:01:56","modified_gmt":"2025-06-26T11:01:56","slug":"privacybeleid-wettelijke-bepalingen","status":"publish","type":"page","link":"https:\/\/bls-lang.com\/nl\/privacybeleid-wettelijke-bepalingen\/","title":{"rendered":"Privacybeleid en wettelijke bepalingen"},"content":{"rendered":"\t\t<div data-elementor-type=\"wp-page\" data-elementor-id=\"5500\" class=\"elementor elementor-5500 elementor-5493\" data-elementor-post-type=\"page\">\n\t\t\t\t<div class=\"elementor-element elementor-element-94d0584 e-flex e-con-boxed e-con e-parent\" data-id=\"94d0584\" data-element_type=\"container\" data-e-type=\"container\">\n\t\t\t\t\t<div class=\"e-con-inner\">\n\t\t\t\t<div class=\"elementor-element elementor-element-e935678 elementor-widget elementor-widget-heading\" data-id=\"e935678\" data-element_type=\"widget\" data-e-type=\"widget\" data-widget_type=\"heading.default\">\n\t\t\t\t<div class=\"elementor-widget-container\">\n\t\t\t\t\t<h1 class=\"elementor-heading-title elementor-size-default\">Privacybeleid en wettelijke bepalingen<\/h1>\t\t\t\t<\/div>\n\t\t\t\t<\/div>\n\t\t\t\t<div class=\"elementor-element elementor-element-92b5a48 elementor-widget elementor-widget-text-editor\" data-id=\"92b5a48\" data-element_type=\"widget\" data-e-type=\"widget\" data-widget_type=\"text-editor.default\">\n\t\t\t\t<div class=\"elementor-widget-container\">\n\t\t\t\t\t\t\t\t\t<h1><strong>Privacybeleid<\/strong><\/h1><h1 id=\"h-politique-de-confidentialite-nbsp\" class=\"wp-block-heading\"><span style=\"text-align: var(--text-align); font-size: 1rem;\">Het privacybeleid van het vertaal- en tolkbureau BLS is ontworpen om de privacy van de gebruikers van de website te beschermen. Dat beleid is van toepassing op alle diensten van BLS. BLS respecteert de privacy van alle gebruikers van de website, en ziet toe op een vertrouwelijke verwerking van de persoonsgegevens die gebruikers ons meedelen.<\/span><\/h1><p>De persoonsgegevens die wij van u ontvangen worden door ons bedrijf alleen gebruikt binnen het kader van de wet op de gegevensbescherming. U kunt op onze website informatie vinden zonder dat u uw persoonsgegevens hoeft te verstrekken. Wanneer u onze website bezoekt, blijft u in principe anoniem. De persoonsgegevens die u ons meedeelt, deelt u ons vrijwillig mee, bijvoorbeeld wanneer u het contactformulier gebruikt.<\/p><p>Die persoonsgegevens kunnen het volgende omvatten:<\/p><p>Voornaam en naam<\/p><p>Adres<\/p><p>E-mailadres<\/p><p>Telefoonnummer<\/p><p>Functie<\/p><p>Uw telefoonnummer wordt alleen gebruikt om u terug te bellen. Wij hebben uw e-mailadres nodig om met u te kunnen communiceren (bijvoorbeeld voor bijkomende informatie, offertes of referenties).<\/p><p>Als wij uw gegevens gebruiken voor een doel dat volgens de wettelijke bepalingen uw toestemming vereist, zullen wij u uitdrukkelijk om uw toestemming vragen. Uiteraard kunt u een gegeven toestemming te allen tijde intrekken en\/of bezwaar maken tegen elk ander gebruik. De wet bepaalt dat wij de toestemming hebben om de gegevens te gebruiken voor reclamedoeleinden, voor marktonderzoek en om onze diensten te verbeteren en voor gebruikersprofielen onder een pseudoniem. Maar dat gebeurt alleen als u geen gebruik hebt gemaakt van uw recht om dat gebruik van uw gegevens te weigeren.<\/p><p>Voor sommige van onze diensten kunnen wij cookies gebruiken. Cookies zijn kleine gegevensbestanden die uw internetbrowser op uw computer opslaat. Cookies kunnen informatie opslaan over uw bezoek(en) aan onze website. De meeste browsers zijn standaard ingesteld om cookies te aanvaarden. U kunt uw browser echter zo instellen dat cookies worden geweigerd of dat vooraf om bevestiging wordt gevraagd. Het weigeren van cookies kan er echter toe leiden dat sommige functies op onze website niet werken.<\/p><p>Deze website maakt gebruik van Google Analytics, een reclame-analysedienst van Google Inc. (\u201cGoogle\u201d). Google Analytics maakt gebruik van cookies. De door cookies gegenereerde informatie over uw gebruik van deze website (met inbegrip van uw IP-adres) wordt meegedeeld aan een server van Google in de Verenigde Staten en er opgeslagen. Google gebruikt deze informatie om uw gebruik van de website te evalueren, om rapporten over de activiteiten op de website op te stellen voor de websitebeheerders en voor andere diensten die verbonden zijn aan het gebruik van de website en internet. In sommige gevallen geeft Google deze informatie door aan derden, mits dat wettelijk is voorgeschreven of indien de derde in kwestie de gegevens in opdracht van Google verwerkt. Google zal uw IP-adres in geen geval combineren met andere gegevens waarover Google beschikt. U kunt de installatie van cookies voorkomen door de desbetreffende instelling te kiezen in uw browser. Wij wijzen u er echter op dat u in dat geval niet optimaal gebruik zult kunnen maken van alle functies van deze website. Door gebruik te maken van deze website geeft u toestemming voor de verwerking van de over u verzamelde gegevens door Google op de wijze en voor de doeleinden zoals hiervoor omschreven.<\/p><p>Zonder de uitdrukkelijke toestemming van de betrokkene worden de door elektronische traceertechnologie\u00ebn verzamelde gegevens niet gebruikt om de bezoeker van de website persoonlijk te identificeren, noch in verband gebracht met de persoonsgegevens van de houder van het pseudoniem. U kunt te allen tijde bezwaar maken tegen de verwerking en opslag van gegevens.<\/p><p>U hebt te allen tijde het recht de over u opgeslagen persoonsgegevens te raadplegen, te corrigeren, aan te vullen of te verwijderen.Brussel, januari 2023.<\/p><h2 id=\"h-mentions-legales\" class=\"wp-block-heading\">Wettelijke bepalingen<\/h2><p><em>Waar u ons kunt vinden:<\/em><\/p><p>Hamerstraat 8 &#8211; 1210 Brussel<\/p><p><em>Stuur ons een e-mail:<\/em><\/p><p><a href=\"mailto:trad@bls-lang.com\">trad@bls-lang.com<\/a><\/p><p><em>Neem telefonisch contact met ons op:<\/em><\/p><p><a href=\"http:\/\/tel:+3222235154\">Tel.: +32 (0)223 51 54<\/a><\/p><p><\/p><p>Alle rechten voorbehouden &#8211; BLS SRL<\/p>\t\t\t\t\t\t\t\t<\/div>\n\t\t\t\t<\/div>\n\t\t\t\t\t<\/div>\n\t\t\t\t<\/div>\n\t\t\t\t<\/div>\n\t\t","protected":false},"excerpt":{"rendered":"<p>Privacybeleid en wettelijke bepalingen Privacybeleid Het privacybeleid van het vertaal- en tolkbureau BLS is ontworpen om de privacy van de gebruikers van de website te beschermen. Dat beleid is van toepassing op alle diensten van BLS. BLS respecteert de privacy van alle gebruikers van de website, en ziet toe op een vertrouwelijke verwerking van de [&hellip;]<\/p>\n","protected":false},"author":1,"featured_media":0,"parent":0,"menu_order":0,"comment_status":"closed","ping_status":"closed","template":"","meta":{"footnotes":""},"class_list":["post-5500","page","type-page","status-publish","hentry"],"yoast_head":"<!-- This site is optimized with the Yoast SEO Premium plugin v25.8 (Yoast SEO v27.3) - https:\/\/yoast.com\/product\/yoast-seo-premium-wordpress\/ -->\n<title>Privacybeleid en wettelijke bepalingen - BLS agence bureau interpr\u00e8tes traducteurs Bruxelles<\/title>\n<meta name=\"robots\" content=\"index, follow, max-snippet:-1, max-image-preview:large, max-video-preview:-1\" \/>\n<link rel=\"canonical\" href=\"https:\/\/bls-lang.com\/nl\/privacybeleid-wettelijke-bepalingen\/\" \/>\n<meta property=\"og:locale\" content=\"nl_NL\" \/>\n<meta property=\"og:type\" content=\"article\" \/>\n<meta property=\"og:title\" content=\"Privacybeleid en wettelijke bepalingen\" \/>\n<meta property=\"og:description\" content=\"Privacybeleid en wettelijke bepalingen Privacybeleid Het privacybeleid van het vertaal- en tolkbureau BLS is ontworpen om de privacy van de gebruikers van de website te beschermen. Dat beleid is van toepassing op alle diensten van BLS. BLS respecteert de privacy van alle gebruikers van de website, en ziet toe op een vertrouwelijke verwerking van de [&hellip;]\" \/>\n<meta property=\"og:url\" content=\"https:\/\/bls-lang.com\/nl\/privacybeleid-wettelijke-bepalingen\/\" \/>\n<meta property=\"og:site_name\" content=\"BLS agence bureau interpr\u00e8tes traducteurs Bruxelles\" \/>\n<meta property=\"article:publisher\" content=\"https:\/\/www.facebook.com\/BrusselsLanguageServices\" \/>\n<meta property=\"article:modified_time\" content=\"2025-06-26T11:01:56+00:00\" \/>\n<meta property=\"og:image\" content=\"https:\/\/bls-lang.com\/wp-content\/uploads\/2024\/07\/logo-societe-bls-lang-com-brussels-language-services-yoast.webp\" \/>\n\t<meta property=\"og:image:width\" content=\"1150\" \/>\n\t<meta property=\"og:image:height\" content=\"579\" \/>\n\t<meta property=\"og:image:type\" content=\"image\/webp\" \/>\n<meta name=\"twitter:card\" content=\"summary_large_image\" \/>\n<meta name=\"twitter:label1\" content=\"Geschatte leestijd\" \/>\n\t<meta name=\"twitter:data1\" content=\"4 minuten\" \/>\n<script type=\"application\/ld+json\" class=\"yoast-schema-graph\">{\"@context\":\"https:\\\/\\\/schema.org\",\"@graph\":[{\"@type\":\"WebPage\",\"@id\":\"https:\\\/\\\/bls-lang.com\\\/nl\\\/privacybeleid-wettelijke-bepalingen\\\/\",\"url\":\"https:\\\/\\\/bls-lang.com\\\/nl\\\/privacybeleid-wettelijke-bepalingen\\\/\",\"name\":\"Privacybeleid en wettelijke bepalingen - BLS agence bureau interpr\u00e8tes traducteurs Bruxelles\",\"isPartOf\":{\"@id\":\"https:\\\/\\\/bls-lang.com\\\/nl\\\/#website\"},\"datePublished\":\"2024-07-18T17:41:14+00:00\",\"dateModified\":\"2025-06-26T11:01:56+00:00\",\"breadcrumb\":{\"@id\":\"https:\\\/\\\/bls-lang.com\\\/nl\\\/privacybeleid-wettelijke-bepalingen\\\/#breadcrumb\"},\"inLanguage\":\"nl-NL\",\"potentialAction\":[{\"@type\":\"ReadAction\",\"target\":[\"https:\\\/\\\/bls-lang.com\\\/nl\\\/privacybeleid-wettelijke-bepalingen\\\/\"]}]},{\"@type\":\"BreadcrumbList\",\"@id\":\"https:\\\/\\\/bls-lang.com\\\/nl\\\/privacybeleid-wettelijke-bepalingen\\\/#breadcrumb\",\"itemListElement\":[{\"@type\":\"ListItem\",\"position\":1,\"name\":\"Accueil\",\"item\":\"https:\\\/\\\/bls-lang.com\\\/nl\\\/\"},{\"@type\":\"ListItem\",\"position\":2,\"name\":\"Privacybeleid en wettelijke bepalingen\"}]},{\"@type\":\"WebSite\",\"@id\":\"https:\\\/\\\/bls-lang.com\\\/nl\\\/#website\",\"url\":\"https:\\\/\\\/bls-lang.com\\\/nl\\\/\",\"name\":\"BLS agence bureau interpr\u00e8tes traducteurs Bruxelles\",\"description\":\"Brussels Language Services SRL - service de traduction, interpr\u00e9tation, traducteurs et interpr\u00e8tes pour les particuliers, entreprises, institutions publiques et priv\u00e9es\",\"publisher\":{\"@id\":\"https:\\\/\\\/bls-lang.com\\\/nl\\\/#organization\"},\"potentialAction\":[{\"@type\":\"SearchAction\",\"target\":{\"@type\":\"EntryPoint\",\"urlTemplate\":\"https:\\\/\\\/bls-lang.com\\\/nl\\\/?s={search_term_string}\"},\"query-input\":{\"@type\":\"PropertyValueSpecification\",\"valueRequired\":true,\"valueName\":\"search_term_string\"}}],\"inLanguage\":\"nl-NL\"},{\"@type\":\"Organization\",\"@id\":\"https:\\\/\\\/bls-lang.com\\\/nl\\\/#organization\",\"name\":\"BLS agence bureau interpr\u00e8tes traducteurs Bruxelles\",\"url\":\"https:\\\/\\\/bls-lang.com\\\/nl\\\/\",\"logo\":{\"@type\":\"ImageObject\",\"inLanguage\":\"nl-NL\",\"@id\":\"https:\\\/\\\/bls-lang.com\\\/nl\\\/#\\\/schema\\\/logo\\\/image\\\/\",\"url\":\"https:\\\/\\\/bls-lang.com\\\/wp-content\\\/uploads\\\/2024\\\/05\\\/logo-societe-bls-lang-com-brussels-language-services.webp\",\"contentUrl\":\"https:\\\/\\\/bls-lang.com\\\/wp-content\\\/uploads\\\/2024\\\/05\\\/logo-societe-bls-lang-com-brussels-language-services.webp\",\"width\":1829,\"height\":920,\"caption\":\"BLS agence bureau interpr\u00e8tes traducteurs Bruxelles\"},\"image\":{\"@id\":\"https:\\\/\\\/bls-lang.com\\\/nl\\\/#\\\/schema\\\/logo\\\/image\\\/\"},\"sameAs\":[\"https:\\\/\\\/www.facebook.com\\\/BrusselsLanguageServices\"]}]}<\/script>\n<!-- \/ Yoast SEO Premium plugin. -->","yoast_head_json":{"title":"Privacybeleid en wettelijke bepalingen - BLS agence bureau interpr\u00e8tes traducteurs Bruxelles","robots":{"index":"index","follow":"follow","max-snippet":"max-snippet:-1","max-image-preview":"max-image-preview:large","max-video-preview":"max-video-preview:-1"},"canonical":"https:\/\/bls-lang.com\/nl\/privacybeleid-wettelijke-bepalingen\/","og_locale":"nl_NL","og_type":"article","og_title":"Privacybeleid en wettelijke bepalingen","og_description":"Privacybeleid en wettelijke bepalingen Privacybeleid Het privacybeleid van het vertaal- en tolkbureau BLS is ontworpen om de privacy van de gebruikers van de website te beschermen. Dat beleid is van toepassing op alle diensten van BLS. BLS respecteert de privacy van alle gebruikers van de website, en ziet toe op een vertrouwelijke verwerking van de [&hellip;]","og_url":"https:\/\/bls-lang.com\/nl\/privacybeleid-wettelijke-bepalingen\/","og_site_name":"BLS agence bureau interpr\u00e8tes traducteurs Bruxelles","article_publisher":"https:\/\/www.facebook.com\/BrusselsLanguageServices","article_modified_time":"2025-06-26T11:01:56+00:00","og_image":[{"width":1150,"height":579,"url":"https:\/\/bls-lang.com\/wp-content\/uploads\/2024\/07\/logo-societe-bls-lang-com-brussels-language-services-yoast.webp","type":"image\/webp"}],"twitter_card":"summary_large_image","twitter_misc":{"Geschatte leestijd":"4 minuten"},"schema":{"@context":"https:\/\/schema.org","@graph":[{"@type":"WebPage","@id":"https:\/\/bls-lang.com\/nl\/privacybeleid-wettelijke-bepalingen\/","url":"https:\/\/bls-lang.com\/nl\/privacybeleid-wettelijke-bepalingen\/","name":"Privacybeleid en wettelijke bepalingen - BLS agence bureau interpr\u00e8tes traducteurs Bruxelles","isPartOf":{"@id":"https:\/\/bls-lang.com\/nl\/#website"},"datePublished":"2024-07-18T17:41:14+00:00","dateModified":"2025-06-26T11:01:56+00:00","breadcrumb":{"@id":"https:\/\/bls-lang.com\/nl\/privacybeleid-wettelijke-bepalingen\/#breadcrumb"},"inLanguage":"nl-NL","potentialAction":[{"@type":"ReadAction","target":["https:\/\/bls-lang.com\/nl\/privacybeleid-wettelijke-bepalingen\/"]}]},{"@type":"BreadcrumbList","@id":"https:\/\/bls-lang.com\/nl\/privacybeleid-wettelijke-bepalingen\/#breadcrumb","itemListElement":[{"@type":"ListItem","position":1,"name":"Accueil","item":"https:\/\/bls-lang.com\/nl\/"},{"@type":"ListItem","position":2,"name":"Privacybeleid en wettelijke bepalingen"}]},{"@type":"WebSite","@id":"https:\/\/bls-lang.com\/nl\/#website","url":"https:\/\/bls-lang.com\/nl\/","name":"BLS agence bureau interpr\u00e8tes traducteurs Bruxelles","description":"Brussels Language Services SRL - service de traduction, interpr\u00e9tation, traducteurs et interpr\u00e8tes pour les particuliers, entreprises, institutions publiques et priv\u00e9es","publisher":{"@id":"https:\/\/bls-lang.com\/nl\/#organization"},"potentialAction":[{"@type":"SearchAction","target":{"@type":"EntryPoint","urlTemplate":"https:\/\/bls-lang.com\/nl\/?s={search_term_string}"},"query-input":{"@type":"PropertyValueSpecification","valueRequired":true,"valueName":"search_term_string"}}],"inLanguage":"nl-NL"},{"@type":"Organization","@id":"https:\/\/bls-lang.com\/nl\/#organization","name":"BLS agence bureau interpr\u00e8tes traducteurs Bruxelles","url":"https:\/\/bls-lang.com\/nl\/","logo":{"@type":"ImageObject","inLanguage":"nl-NL","@id":"https:\/\/bls-lang.com\/nl\/#\/schema\/logo\/image\/","url":"https:\/\/bls-lang.com\/wp-content\/uploads\/2024\/05\/logo-societe-bls-lang-com-brussels-language-services.webp","contentUrl":"https:\/\/bls-lang.com\/wp-content\/uploads\/2024\/05\/logo-societe-bls-lang-com-brussels-language-services.webp","width":1829,"height":920,"caption":"BLS agence bureau interpr\u00e8tes traducteurs Bruxelles"},"image":{"@id":"https:\/\/bls-lang.com\/nl\/#\/schema\/logo\/image\/"},"sameAs":["https:\/\/www.facebook.com\/BrusselsLanguageServices"]}]}},"_links":{"self":[{"href":"https:\/\/bls-lang.com\/nl\/wp-json\/wp\/v2\/pages\/5500","targetHints":{"allow":["GET"]}}],"collection":[{"href":"https:\/\/bls-lang.com\/nl\/wp-json\/wp\/v2\/pages"}],"about":[{"href":"https:\/\/bls-lang.com\/nl\/wp-json\/wp\/v2\/types\/page"}],"author":[{"embeddable":true,"href":"https:\/\/bls-lang.com\/nl\/wp-json\/wp\/v2\/users\/1"}],"replies":[{"embeddable":true,"href":"https:\/\/bls-lang.com\/nl\/wp-json\/wp\/v2\/comments?post=5500"}],"version-history":[{"count":8,"href":"https:\/\/bls-lang.com\/nl\/wp-json\/wp\/v2\/pages\/5500\/revisions"}],"predecessor-version":[{"id":7422,"href":"https:\/\/bls-lang.com\/nl\/wp-json\/wp\/v2\/pages\/5500\/revisions\/7422"}],"wp:attachment":[{"href":"https:\/\/bls-lang.com\/nl\/wp-json\/wp\/v2\/media?parent=5500"}],"curies":[{"name":"wp","href":"https:\/\/api.w.org\/{rel}","templated":true}]}}