{"id":5137,"date":"2024-07-08T08:58:53","date_gmt":"2024-07-08T06:58:53","guid":{"rendered":"https:\/\/bls-lang.com\/werkwijze\/"},"modified":"2025-06-25T18:32:02","modified_gmt":"2025-06-25T16:32:02","slug":"werkwijze","status":"publish","type":"page","link":"https:\/\/bls-lang.com\/nl\/werkwijze\/","title":{"rendered":"Werkwijze"},"content":{"rendered":"\t\t<div data-elementor-type=\"wp-page\" data-elementor-id=\"5137\" class=\"elementor elementor-5137 elementor-5124\" data-elementor-post-type=\"page\">\n\t\t\t\t<div class=\"elementor-element elementor-element-47073dd4 e-con-full e-flex e-con e-parent\" data-id=\"47073dd4\" data-element_type=\"container\" data-e-type=\"container\">\n\t\t\t\t<div class=\"elementor-element elementor-element-dc8de29 elementor-widget elementor-widget-heading\" data-id=\"dc8de29\" data-element_type=\"widget\" data-e-type=\"widget\" data-widget_type=\"heading.default\">\n\t\t\t\t<div class=\"elementor-widget-container\">\n\t\t\t\t\t<h2 class=\"elementor-heading-title elementor-size-default\">Werkwijze<\/h2>\t\t\t\t<\/div>\n\t\t\t\t<\/div>\n\t\t\t\t<div class=\"elementor-element elementor-element-523eb607 elementor-widget__width-initial elementor--h-position-center elementor--v-position-middle elementor-arrows-position-inside elementor-pagination-position-inside elementor-widget elementor-widget-slides\" data-id=\"523eb607\" data-element_type=\"widget\" data-e-type=\"widget\" data-settings=\"{&quot;autoplay_speed&quot;:8000,&quot;navigation&quot;:&quot;both&quot;,&quot;autoplay&quot;:&quot;yes&quot;,&quot;pause_on_hover&quot;:&quot;yes&quot;,&quot;pause_on_interaction&quot;:&quot;yes&quot;,&quot;infinite&quot;:&quot;yes&quot;,&quot;transition&quot;:&quot;slide&quot;,&quot;transition_speed&quot;:500}\" data-widget_type=\"slides.default\">\n\t\t\t\t<div class=\"elementor-widget-container\">\n\t\t\t\t\t\t\t\t\t<div class=\"elementor-swiper\">\n\t\t\t\t\t<div class=\"elementor-slides-wrapper elementor-main-swiper swiper\" role=\"region\" aria-roledescription=\"carousel\" aria-label=\"Diapositives\" dir=\"ltr\" data-animation=\"\">\n\t\t\t\t<div class=\"swiper-wrapper elementor-slides\">\n\t\t\t\t\t\t\t\t\t\t<div class=\"elementor-repeater-item-b9246ca swiper-slide\" role=\"group\" aria-roledescription=\"slide\"><div class=\"swiper-slide-bg\"><\/div><a class=\"swiper-slide-inner\" href=\"https:\/\/bls-lang.com\/nl\/contact-bureau-vertaalbureau-tolkbureau\/\"><div class=\"swiper-slide-contents\"><div class=\"elementor-slide-heading\"><center>Ons intern team<\/div><div class=\"elementor-slide-description\"><p>Ons team is allereerst verantwoordelijk voor het beheer van uw projecten, en dat dankzij de zorg van onze project managers.Ons intern team heeft als taak het nalezen en de kwaliteitscontrole van de vertalingen van onze medewerkers.Bij deze kwaliteitscontrole wordt zowel aandacht besteed aan het taalkundige aspect als aan het naleven van de richtlijnen van uw project.                     <\/p>\n<\/div><div  class=\"elementor-button elementor-slide-button elementor-size-sm\">Ik vertrouw mijn project toe aan BLS<\/div><\/div><\/a><\/div><div class=\"elementor-repeater-item-6903c7e swiper-slide\" role=\"group\" aria-roledescription=\"slide\"><div class=\"swiper-slide-bg\"><\/div><a class=\"swiper-slide-inner\" href=\"https:\/\/bls-lang.com\/nl\/contact-bureau-vertaalbureau-tolkbureau\/\"><div class=\"swiper-slide-contents\"><div class=\"elementor-slide-heading\"><center>Analyse van de bestelling<\/div><div class=\"elementor-slide-description\"><p>Elke bestelling is anders.U bent geen klant zoals alle andere: een bedrijf kan zijn eigen voorwaarden en richtlijnen hebben waarmee in elke fase van het vertaalproces rekening moet worden gehouden.Deadline, terminologie, referentiedocumenten, hulpmiddelen \u2026 De te gebruiken middelen kunnen sterk verschillen naargelang het type document dat moet worden vertaald.<\/p>\n<\/div><div  class=\"elementor-button elementor-slide-button elementor-size-sm\">Ik vertrouw mijn project toe aan BLS<\/div><\/div><\/a><\/div><div class=\"elementor-repeater-item-80aab4a swiper-slide\" role=\"group\" aria-roledescription=\"slide\"><div class=\"swiper-slide-bg\"><\/div><a class=\"swiper-slide-inner\" href=\"https:\/\/bls-lang.com\/nl\/contact-bureau-vertaalbureau-tolkbureau\/\"><div class=\"swiper-slide-contents\"><div class=\"elementor-slide-heading\"><center>Terminologie<\/div><div class=\"elementor-slide-description\"><p>Het opzoeken, bijhouden en recupereren van terminologie maakt deel uit van onze vakkennis. Zo stellen wij terminologische databanken samen, eigen aan onze klanten en naargelang het domein waartoe de tekst behoort.<br \/>\nDeze terminologielijsten worden aangevuld op basis van regelmatige samenwerking met onze klanten of in het kader van specifieke projecten. Deze databanken worden opgebouwd met nauwkeurig opzoekwerk, de vorige vertalingen, terminologielijsten voorzien door onze klanten ... Natuurlijk vragen wij onze klanten de terminologiedatabank die voor hen wordt opgebouwd, goed te keuren.<\/p>\n<p>Een goed bijgehouden terminologiedatabank biedt verschillende voordelen: kortere vertaal- en opzoektermijnen, het gebruik van dezelfde terminologie voor een specifieke klant of domein, samenhang tussen de verschillende vertalingen en zelfs tussen de verschillende vertalers.<\/p>\n<p>Onze databanken voor onze klanten en voor de verschillende domeinen bevatten momenteel meer dan 150.000 gespecialiseerde termen, die elektronisch kunnen worden gebruikt op basis van filters en klasses waarin ze zijn ingedeeld.<\/p>\n<\/div><div  class=\"elementor-button elementor-slide-button elementor-size-sm\">Ik vertrouw mijn project toe aan BLS<\/div><\/div><\/a><\/div><div class=\"elementor-repeater-item-a38e37b swiper-slide\" role=\"group\" aria-roledescription=\"slide\"><div class=\"swiper-slide-bg\"><\/div><a class=\"swiper-slide-inner\" href=\"https:\/\/bls-lang.com\/nl\/contact-bureau-vertaalbureau-tolkbureau\/\"><div class=\"swiper-slide-contents\"><div class=\"elementor-slide-heading\"><center>Tools<\/div><div class=\"elementor-slide-description\"><p>Elk project wordt bestudeerd uit informaticaoogpunt naargelang de eisen van de klant en de specifieke eigenschappen van elke tekst.<\/p>\n<p>Het is de bedoeling te bepalen welke tool het meest geschikt is voor het vertaalproject in kwestie: een interne terminologiedatabank, de terminologie van de klant, een &quot;voorvertaling&quot; aan de hand van een tool voor computerondersteunde vertaling, een volledig ondersteunde vertaling.<\/p>\n<\/div><div  class=\"elementor-button elementor-slide-button elementor-size-sm\">Ik vertrouw mijn project toe aan BLS<\/div><\/div><\/a><\/div><div class=\"elementor-repeater-item-9279590 swiper-slide\" role=\"group\" aria-roledescription=\"slide\"><div class=\"swiper-slide-bg\"><\/div><a class=\"swiper-slide-inner\" href=\"https:\/\/bls-lang.com\/nl\/contact-bureau-vertaalbureau-tolkbureau\/\"><div class=\"swiper-slide-contents\"><div class=\"elementor-slide-heading\"><center>Medewerkers<\/div><div class=\"elementor-slide-description\"><p>Voor de keuze van de juiste vertaler is een volledige en goed georganiseerde databank met onze contacten onontbeerlijk. Dag na dag werken we eraan.<\/p>\n<p>Dankzij het dagelijks bijwerken van deze databanken en de lange ervaring van ons bureau, dat voortdurend gericht en volgens strenge eisen aanwerft, hebben wij een professioneel en internationaal vertalersbestand verworven.<\/p>\n<p>We werken wereldwijd met gespecialiseerde vertalers die in hun moedertaal werken.<\/p>\n<p>Wij stellen u tolken ter beschikking die actief bijdragen aan een geslaagd evenement.<\/p>\n<\/div><div  class=\"elementor-button elementor-slide-button elementor-size-sm\">Ik vertrouw mijn project toe aan BLS<\/div><\/div><\/a><\/div><div class=\"elementor-repeater-item-dd5c71d swiper-slide\" role=\"group\" aria-roledescription=\"slide\"><div class=\"swiper-slide-bg\"><\/div><a class=\"swiper-slide-inner\" href=\"https:\/\/bls-lang.com\/nl\/contact-bureau-vertaalbureau-tolkbureau\/\"><div class=\"swiper-slide-contents\"><div class=\"elementor-slide-heading\"><center>Dubbele controle<\/div><div class=\"elementor-slide-description\"><p>De revisie staat garant voor de kwaliteit van de vertaling. Elke plichtsbewuste vertaler leest uiteraard zijn vertaling na alvorens hij ze aflevert. Het is echter bewezen dat een tweede, grondige keer nalezen door een revisor die niet door de brontekst is be\u00efnvloed en anderzijds niet door zijn eigen vertaling is verblind, essentieel is om tot een kwalitatieve vertaling te komen.<\/p>\n<p>Bij BLS staan we erop om elke tekst die in een Europese taal wordt vertaald systematisch te reviseren.<\/p>\n<p>Elke correctie die bij deze revisie aan een vertaling wordt aangebracht, wordt ook aan de vertaler gemeld, met het oog op toekomstige vertalingen van nog betere kwaliteit. Bij eventuele twijfelgevallen worden het nodige opzoekwerk gedaan.<\/p>\n<\/div><div  class=\"elementor-button elementor-slide-button elementor-size-sm\">Ik vertrouw mijn project toe aan BLS<\/div><\/div><\/a><\/div><div class=\"elementor-repeater-item-c3c9011 swiper-slide\" role=\"group\" aria-roledescription=\"slide\"><div class=\"swiper-slide-bg\"><\/div><a class=\"swiper-slide-inner\" href=\"https:\/\/bls-lang.com\/nl\/contact-bureau-vertaalbureau-tolkbureau\/\"><div class=\"swiper-slide-contents\"><div class=\"elementor-slide-heading\"><center>Nagekomen beloftes<\/div><div class=\"elementor-slide-description\"><p>Aandacht voor de voorwaarden en eisen van onze klanten maakt integraal deel uit van het kwaliteitsproces dat wij onszelf opleggen. Om deze reden bieden wij u een persoonlijke aanpak aan: u hebt slechts \u00e9\u00e9n contactpersoon, die garant zal staan voor de kwaliteit van het gevraagde werk.<\/p>\n<p>U kan de teksten ter vertaling aanleveren in alle courante formaten (Word, Excel, PowerPoint, InDesign, CorelDraw, html, xml enz.). Wij sturen uw vertaling in hetzelfde formaat terug.<\/p>\n<\/div><div  class=\"elementor-button elementor-slide-button elementor-size-sm\">Ik vertrouw mijn project toe aan BLS<\/div><\/div><\/a><\/div><div class=\"elementor-repeater-item-600138f swiper-slide\" role=\"group\" aria-roledescription=\"slide\"><div class=\"swiper-slide-bg\"><\/div><a class=\"swiper-slide-inner\" href=\"https:\/\/bls-lang.com\/nl\/contact-bureau-vertaalbureau-tolkbureau\/\"><div class=\"swiper-slide-contents\"><div class=\"elementor-slide-heading\"><center>Gecertificeerde kwaliteit<\/div><div class=\"elementor-slide-description\"><p>Onze methodologie, procedures en processen worden elke dag streng op hun waarde getest.<\/p>\n<p>Deze expertise wordt dagelijks gecontroleerd, met de nadruk op voortdurende verbetering en communicatie tussen de verschillende betrokken partijen.<\/p>\n<\/div><div  class=\"elementor-button elementor-slide-button elementor-size-sm\">Ik vertrouw mijn project toe aan BLS<\/div><\/div><\/a><\/div>\t\t\t\t<\/div>\n\t\t\t\t\t\t\t\t\t\t\t\t\t\t\t<div class=\"elementor-swiper-button elementor-swiper-button-prev\" role=\"button\" tabindex=\"0\" aria-label=\"Vorige slide\">\n\t\t\t\t\t\t\t<svg aria-hidden=\"true\" class=\"e-font-icon-svg e-eicon-chevron-left\" viewBox=\"0 0 1000 1000\" xmlns=\"http:\/\/www.w3.org\/2000\/svg\"><path d=\"M646 125C629 125 613 133 604 142L308 442C296 454 292 471 292 487 292 504 296 521 308 533L604 854C617 867 629 875 646 875 663 875 679 871 692 858 704 846 713 829 713 812 713 796 708 779 692 767L438 487 692 225C700 217 708 204 708 187 708 171 704 154 692 142 675 129 663 125 646 125Z\"><\/path><\/svg>\t\t\t\t\t\t<\/div>\n\t\t\t\t\t\t<div class=\"elementor-swiper-button elementor-swiper-button-next\" role=\"button\" tabindex=\"0\" aria-label=\"Volgende slide\">\n\t\t\t\t\t\t\t<svg aria-hidden=\"true\" class=\"e-font-icon-svg e-eicon-chevron-right\" viewBox=\"0 0 1000 1000\" xmlns=\"http:\/\/www.w3.org\/2000\/svg\"><path d=\"M696 533C708 521 713 504 713 487 713 471 708 454 696 446L400 146C388 133 375 125 354 125 338 125 325 129 313 142 300 154 292 171 292 187 292 204 296 221 308 233L563 492 304 771C292 783 288 800 288 817 288 833 296 850 308 863 321 871 338 875 354 875 371 875 388 867 400 854L696 533Z\"><\/path><\/svg>\t\t\t\t\t\t<\/div>\n\t\t\t\t\t\t\t\t\t\t\t\t\t\t\t\t<div class=\"swiper-pagination\"><\/div>\n\t\t\t\t\t\t\t\t\t\t\t\t<\/div>\n\t\t\t\t<\/div>\n\t\t\t\t\t\t\t\t<\/div>\n\t\t\t\t<\/div>\n\t\t\t\t<\/div>\n\t\t\t\t<\/div>\n\t\t","protected":false},"excerpt":{"rendered":"<p>Werkwijze Ons intern team Ons team is allereerst verantwoordelijk voor het beheer van uw projecten, en dat dankzij de zorg van onze project managers.Ons intern team heeft als taak het nalezen en de kwaliteitscontrole van de vertalingen van onze medewerkers.Bij deze kwaliteitscontrole wordt zowel aandacht besteed aan het taalkundige aspect als aan het naleven van [&hellip;]<\/p>\n","protected":false},"author":1,"featured_media":0,"parent":0,"menu_order":0,"comment_status":"closed","ping_status":"closed","template":"","meta":{"footnotes":""},"class_list":["post-5137","page","type-page","status-publish","hentry"],"yoast_head":"<!-- This site is optimized with the Yoast SEO Premium plugin v25.8 (Yoast SEO v27.5) - https:\/\/yoast.com\/product\/yoast-seo-premium-wordpress\/ -->\n<title>Werkwijze - BLS agence bureau interpr\u00e8tes traducteurs Bruxelles<\/title>\n<meta name=\"robots\" content=\"index, follow, max-snippet:-1, max-image-preview:large, max-video-preview:-1\" \/>\n<link rel=\"canonical\" href=\"https:\/\/bls-lang.com\/nl\/werkwijze\/\" \/>\n<meta property=\"og:locale\" content=\"nl_NL\" \/>\n<meta property=\"og:type\" content=\"article\" \/>\n<meta property=\"og:title\" content=\"Werkwijze\" \/>\n<meta property=\"og:description\" content=\"Werkwijze Ons intern team Ons team is allereerst verantwoordelijk voor het beheer van uw projecten, en dat dankzij de zorg van onze project managers.Ons intern team heeft als taak het nalezen en de kwaliteitscontrole van de vertalingen van onze medewerkers.Bij deze kwaliteitscontrole wordt zowel aandacht besteed aan het taalkundige aspect als aan het naleven van [&hellip;]\" \/>\n<meta property=\"og:url\" content=\"https:\/\/bls-lang.com\/nl\/werkwijze\/\" \/>\n<meta property=\"og:site_name\" content=\"BLS agence bureau interpr\u00e8tes traducteurs Bruxelles\" \/>\n<meta property=\"article:publisher\" content=\"https:\/\/www.facebook.com\/BrusselsLanguageServices\" \/>\n<meta property=\"article:modified_time\" content=\"2025-06-25T16:32:02+00:00\" \/>\n<meta property=\"og:image\" content=\"https:\/\/bls-lang.com\/wp-content\/uploads\/2024\/07\/logo-societe-bls-lang-com-brussels-language-services-yoast.webp\" \/>\n\t<meta property=\"og:image:width\" content=\"1150\" \/>\n\t<meta property=\"og:image:height\" content=\"579\" \/>\n\t<meta property=\"og:image:type\" content=\"image\/webp\" \/>\n<meta name=\"twitter:card\" content=\"summary_large_image\" \/>\n<meta name=\"twitter:label1\" content=\"Geschatte leestijd\" \/>\n\t<meta name=\"twitter:data1\" content=\"11 minuten\" \/>\n<script type=\"application\/ld+json\" class=\"yoast-schema-graph\">{\"@context\":\"https:\\\/\\\/schema.org\",\"@graph\":[{\"@type\":\"WebPage\",\"@id\":\"https:\\\/\\\/bls-lang.com\\\/nl\\\/werkwijze\\\/\",\"url\":\"https:\\\/\\\/bls-lang.com\\\/nl\\\/werkwijze\\\/\",\"name\":\"Werkwijze - BLS agence bureau interpr\u00e8tes traducteurs Bruxelles\",\"isPartOf\":{\"@id\":\"https:\\\/\\\/bls-lang.com\\\/nl\\\/#website\"},\"datePublished\":\"2024-07-08T06:58:53+00:00\",\"dateModified\":\"2025-06-25T16:32:02+00:00\",\"breadcrumb\":{\"@id\":\"https:\\\/\\\/bls-lang.com\\\/nl\\\/werkwijze\\\/#breadcrumb\"},\"inLanguage\":\"nl-NL\",\"potentialAction\":[{\"@type\":\"ReadAction\",\"target\":[\"https:\\\/\\\/bls-lang.com\\\/nl\\\/werkwijze\\\/\"]}]},{\"@type\":\"BreadcrumbList\",\"@id\":\"https:\\\/\\\/bls-lang.com\\\/nl\\\/werkwijze\\\/#breadcrumb\",\"itemListElement\":[{\"@type\":\"ListItem\",\"position\":1,\"name\":\"Accueil\",\"item\":\"https:\\\/\\\/bls-lang.com\\\/nl\\\/\"},{\"@type\":\"ListItem\",\"position\":2,\"name\":\"Werkwijze\"}]},{\"@type\":\"WebSite\",\"@id\":\"https:\\\/\\\/bls-lang.com\\\/nl\\\/#website\",\"url\":\"https:\\\/\\\/bls-lang.com\\\/nl\\\/\",\"name\":\"BLS agence bureau interpr\u00e8tes traducteurs Bruxelles\",\"description\":\"Brussels Language Services SRL - service de traduction, interpr\u00e9tation, traducteurs et interpr\u00e8tes pour les particuliers, entreprises, institutions publiques et priv\u00e9es\",\"publisher\":{\"@id\":\"https:\\\/\\\/bls-lang.com\\\/nl\\\/#organization\"},\"potentialAction\":[{\"@type\":\"SearchAction\",\"target\":{\"@type\":\"EntryPoint\",\"urlTemplate\":\"https:\\\/\\\/bls-lang.com\\\/nl\\\/?s={search_term_string}\"},\"query-input\":{\"@type\":\"PropertyValueSpecification\",\"valueRequired\":true,\"valueName\":\"search_term_string\"}}],\"inLanguage\":\"nl-NL\"},{\"@type\":\"Organization\",\"@id\":\"https:\\\/\\\/bls-lang.com\\\/nl\\\/#organization\",\"name\":\"BLS agence bureau interpr\u00e8tes traducteurs Bruxelles\",\"url\":\"https:\\\/\\\/bls-lang.com\\\/nl\\\/\",\"logo\":{\"@type\":\"ImageObject\",\"inLanguage\":\"nl-NL\",\"@id\":\"https:\\\/\\\/bls-lang.com\\\/nl\\\/#\\\/schema\\\/logo\\\/image\\\/\",\"url\":\"https:\\\/\\\/bls-lang.com\\\/wp-content\\\/uploads\\\/2024\\\/05\\\/logo-societe-bls-lang-com-brussels-language-services.webp\",\"contentUrl\":\"https:\\\/\\\/bls-lang.com\\\/wp-content\\\/uploads\\\/2024\\\/05\\\/logo-societe-bls-lang-com-brussels-language-services.webp\",\"width\":1829,\"height\":920,\"caption\":\"BLS agence bureau interpr\u00e8tes traducteurs Bruxelles\"},\"image\":{\"@id\":\"https:\\\/\\\/bls-lang.com\\\/nl\\\/#\\\/schema\\\/logo\\\/image\\\/\"},\"sameAs\":[\"https:\\\/\\\/www.facebook.com\\\/BrusselsLanguageServices\"]}]}<\/script>\n<!-- \/ Yoast SEO Premium plugin. -->","yoast_head_json":{"title":"Werkwijze - BLS agence bureau interpr\u00e8tes traducteurs Bruxelles","robots":{"index":"index","follow":"follow","max-snippet":"max-snippet:-1","max-image-preview":"max-image-preview:large","max-video-preview":"max-video-preview:-1"},"canonical":"https:\/\/bls-lang.com\/nl\/werkwijze\/","og_locale":"nl_NL","og_type":"article","og_title":"Werkwijze","og_description":"Werkwijze Ons intern team Ons team is allereerst verantwoordelijk voor het beheer van uw projecten, en dat dankzij de zorg van onze project managers.Ons intern team heeft als taak het nalezen en de kwaliteitscontrole van de vertalingen van onze medewerkers.Bij deze kwaliteitscontrole wordt zowel aandacht besteed aan het taalkundige aspect als aan het naleven van [&hellip;]","og_url":"https:\/\/bls-lang.com\/nl\/werkwijze\/","og_site_name":"BLS agence bureau interpr\u00e8tes traducteurs Bruxelles","article_publisher":"https:\/\/www.facebook.com\/BrusselsLanguageServices","article_modified_time":"2025-06-25T16:32:02+00:00","og_image":[{"width":1150,"height":579,"url":"https:\/\/bls-lang.com\/wp-content\/uploads\/2024\/07\/logo-societe-bls-lang-com-brussels-language-services-yoast.webp","type":"image\/webp"}],"twitter_card":"summary_large_image","twitter_misc":{"Geschatte leestijd":"11 minuten"},"schema":{"@context":"https:\/\/schema.org","@graph":[{"@type":"WebPage","@id":"https:\/\/bls-lang.com\/nl\/werkwijze\/","url":"https:\/\/bls-lang.com\/nl\/werkwijze\/","name":"Werkwijze - BLS agence bureau interpr\u00e8tes traducteurs Bruxelles","isPartOf":{"@id":"https:\/\/bls-lang.com\/nl\/#website"},"datePublished":"2024-07-08T06:58:53+00:00","dateModified":"2025-06-25T16:32:02+00:00","breadcrumb":{"@id":"https:\/\/bls-lang.com\/nl\/werkwijze\/#breadcrumb"},"inLanguage":"nl-NL","potentialAction":[{"@type":"ReadAction","target":["https:\/\/bls-lang.com\/nl\/werkwijze\/"]}]},{"@type":"BreadcrumbList","@id":"https:\/\/bls-lang.com\/nl\/werkwijze\/#breadcrumb","itemListElement":[{"@type":"ListItem","position":1,"name":"Accueil","item":"https:\/\/bls-lang.com\/nl\/"},{"@type":"ListItem","position":2,"name":"Werkwijze"}]},{"@type":"WebSite","@id":"https:\/\/bls-lang.com\/nl\/#website","url":"https:\/\/bls-lang.com\/nl\/","name":"BLS agence bureau interpr\u00e8tes traducteurs Bruxelles","description":"Brussels Language Services SRL - service de traduction, interpr\u00e9tation, traducteurs et interpr\u00e8tes pour les particuliers, entreprises, institutions publiques et priv\u00e9es","publisher":{"@id":"https:\/\/bls-lang.com\/nl\/#organization"},"potentialAction":[{"@type":"SearchAction","target":{"@type":"EntryPoint","urlTemplate":"https:\/\/bls-lang.com\/nl\/?s={search_term_string}"},"query-input":{"@type":"PropertyValueSpecification","valueRequired":true,"valueName":"search_term_string"}}],"inLanguage":"nl-NL"},{"@type":"Organization","@id":"https:\/\/bls-lang.com\/nl\/#organization","name":"BLS agence bureau interpr\u00e8tes traducteurs Bruxelles","url":"https:\/\/bls-lang.com\/nl\/","logo":{"@type":"ImageObject","inLanguage":"nl-NL","@id":"https:\/\/bls-lang.com\/nl\/#\/schema\/logo\/image\/","url":"https:\/\/bls-lang.com\/wp-content\/uploads\/2024\/05\/logo-societe-bls-lang-com-brussels-language-services.webp","contentUrl":"https:\/\/bls-lang.com\/wp-content\/uploads\/2024\/05\/logo-societe-bls-lang-com-brussels-language-services.webp","width":1829,"height":920,"caption":"BLS agence bureau interpr\u00e8tes traducteurs Bruxelles"},"image":{"@id":"https:\/\/bls-lang.com\/nl\/#\/schema\/logo\/image\/"},"sameAs":["https:\/\/www.facebook.com\/BrusselsLanguageServices"]}]}},"_links":{"self":[{"href":"https:\/\/bls-lang.com\/nl\/wp-json\/wp\/v2\/pages\/5137","targetHints":{"allow":["GET"]}}],"collection":[{"href":"https:\/\/bls-lang.com\/nl\/wp-json\/wp\/v2\/pages"}],"about":[{"href":"https:\/\/bls-lang.com\/nl\/wp-json\/wp\/v2\/types\/page"}],"author":[{"embeddable":true,"href":"https:\/\/bls-lang.com\/nl\/wp-json\/wp\/v2\/users\/1"}],"replies":[{"embeddable":true,"href":"https:\/\/bls-lang.com\/nl\/wp-json\/wp\/v2\/comments?post=5137"}],"version-history":[{"count":18,"href":"https:\/\/bls-lang.com\/nl\/wp-json\/wp\/v2\/pages\/5137\/revisions"}],"predecessor-version":[{"id":7388,"href":"https:\/\/bls-lang.com\/nl\/wp-json\/wp\/v2\/pages\/5137\/revisions\/7388"}],"wp:attachment":[{"href":"https:\/\/bls-lang.com\/nl\/wp-json\/wp\/v2\/media?parent=5137"}],"curies":[{"name":"wp","href":"https:\/\/api.w.org\/{rel}","templated":true}]}}