{"id":5135,"date":"2024-07-07T19:48:36","date_gmt":"2024-07-07T17:48:36","guid":{"rendered":"https:\/\/bls-lang.com\/ons-bureau\/"},"modified":"2025-06-25T17:54:53","modified_gmt":"2025-06-25T15:54:53","slug":"ons-bureau","status":"publish","type":"page","link":"https:\/\/bls-lang.com\/nl\/ons-bureau\/","title":{"rendered":"Ons bureau"},"content":{"rendered":"\t\t<div data-elementor-type=\"wp-page\" data-elementor-id=\"5135\" class=\"elementor elementor-5135 elementor-5088\" data-elementor-post-type=\"page\">\n\t\t\t\t<div class=\"elementor-element elementor-element-5f1226c3 e-con-full e-flex e-con e-parent\" data-id=\"5f1226c3\" data-element_type=\"container\" data-e-type=\"container\">\n\t\t\t\t<div class=\"elementor-element elementor-element-181e115 elementor-widget__width-inherit elementor-widget elementor-widget-heading\" data-id=\"181e115\" data-element_type=\"widget\" data-e-type=\"widget\" data-widget_type=\"heading.default\">\n\t\t\t\t<div class=\"elementor-widget-container\">\n\t\t\t\t\t<h1 class=\"elementor-heading-title elementor-size-default\">Ons bureau<\/h1>\t\t\t\t<\/div>\n\t\t\t\t<\/div>\n\t\t<div class=\"elementor-element elementor-element-45b2dc3a e-flex e-con-boxed e-con e-child\" data-id=\"45b2dc3a\" data-element_type=\"container\" data-e-type=\"container\">\n\t\t\t\t\t<div class=\"e-con-inner\">\n\t\t<div class=\"elementor-element elementor-element-75df7756 e-con-full e-flex e-con e-child\" data-id=\"75df7756\" data-element_type=\"container\" data-e-type=\"container\">\n\t\t\t\t<div class=\"elementor-element elementor-element-7ae6541e elementor-widget elementor-widget-image\" data-id=\"7ae6541e\" data-element_type=\"widget\" data-e-type=\"widget\" data-settings=\"{&quot;motion_fx_motion_fx_mouse&quot;:&quot;yes&quot;}\" data-widget_type=\"image.default\">\n\t\t\t\t<div class=\"elementor-widget-container\">\n\t\t\t\t\t\t\t\t\t\t\t\t\t\t\t<img fetchpriority=\"high\" decoding=\"async\" width=\"500\" height=\"700\" src=\"https:\/\/bls-lang.com\/wp-content\/uploads\/2024\/05\/LEQUEUE-Elisabeth-General-Manager-BLS-SRL.webp\" class=\"elementor-animation-grow attachment-large size-large wp-image-3370\" alt=\"Elisabeth Lequeue, General Manager van BLS SRL sinds 2001, is titularis van meerdere masterdiploma&amp;apos;s, zoals in vertalen, terminologie ... Zorgt voor de kwaliteit en dat deadlines van klanten gerespecteerd worden.\" srcset=\"https:\/\/bls-lang.com\/wp-content\/uploads\/2024\/05\/LEQUEUE-Elisabeth-General-Manager-BLS-SRL.webp 500w, https:\/\/bls-lang.com\/wp-content\/uploads\/2024\/05\/LEQUEUE-Elisabeth-General-Manager-BLS-SRL-214x300.webp 214w\" sizes=\"(max-width: 500px) 100vw, 500px\" \/>\t\t\t\t\t\t\t\t\t\t\t\t\t\t\t<\/div>\n\t\t\t\t<\/div>\n\t\t\t\t<div class=\"elementor-element elementor-element-761f8ff4 elementor-widget elementor-widget-heading\" data-id=\"761f8ff4\" data-element_type=\"widget\" data-e-type=\"widget\" data-widget_type=\"heading.default\">\n\t\t\t\t<div class=\"elementor-widget-container\">\n\t\t\t\t\t<h2 class=\"elementor-heading-title elementor-size-default\">Elisabeth Lequeue,<\/h2>\t\t\t\t<\/div>\n\t\t\t\t<\/div>\n\t\t\t\t<div class=\"elementor-element elementor-element-51392a70 elementor-widget elementor-widget-text-editor\" data-id=\"51392a70\" data-element_type=\"widget\" data-e-type=\"widget\" data-widget_type=\"text-editor.default\">\n\t\t\t\t<div class=\"elementor-widget-container\">\n\t\t\t\t\t\t\t\t\t<p>General Manager<\/p>\t\t\t\t\t\t\t\t<\/div>\n\t\t\t\t<\/div>\n\t\t\t\t<\/div>\n\t\t<div class=\"elementor-element elementor-element-7707f9ee e-con-full e-flex e-con e-child\" data-id=\"7707f9ee\" data-element_type=\"container\" data-e-type=\"container\">\n\t\t\t\t<div class=\"elementor-element elementor-element-3e641967 elementor-widget elementor-widget-image\" data-id=\"3e641967\" data-element_type=\"widget\" data-e-type=\"widget\" data-settings=\"{&quot;motion_fx_motion_fx_mouse&quot;:&quot;yes&quot;}\" data-widget_type=\"image.default\">\n\t\t\t\t<div class=\"elementor-widget-container\">\n\t\t\t\t\t\t\t\t\t\t\t\t\t\t\t<img decoding=\"async\" width=\"500\" height=\"700\" src=\"https:\/\/bls-lang.com\/wp-content\/uploads\/2024\/05\/Haidon-Francois-Membre-BLS-SRL.webp\" class=\"elementor-animation-grow attachment-large size-large wp-image-3368\" alt=\"Haidon Fran\u00e7ois\" srcset=\"https:\/\/bls-lang.com\/wp-content\/uploads\/2024\/05\/Haidon-Francois-Membre-BLS-SRL.webp 500w, https:\/\/bls-lang.com\/wp-content\/uploads\/2024\/05\/Haidon-Francois-Membre-BLS-SRL-214x300.webp 214w\" sizes=\"(max-width: 500px) 100vw, 500px\" \/>\t\t\t\t\t\t\t\t\t\t\t\t\t\t\t<\/div>\n\t\t\t\t<\/div>\n\t\t\t\t<div class=\"elementor-element elementor-element-10bdfc27 elementor-widget elementor-widget-heading\" data-id=\"10bdfc27\" data-element_type=\"widget\" data-e-type=\"widget\" data-widget_type=\"heading.default\">\n\t\t\t\t<div class=\"elementor-widget-container\">\n\t\t\t\t\t<h2 class=\"elementor-heading-title elementor-size-default\">Fran\u00e7ois Haidon<\/h2>\t\t\t\t<\/div>\n\t\t\t\t<\/div>\n\t\t\t\t<div class=\"elementor-element elementor-element-1ce467f4 elementor-widget elementor-widget-text-editor\" data-id=\"1ce467f4\" data-element_type=\"widget\" data-e-type=\"widget\" data-widget_type=\"text-editor.default\">\n\t\t\t\t<div class=\"elementor-widget-container\">\n\t\t\t\t\t\t\t\t\t<p>FR Senior vertaler<\/p>\t\t\t\t\t\t\t\t<\/div>\n\t\t\t\t<\/div>\n\t\t\t\t<\/div>\n\t\t<div class=\"elementor-element elementor-element-14f0e56e e-con-full e-flex e-con e-child\" data-id=\"14f0e56e\" data-element_type=\"container\" data-e-type=\"container\">\n\t\t\t\t<div class=\"elementor-element elementor-element-f6b10e2 elementor-widget elementor-widget-image\" data-id=\"f6b10e2\" data-element_type=\"widget\" data-e-type=\"widget\" data-settings=\"{&quot;motion_fx_motion_fx_mouse&quot;:&quot;yes&quot;}\" data-widget_type=\"image.default\">\n\t\t\t\t<div class=\"elementor-widget-container\">\n\t\t\t\t\t\t\t\t\t\t\t\t\t\t\t<img decoding=\"async\" width=\"500\" height=\"700\" src=\"https:\/\/bls-lang.com\/wp-content\/uploads\/2024\/05\/Cassandre-Dutoit-Membre-BLS-SRL.webp\" class=\"elementor-animation-grow attachment-large size-large wp-image-3366\" alt=\"Cassandre Dutoit\" srcset=\"https:\/\/bls-lang.com\/wp-content\/uploads\/2024\/05\/Cassandre-Dutoit-Membre-BLS-SRL.webp 500w, https:\/\/bls-lang.com\/wp-content\/uploads\/2024\/05\/Cassandre-Dutoit-Membre-BLS-SRL-214x300.webp 214w\" sizes=\"(max-width: 500px) 100vw, 500px\" \/>\t\t\t\t\t\t\t\t\t\t\t\t\t\t\t<\/div>\n\t\t\t\t<\/div>\n\t\t\t\t<div class=\"elementor-element elementor-element-4d8105c elementor-widget elementor-widget-heading\" data-id=\"4d8105c\" data-element_type=\"widget\" data-e-type=\"widget\" data-widget_type=\"heading.default\">\n\t\t\t\t<div class=\"elementor-widget-container\">\n\t\t\t\t\t<h2 class=\"elementor-heading-title elementor-size-default\">Cassandre Dutoit<\/h2>\t\t\t\t<\/div>\n\t\t\t\t<\/div>\n\t\t\t\t<div class=\"elementor-element elementor-element-47508ac0 elementor-widget elementor-widget-text-editor\" data-id=\"47508ac0\" data-element_type=\"widget\" data-e-type=\"widget\" data-widget_type=\"text-editor.default\">\n\t\t\t\t<div class=\"elementor-widget-container\">\n\t\t\t\t\t\t\t\t\t<p>Project Manager<\/p>\t\t\t\t\t\t\t\t<\/div>\n\t\t\t\t<\/div>\n\t\t\t\t<\/div>\n\t\t\t\t\t<\/div>\n\t\t\t\t<\/div>\n\t\t<div class=\"elementor-element elementor-element-fe8443a e-con-full e-flex e-con e-child\" data-id=\"fe8443a\" data-element_type=\"container\" data-e-type=\"container\">\n\t\t<div class=\"elementor-element elementor-element-c8599e1 e-con-full e-flex e-con e-child\" data-id=\"c8599e1\" data-element_type=\"container\" data-e-type=\"container\">\n\t\t\t\t<div class=\"elementor-element elementor-element-8b90d97 elementor-widget elementor-widget-text-editor\" data-id=\"8b90d97\" data-element_type=\"widget\" data-e-type=\"widget\" data-widget_type=\"text-editor.default\">\n\t\t\t\t<div class=\"elementor-widget-container\">\n\t\t\t\t\t\t\t\t\t<div class=\"gmail_default\">\n<h2>Wie zijn we\u00a0<\/h2>\n<\/div>\n<div>\n<div class=\"gmail_default\">\n<p>BLS ontstond in mei 2001 door de overname van het handelsfonds en de naam van het vertaalbureau BLS, dat sinds 1974 actief is op de vertaal- en tolkmarkt.<\/p>\n<p>BLS kan vandaag bogen op een uitgebreide ervaring, voornamelijk in de medische, sociale, institutionele, administratieve, technische, juridische, economische en financi\u00eble sector.<\/p>\n<p>Deze ervaring steunt op de hoogstaande expertise van onze beroepsvertalers. Elke medewerker werkt in zijn moedertaal, naargelang zijn of haar specialisatiedomeinen. In dit streven naar kwaliteit vertrouwen wij doorgaans teksten van eenzelfde domein of van eenzelfde klant toe aan eenzelfde vertaler.<\/p>\n<\/div>\n<div class=\"gmail_default\">\u00a0<\/div>\n<div class=\"gmail_default\">\n<h2>Ligging<\/h2><\/div>\n<div class=\"gmail_default\">Ons vertaal- en tolkbureau is ideaal gelegen in het hart van de Europese wijk in Brussel en biedt zijn professionele diensten aan een klantenkring die getuigt van onze geavanceerde expertise: FOD&apos;s, advocatenkantoren, ngo&apos;s, de industri\u00eble sector, de financi\u00eble sector, farmaceutische bedrijven, commerci\u00eble ondernemingen, audiovisuele producties, uitgeverijen, particulieren in het kader van administratieve of gerechtelijke procedures, speciale en vertrouwelijke missies enz.<\/div>\n<p>Al onze diensten voor elke klant op minder dan twee uur rijden van elk deel van Belgi\u00eb, of het nu Franstalig, Nederlandstalig of Duitstalig is.<\/p>\n<p>Door onze geografische ligging kunnen we ons gemakkelijk aanpassen aan taalverschillen tussen Belgisch Frans en zijn belgicismen, Frans uit Frankrijk, Nederlands uit Belgi\u00eb, Nederlands uit Nederland, Engels uit het Verenigd Koninkrijk &#8230;<\/p>\n<\/div>\n<div>\n<div class=\"gmail_default\">\u00a0<\/div>\n<h2>Team\u00a0<\/h2>\n<\/div>\n<div>\n<div class=\"gmail_default\">Vertalen is veel meer dan gewoon een tekst begrijpen. De keuze van onze interne en externe medewerkers is dus van kapitaal belang. De vertaler moet immers een tekst met de gewenste nauwkeurigheid kunnen omzetten in de moedertaal van de lezer.<\/div>\n<p>Daarom kiest BLS zijn vertalers zorgvuldig uit. Elke vertaler heeft een opleiding vertalen\/tolken\/filologie gevolgd of beschikt over een gelijkwaardige ervaring.<\/p>\n<p>Naast deze taalkundige vaardigheden beschikken de vertalers van BLS over een technische kennis in een of meerdere domeinen en kunnen zij een antwoord geven op de problemen die onze klanten zouden tegenkomen.<\/p>\n<\/div>\t\t\t\t\t\t\t\t<\/div>\n\t\t\t\t<\/div>\n\t\t\t\t<\/div>\n\t\t\t\t<\/div>\n\t\t<div class=\"elementor-element elementor-element-4289d92a e-con-full e-flex e-con e-child\" data-id=\"4289d92a\" data-element_type=\"container\" data-e-type=\"container\">\n\t\t\t\t<div class=\"elementor-element elementor-element-4761c677 elementor-widget elementor-widget-image\" data-id=\"4761c677\" data-element_type=\"widget\" data-e-type=\"widget\" data-widget_type=\"image.default\">\n\t\t\t\t<div class=\"elementor-widget-container\">\n\t\t\t\t\t\t\t\t\t\t\t\t\t\t\t<img loading=\"lazy\" decoding=\"async\" width=\"800\" height=\"534\" src=\"https:\/\/bls-lang.com\/wp-content\/uploads\/2024\/05\/Equipe-BLS.webp\" class=\"attachment-large size-large wp-image-3376\" alt=\"BLS SRL is een hecht en professioneel team dat steeds tot uw dienst staat\" srcset=\"https:\/\/bls-lang.com\/wp-content\/uploads\/2024\/05\/Equipe-BLS.webp 1000w, https:\/\/bls-lang.com\/wp-content\/uploads\/2024\/05\/Equipe-BLS-300x200.webp 300w, https:\/\/bls-lang.com\/wp-content\/uploads\/2024\/05\/Equipe-BLS-768x512.webp 768w\" sizes=\"(max-width: 800px) 100vw, 800px\" \/>\t\t\t\t\t\t\t\t\t\t\t\t\t\t\t<\/div>\n\t\t\t\t<\/div>\n\t\t\t\t<div class=\"elementor-element elementor-element-1e22f827 elementor-widget elementor-widget-button\" data-id=\"1e22f827\" data-element_type=\"widget\" data-e-type=\"widget\" data-widget_type=\"button.default\">\n\t\t\t\t<div class=\"elementor-widget-container\">\n\t\t\t\t\t\t\t\t\t<div class=\"elementor-button-wrapper\">\n\t\t\t\t\t<a class=\"elementor-button elementor-button-link elementor-size-sm elementor-animation-grow\" href=\"https:\/\/bls-lang.com\/nl\/contact-bureau-vertaalbureau-tolkbureau\/\">\n\t\t\t\t\t\t<span class=\"elementor-button-content-wrapper\">\n\t\t\t\t\t\t<span class=\"elementor-button-icon\">\n\t\t\t\t<svg aria-hidden=\"true\" class=\"e-font-icon-svg e-far-handshake\" viewBox=\"0 0 640 512\" xmlns=\"http:\/\/www.w3.org\/2000\/svg\"><path d=\"M519.2 127.9l-47.6-47.6A56.252 56.252 0 0 0 432 64H205.2c-14.8 0-29.1 5.9-39.6 16.3L118 127.9H0v255.7h64c17.6 0 31.8-14.2 31.9-31.7h9.1l84.6 76.4c30.9 25.1 73.8 25.7 105.6 3.8 12.5 10.8 26 15.9 41.1 15.9 18.2 0 35.3-7.4 48.8-24 22.1 8.7 48.2 2.6 64-16.8l26.2-32.3c5.6-6.9 9.1-14.8 10.9-23h57.9c.1 17.5 14.4 31.7 31.9 31.7h64V127.9H519.2zM48 351.6c-8.8 0-16-7.2-16-16s7.2-16 16-16 16 7.2 16 16c0 8.9-7.2 16-16 16zm390-6.9l-26.1 32.2c-2.8 3.4-7.8 4-11.3 1.2l-23.9-19.4-30 36.5c-6 7.3-15 4.8-18 2.4l-36.8-31.5-15.6 19.2c-13.9 17.1-39.2 19.7-55.3 6.6l-97.3-88H96V175.8h41.9l61.7-61.6c2-.8 3.7-1.5 5.7-2.3H262l-38.7 35.5c-29.4 26.9-31.1 72.3-4.4 101.3 14.8 16.2 61.2 41.2 101.5 4.4l8.2-7.5 108.2 87.8c3.4 2.8 3.9 7.9 1.2 11.3zm106-40.8h-69.2c-2.3-2.8-4.9-5.4-7.7-7.7l-102.7-83.4 12.5-11.4c6.5-6 7-16.1 1-22.6L367 167.1c-6-6.5-16.1-6.9-22.6-1l-55.2 50.6c-9.5 8.7-25.7 9.4-34.6 0-9.3-9.9-8.5-25.1 1.2-33.9l65.6-60.1c7.4-6.8 17-10.5 27-10.5l83.7-.2c2.1 0 4.1.8 5.5 2.3l61.7 61.6H544v128zm48 47.7c-8.8 0-16-7.2-16-16s7.2-16 16-16 16 7.2 16 16c0 8.9-7.2 16-16 16z\"><\/path><\/svg>\t\t\t<\/span>\n\t\t\t\t\t\t\t\t\t<span class=\"elementor-button-text\">Klik hier<br><br> voor een succesvol project<\/span>\n\t\t\t\t\t<\/span>\n\t\t\t\t\t<\/a>\n\t\t\t\t<\/div>\n\t\t\t\t\t\t\t\t<\/div>\n\t\t\t\t<\/div>\n\t\t\t\t<\/div>\n\t\t\t\t<\/div>\n\t\t\t\t<\/div>\n\t\t","protected":false},"excerpt":{"rendered":"<p>Ons bureau Elisabeth Lequeue, General Manager Fran\u00e7ois Haidon FR Senior vertaler Cassandre Dutoit Project Manager Wie zijn we\u00a0 BLS ontstond in mei 2001 door de overname van het handelsfonds en de naam van het vertaalbureau BLS, dat sinds 1974 actief is op de vertaal- en tolkmarkt. BLS kan vandaag bogen op een uitgebreide ervaring, voornamelijk [&hellip;]<\/p>\n","protected":false},"author":1,"featured_media":0,"parent":0,"menu_order":0,"comment_status":"closed","ping_status":"closed","template":"elementor_theme","meta":{"footnotes":""},"class_list":["post-5135","page","type-page","status-publish","hentry"],"yoast_head":"<!-- This site is optimized with the Yoast SEO Premium plugin v25.8 (Yoast SEO v27.4) - https:\/\/yoast.com\/product\/yoast-seo-premium-wordpress\/ -->\n<title>Ons bureau - BLS agence bureau interpr\u00e8tes traducteurs Bruxelles<\/title>\n<meta name=\"robots\" content=\"index, follow, max-snippet:-1, max-image-preview:large, max-video-preview:-1\" \/>\n<link rel=\"canonical\" href=\"https:\/\/bls-lang.com\/nl\/ons-bureau\/\" \/>\n<meta property=\"og:locale\" content=\"nl_NL\" \/>\n<meta property=\"og:type\" content=\"article\" \/>\n<meta property=\"og:title\" content=\"Ons bureau\" \/>\n<meta property=\"og:description\" content=\"Ons bureau Elisabeth Lequeue, General Manager Fran\u00e7ois Haidon FR Senior vertaler Cassandre Dutoit Project Manager Wie zijn we\u00a0 BLS ontstond in mei 2001 door de overname van het handelsfonds en de naam van het vertaalbureau BLS, dat sinds 1974 actief is op de vertaal- en tolkmarkt. BLS kan vandaag bogen op een uitgebreide ervaring, voornamelijk [&hellip;]\" \/>\n<meta property=\"og:url\" content=\"https:\/\/bls-lang.com\/nl\/ons-bureau\/\" \/>\n<meta property=\"og:site_name\" content=\"BLS agence bureau interpr\u00e8tes traducteurs Bruxelles\" \/>\n<meta property=\"article:publisher\" content=\"https:\/\/www.facebook.com\/BrusselsLanguageServices\" \/>\n<meta property=\"article:modified_time\" content=\"2025-06-25T15:54:53+00:00\" \/>\n<meta property=\"og:image\" content=\"https:\/\/bls-lang.com\/wp-content\/uploads\/2024\/05\/LEQUEUE-Elisabeth-General-Manager-BLS-SRL.webp\" \/>\n<meta name=\"twitter:card\" content=\"summary_large_image\" \/>\n<meta name=\"twitter:label1\" content=\"Geschatte leestijd\" \/>\n\t<meta name=\"twitter:data1\" content=\"3 minuten\" \/>\n<script type=\"application\/ld+json\" class=\"yoast-schema-graph\">{\"@context\":\"https:\\\/\\\/schema.org\",\"@graph\":[{\"@type\":\"WebPage\",\"@id\":\"https:\\\/\\\/bls-lang.com\\\/nl\\\/ons-bureau\\\/\",\"url\":\"https:\\\/\\\/bls-lang.com\\\/nl\\\/ons-bureau\\\/\",\"name\":\"Ons bureau - BLS agence bureau interpr\u00e8tes traducteurs Bruxelles\",\"isPartOf\":{\"@id\":\"https:\\\/\\\/bls-lang.com\\\/nl\\\/#website\"},\"primaryImageOfPage\":{\"@id\":\"https:\\\/\\\/bls-lang.com\\\/nl\\\/ons-bureau\\\/#primaryimage\"},\"image\":{\"@id\":\"https:\\\/\\\/bls-lang.com\\\/nl\\\/ons-bureau\\\/#primaryimage\"},\"thumbnailUrl\":\"https:\\\/\\\/bls-lang.com\\\/wp-content\\\/uploads\\\/2024\\\/05\\\/LEQUEUE-Elisabeth-General-Manager-BLS-SRL.webp\",\"datePublished\":\"2024-07-07T17:48:36+00:00\",\"dateModified\":\"2025-06-25T15:54:53+00:00\",\"breadcrumb\":{\"@id\":\"https:\\\/\\\/bls-lang.com\\\/nl\\\/ons-bureau\\\/#breadcrumb\"},\"inLanguage\":\"nl-NL\",\"potentialAction\":[{\"@type\":\"ReadAction\",\"target\":[\"https:\\\/\\\/bls-lang.com\\\/nl\\\/ons-bureau\\\/\"]}]},{\"@type\":\"ImageObject\",\"inLanguage\":\"nl-NL\",\"@id\":\"https:\\\/\\\/bls-lang.com\\\/nl\\\/ons-bureau\\\/#primaryimage\",\"url\":\"https:\\\/\\\/bls-lang.com\\\/wp-content\\\/uploads\\\/2024\\\/05\\\/LEQUEUE-Elisabeth-General-Manager-BLS-SRL.webp\",\"contentUrl\":\"https:\\\/\\\/bls-lang.com\\\/wp-content\\\/uploads\\\/2024\\\/05\\\/LEQUEUE-Elisabeth-General-Manager-BLS-SRL.webp\"},{\"@type\":\"BreadcrumbList\",\"@id\":\"https:\\\/\\\/bls-lang.com\\\/nl\\\/ons-bureau\\\/#breadcrumb\",\"itemListElement\":[{\"@type\":\"ListItem\",\"position\":1,\"name\":\"Accueil\",\"item\":\"https:\\\/\\\/bls-lang.com\\\/nl\\\/\"},{\"@type\":\"ListItem\",\"position\":2,\"name\":\"Ons bureau\"}]},{\"@type\":\"WebSite\",\"@id\":\"https:\\\/\\\/bls-lang.com\\\/nl\\\/#website\",\"url\":\"https:\\\/\\\/bls-lang.com\\\/nl\\\/\",\"name\":\"BLS agence bureau interpr\u00e8tes traducteurs Bruxelles\",\"description\":\"Brussels Language Services SRL - service de traduction, interpr\u00e9tation, traducteurs et interpr\u00e8tes pour les particuliers, entreprises, institutions publiques et priv\u00e9es\",\"publisher\":{\"@id\":\"https:\\\/\\\/bls-lang.com\\\/nl\\\/#organization\"},\"potentialAction\":[{\"@type\":\"SearchAction\",\"target\":{\"@type\":\"EntryPoint\",\"urlTemplate\":\"https:\\\/\\\/bls-lang.com\\\/nl\\\/?s={search_term_string}\"},\"query-input\":{\"@type\":\"PropertyValueSpecification\",\"valueRequired\":true,\"valueName\":\"search_term_string\"}}],\"inLanguage\":\"nl-NL\"},{\"@type\":\"Organization\",\"@id\":\"https:\\\/\\\/bls-lang.com\\\/nl\\\/#organization\",\"name\":\"BLS agence bureau interpr\u00e8tes traducteurs Bruxelles\",\"url\":\"https:\\\/\\\/bls-lang.com\\\/nl\\\/\",\"logo\":{\"@type\":\"ImageObject\",\"inLanguage\":\"nl-NL\",\"@id\":\"https:\\\/\\\/bls-lang.com\\\/nl\\\/#\\\/schema\\\/logo\\\/image\\\/\",\"url\":\"https:\\\/\\\/bls-lang.com\\\/wp-content\\\/uploads\\\/2024\\\/05\\\/logo-societe-bls-lang-com-brussels-language-services.webp\",\"contentUrl\":\"https:\\\/\\\/bls-lang.com\\\/wp-content\\\/uploads\\\/2024\\\/05\\\/logo-societe-bls-lang-com-brussels-language-services.webp\",\"width\":1829,\"height\":920,\"caption\":\"BLS agence bureau interpr\u00e8tes traducteurs Bruxelles\"},\"image\":{\"@id\":\"https:\\\/\\\/bls-lang.com\\\/nl\\\/#\\\/schema\\\/logo\\\/image\\\/\"},\"sameAs\":[\"https:\\\/\\\/www.facebook.com\\\/BrusselsLanguageServices\"]}]}<\/script>\n<!-- \/ Yoast SEO Premium plugin. -->","yoast_head_json":{"title":"Ons bureau - BLS agence bureau interpr\u00e8tes traducteurs Bruxelles","robots":{"index":"index","follow":"follow","max-snippet":"max-snippet:-1","max-image-preview":"max-image-preview:large","max-video-preview":"max-video-preview:-1"},"canonical":"https:\/\/bls-lang.com\/nl\/ons-bureau\/","og_locale":"nl_NL","og_type":"article","og_title":"Ons bureau","og_description":"Ons bureau Elisabeth Lequeue, General Manager Fran\u00e7ois Haidon FR Senior vertaler Cassandre Dutoit Project Manager Wie zijn we\u00a0 BLS ontstond in mei 2001 door de overname van het handelsfonds en de naam van het vertaalbureau BLS, dat sinds 1974 actief is op de vertaal- en tolkmarkt. BLS kan vandaag bogen op een uitgebreide ervaring, voornamelijk [&hellip;]","og_url":"https:\/\/bls-lang.com\/nl\/ons-bureau\/","og_site_name":"BLS agence bureau interpr\u00e8tes traducteurs Bruxelles","article_publisher":"https:\/\/www.facebook.com\/BrusselsLanguageServices","article_modified_time":"2025-06-25T15:54:53+00:00","og_image":[{"url":"https:\/\/bls-lang.com\/wp-content\/uploads\/2024\/05\/LEQUEUE-Elisabeth-General-Manager-BLS-SRL.webp","type":"","width":"","height":""}],"twitter_card":"summary_large_image","twitter_misc":{"Geschatte leestijd":"3 minuten"},"schema":{"@context":"https:\/\/schema.org","@graph":[{"@type":"WebPage","@id":"https:\/\/bls-lang.com\/nl\/ons-bureau\/","url":"https:\/\/bls-lang.com\/nl\/ons-bureau\/","name":"Ons bureau - BLS agence bureau interpr\u00e8tes traducteurs Bruxelles","isPartOf":{"@id":"https:\/\/bls-lang.com\/nl\/#website"},"primaryImageOfPage":{"@id":"https:\/\/bls-lang.com\/nl\/ons-bureau\/#primaryimage"},"image":{"@id":"https:\/\/bls-lang.com\/nl\/ons-bureau\/#primaryimage"},"thumbnailUrl":"https:\/\/bls-lang.com\/wp-content\/uploads\/2024\/05\/LEQUEUE-Elisabeth-General-Manager-BLS-SRL.webp","datePublished":"2024-07-07T17:48:36+00:00","dateModified":"2025-06-25T15:54:53+00:00","breadcrumb":{"@id":"https:\/\/bls-lang.com\/nl\/ons-bureau\/#breadcrumb"},"inLanguage":"nl-NL","potentialAction":[{"@type":"ReadAction","target":["https:\/\/bls-lang.com\/nl\/ons-bureau\/"]}]},{"@type":"ImageObject","inLanguage":"nl-NL","@id":"https:\/\/bls-lang.com\/nl\/ons-bureau\/#primaryimage","url":"https:\/\/bls-lang.com\/wp-content\/uploads\/2024\/05\/LEQUEUE-Elisabeth-General-Manager-BLS-SRL.webp","contentUrl":"https:\/\/bls-lang.com\/wp-content\/uploads\/2024\/05\/LEQUEUE-Elisabeth-General-Manager-BLS-SRL.webp"},{"@type":"BreadcrumbList","@id":"https:\/\/bls-lang.com\/nl\/ons-bureau\/#breadcrumb","itemListElement":[{"@type":"ListItem","position":1,"name":"Accueil","item":"https:\/\/bls-lang.com\/nl\/"},{"@type":"ListItem","position":2,"name":"Ons bureau"}]},{"@type":"WebSite","@id":"https:\/\/bls-lang.com\/nl\/#website","url":"https:\/\/bls-lang.com\/nl\/","name":"BLS agence bureau interpr\u00e8tes traducteurs Bruxelles","description":"Brussels Language Services SRL - service de traduction, interpr\u00e9tation, traducteurs et interpr\u00e8tes pour les particuliers, entreprises, institutions publiques et priv\u00e9es","publisher":{"@id":"https:\/\/bls-lang.com\/nl\/#organization"},"potentialAction":[{"@type":"SearchAction","target":{"@type":"EntryPoint","urlTemplate":"https:\/\/bls-lang.com\/nl\/?s={search_term_string}"},"query-input":{"@type":"PropertyValueSpecification","valueRequired":true,"valueName":"search_term_string"}}],"inLanguage":"nl-NL"},{"@type":"Organization","@id":"https:\/\/bls-lang.com\/nl\/#organization","name":"BLS agence bureau interpr\u00e8tes traducteurs Bruxelles","url":"https:\/\/bls-lang.com\/nl\/","logo":{"@type":"ImageObject","inLanguage":"nl-NL","@id":"https:\/\/bls-lang.com\/nl\/#\/schema\/logo\/image\/","url":"https:\/\/bls-lang.com\/wp-content\/uploads\/2024\/05\/logo-societe-bls-lang-com-brussels-language-services.webp","contentUrl":"https:\/\/bls-lang.com\/wp-content\/uploads\/2024\/05\/logo-societe-bls-lang-com-brussels-language-services.webp","width":1829,"height":920,"caption":"BLS agence bureau interpr\u00e8tes traducteurs Bruxelles"},"image":{"@id":"https:\/\/bls-lang.com\/nl\/#\/schema\/logo\/image\/"},"sameAs":["https:\/\/www.facebook.com\/BrusselsLanguageServices"]}]}},"_links":{"self":[{"href":"https:\/\/bls-lang.com\/nl\/wp-json\/wp\/v2\/pages\/5135","targetHints":{"allow":["GET"]}}],"collection":[{"href":"https:\/\/bls-lang.com\/nl\/wp-json\/wp\/v2\/pages"}],"about":[{"href":"https:\/\/bls-lang.com\/nl\/wp-json\/wp\/v2\/types\/page"}],"author":[{"embeddable":true,"href":"https:\/\/bls-lang.com\/nl\/wp-json\/wp\/v2\/users\/1"}],"replies":[{"embeddable":true,"href":"https:\/\/bls-lang.com\/nl\/wp-json\/wp\/v2\/comments?post=5135"}],"version-history":[{"count":5,"href":"https:\/\/bls-lang.com\/nl\/wp-json\/wp\/v2\/pages\/5135\/revisions"}],"predecessor-version":[{"id":7149,"href":"https:\/\/bls-lang.com\/nl\/wp-json\/wp\/v2\/pages\/5135\/revisions\/7149"}],"wp:attachment":[{"href":"https:\/\/bls-lang.com\/nl\/wp-json\/wp\/v2\/media?parent=5135"}],"curies":[{"name":"wp","href":"https:\/\/api.w.org\/{rel}","templated":true}]}}