{"id":3732,"date":"2023-10-24T10:29:20","date_gmt":"2023-10-24T08:29:20","guid":{"rendered":"https:\/\/bls-lang.com\/home-bls-lang\/"},"modified":"2025-06-25T18:00:20","modified_gmt":"2025-06-25T16:00:20","slug":"home-bls-lang","status":"publish","type":"page","link":"https:\/\/bls-lang.com\/nl\/","title":{"rendered":"Home"},"content":{"rendered":"\t\t<div data-elementor-type=\"wp-page\" data-elementor-id=\"3732\" class=\"elementor elementor-3732 elementor-19\" data-elementor-post-type=\"page\">\n\t\t\t\t<div class=\"elementor-element elementor-element-6847325 e-con-full e-flex e-con e-parent\" data-id=\"6847325\" data-element_type=\"container\" data-e-type=\"container\">\n\t\t<div class=\"elementor-element elementor-element-fc4adc8 e-con-full e-flex e-con e-child\" data-id=\"fc4adc8\" data-element_type=\"container\" data-e-type=\"container\">\n\t\t\t\t<div class=\"elementor-element elementor-element-dce9ffd elementor-widget__width-initial elementor-widget-tablet__width-initial elementor-widget elementor-widget-image\" data-id=\"dce9ffd\" data-element_type=\"widget\" data-e-type=\"widget\" data-widget_type=\"image.default\">\n\t\t\t\t<div class=\"elementor-widget-container\">\n\t\t\t\t\t\t\t\t\t\t\t\t\t\t\t\t<a href=\"https:\/\/bls-lang.com\/nl\/conferentietolken-simultaan-tolken-alle-talen\/\">\n\t\t\t\t\t\t\t<img fetchpriority=\"high\" decoding=\"async\" width=\"800\" height=\"535\" src=\"https:\/\/bls-lang.com\/wp-content\/uploads\/2024\/05\/interpretation-conference-organisation-materiel-bls-lang-bruxelles.webp\" class=\"elementor-animation-grow attachment-large size-large wp-image-3348\" alt=\"tolkbureau-organisatie conferentie simultaanvertaling met individuele koptelefoon - tolkcabine - bls-lang\" srcset=\"https:\/\/bls-lang.com\/wp-content\/uploads\/2024\/05\/interpretation-conference-organisation-materiel-bls-lang-bruxelles.webp 1024w, https:\/\/bls-lang.com\/wp-content\/uploads\/2024\/05\/interpretation-conference-organisation-materiel-bls-lang-bruxelles-300x201.webp 300w, https:\/\/bls-lang.com\/wp-content\/uploads\/2024\/05\/interpretation-conference-organisation-materiel-bls-lang-bruxelles-768x514.webp 768w\" sizes=\"(max-width: 800px) 100vw, 800px\" \/>\t\t\t\t\t\t\t\t<\/a>\n\t\t\t\t\t\t\t\t\t\t\t\t\t\t\t<\/div>\n\t\t\t\t<\/div>\n\t\t\t\t<div class=\"elementor-element elementor-element-7478702 elementor-cta--skin-cover elementor-cta--valign-middle elementor-widget__width-initial elementor-animated-content elementor-bg-transform elementor-bg-transform-zoom-in elementor-widget elementor-widget-call-to-action\" data-id=\"7478702\" data-element_type=\"widget\" data-e-type=\"widget\" data-widget_type=\"call-to-action.default\">\n\t\t\t\t<div class=\"elementor-widget-container\">\n\t\t\t\t\t\t\t<a class=\"elementor-cta\" href=\"https:\/\/bls-lang.com\/nl\/contact-bureau-vertaalbureau-tolkbureau\/\">\n\t\t\t\t\t<div class=\"elementor-cta__bg-wrapper\">\n\t\t\t\t<div class=\"elementor-cta__bg elementor-bg\" style=\"background-image: url();\" role=\"img\" aria-label=\"\"><\/div>\n\t\t\t\t<div class=\"elementor-cta__bg-overlay\"><\/div>\n\t\t\t<\/div>\n\t\t\t\t\t\t\t<div class=\"elementor-cta__content\">\n\t\t\t\t\n\t\t\t\t\t\t\t\t\t<h1 class=\"elementor-cta__title elementor-cta__content-item elementor-content-item elementor-animated-item--grow\">\n\t\t\t\t\t\tVertaal- en tolkdiensten <br> in alle talen en alle vakgebieden sinds 1974\t\t\t\t\t<\/h1>\n\t\t\t\t\n\t\t\t\t\n\t\t\t\t\t\t\t\t\t<div class=\"elementor-cta__button-wrapper elementor-cta__content-item elementor-content-item elementor-animated-item--grow\">\n\t\t\t\t\t<span class=\"elementor-cta__button elementor-button elementor-size-xl\">\n\t\t\t\t\t\tVertrouw ons uw project toe\t\t\t\t\t<\/span>\n\t\t\t\t\t<\/div>\n\t\t\t\t\t\t\t<\/div>\n\t\t\t\t\t\t<\/a>\n\t\t\t\t\t\t<\/div>\n\t\t\t\t<\/div>\n\t\t\t\t<div class=\"elementor-element elementor-element-171078b elementor-widget__width-initial elementor-widget-tablet__width-initial elementor-widget elementor-widget-image\" data-id=\"171078b\" data-element_type=\"widget\" data-e-type=\"widget\" data-widget_type=\"image.default\">\n\t\t\t\t<div class=\"elementor-widget-container\">\n\t\t\t\t\t\t\t\t\t\t\t\t\t\t\t\t<a href=\"https:\/\/bls-lang.com\/nl\/contact-bureau-vertaalbureau-tolkbureau\/\">\n\t\t\t\t\t\t\t<img decoding=\"async\" width=\"800\" height=\"534\" src=\"https:\/\/bls-lang.com\/wp-content\/uploads\/2024\/05\/traduction-toutes-langues-monde-entier-bls-lang.webp\" class=\"elementor-animation-grow attachment-large size-large wp-image-3364\" alt=\"BLS kantoor vertaalbureau alle talen brussel belgi\u00eb\" srcset=\"https:\/\/bls-lang.com\/wp-content\/uploads\/2024\/05\/traduction-toutes-langues-monde-entier-bls-lang.webp 1000w, https:\/\/bls-lang.com\/wp-content\/uploads\/2024\/05\/traduction-toutes-langues-monde-entier-bls-lang-300x200.webp 300w, https:\/\/bls-lang.com\/wp-content\/uploads\/2024\/05\/traduction-toutes-langues-monde-entier-bls-lang-768x512.webp 768w\" sizes=\"(max-width: 800px) 100vw, 800px\" \/>\t\t\t\t\t\t\t\t<\/a>\n\t\t\t\t\t\t\t\t\t\t\t\t\t\t\t<\/div>\n\t\t\t\t<\/div>\n\t\t\t\t<\/div>\n\t\t\t\t<\/div>\n\t\t<div class=\"elementor-element elementor-element-bb69131 e-con-full e-flex e-con e-parent\" data-id=\"bb69131\" data-element_type=\"container\" data-e-type=\"container\">\n\t\t<div class=\"elementor-element elementor-element-fc23a33 e-con-full e-flex e-con e-child\" data-id=\"fc23a33\" data-element_type=\"container\" data-e-type=\"container\">\n\t\t\t\t<div class=\"elementor-element elementor-element-1ff8050 elementor-widget elementor-widget-heading\" data-id=\"1ff8050\" data-element_type=\"widget\" data-e-type=\"widget\" data-widget_type=\"heading.default\">\n\t\t\t\t<div class=\"elementor-widget-container\">\n\t\t\t\t\t<h3 class=\"elementor-heading-title elementor-size-default\">Over ons<\/h3>\t\t\t\t<\/div>\n\t\t\t\t<\/div>\n\t\t\t\t<div class=\"elementor-element elementor-element-6ccad58 elementor-widget-divider--view-line elementor-widget elementor-widget-divider\" data-id=\"6ccad58\" data-element_type=\"widget\" data-e-type=\"widget\" data-widget_type=\"divider.default\">\n\t\t\t\t<div class=\"elementor-widget-container\">\n\t\t\t\t\t\t\t<div class=\"elementor-divider\">\n\t\t\t<span class=\"elementor-divider-separator\">\n\t\t\t\t\t\t<\/span>\n\t\t<\/div>\n\t\t\t\t\t\t<\/div>\n\t\t\t\t<\/div>\n\t\t\t\t<div class=\"elementor-element elementor-element-3b84fad elementor-widget__width-initial elementor-widget elementor-widget-text-editor\" data-id=\"3b84fad\" data-element_type=\"widget\" data-e-type=\"widget\" data-widget_type=\"text-editor.default\">\n\t\t\t\t<div class=\"elementor-widget-container\">\n\t\t\t\t\t\t\t\t\tBRUSSELS LANGUAGE SERVICES bv, afgekort BLS bv, is sinds 1974 actief op de vertaalmarkt. We bieden vertaal- en tolkdiensten aan in alle vakgebieden en een groot aantal talencombinaties.\n\nSinds de overname van het bureau in 2001 zijn we een van de meest toonaangevende leiders in onze sector door de voortdurende modernisering van onze tools en onze knowhow. We kennen ons vak door en door, en bieden onze diensten zowel nationaal als internationaal aan.\n\nOns team van vertaal- en tolkexperts, onder leiding van Elisabeth Lequeue, afgestudeerd in vertalen en terminologie, zorgt ervoor dat<span style=\"color: var( --e-global-color-primary ); font-size: 1rem;\"> nauwkeurigheid, kwaliteit en service topprioriteit blijven, in alle talen en binnen de gestelde deadlines.<\/span>\t\t\t\t\t\t\t\t<\/div>\n\t\t\t\t<\/div>\n\t\t\t\t<div class=\"elementor-element elementor-element-faec0ef elementor-align-left elementor-widget__width-inherit elementor-mobile-align-center elementor-tablet-align-center elementor-widget elementor-widget-button\" data-id=\"faec0ef\" data-element_type=\"widget\" data-e-type=\"widget\" data-widget_type=\"button.default\">\n\t\t\t\t<div class=\"elementor-widget-container\">\n\t\t\t\t\t\t\t\t\t<div class=\"elementor-button-wrapper\">\n\t\t\t\t\t<a class=\"elementor-button elementor-button-link elementor-size-sm elementor-animation-grow\" href=\"https:\/\/bls-lang.com\/nl\/ons-bureau\/\">\n\t\t\t\t\t\t<span class=\"elementor-button-content-wrapper\">\n\t\t\t\t\t\t\t\t\t<span class=\"elementor-button-text\">+ OVER ONS TEAM<\/span>\n\t\t\t\t\t<\/span>\n\t\t\t\t\t<\/a>\n\t\t\t\t<\/div>\n\t\t\t\t\t\t\t\t<\/div>\n\t\t\t\t<\/div>\n\t\t\t\t<\/div>\n\t\t<div class=\"elementor-element elementor-element-c7fce40 e-con-full e-flex e-con e-child\" data-id=\"c7fce40\" data-element_type=\"container\" data-e-type=\"container\">\n\t\t\t\t<div class=\"elementor-element elementor-element-1cec407 elementor-widget elementor-widget-heading\" data-id=\"1cec407\" data-element_type=\"widget\" data-e-type=\"widget\" data-widget_type=\"heading.default\">\n\t\t\t\t<div class=\"elementor-widget-container\">\n\t\t\t\t\t<h3 class=\"elementor-heading-title elementor-size-default\">Onze diensten<\/h3>\t\t\t\t<\/div>\n\t\t\t\t<\/div>\n\t\t\t\t<div class=\"elementor-element elementor-element-a675bbc elementor-widget-divider--view-line elementor-widget elementor-widget-divider\" data-id=\"a675bbc\" data-element_type=\"widget\" data-e-type=\"widget\" data-widget_type=\"divider.default\">\n\t\t\t\t<div class=\"elementor-widget-container\">\n\t\t\t\t\t\t\t<div class=\"elementor-divider\">\n\t\t\t<span class=\"elementor-divider-separator\">\n\t\t\t\t\t\t<\/span>\n\t\t<\/div>\n\t\t\t\t\t\t<\/div>\n\t\t\t\t<\/div>\n\t\t\t\t<div class=\"elementor-element elementor-element-b556b5f elementor-widget__width-initial elementor-widget elementor-widget-text-editor\" data-id=\"b556b5f\" data-element_type=\"widget\" data-e-type=\"widget\" data-widget_type=\"text-editor.default\">\n\t\t\t\t<div class=\"elementor-widget-container\">\n\t\t\t\t\t\t\t\t\tOnze taaldiensten bestaan in de eerste plaats uit vertaal- en tolkdiensten.\n\nWij beschikken echter ook over alle tools en knowhow om andere opdrachten uit te voeren, zoals lokalisatie, revisie, terminologiebeheer, proeflezen, ondertiteling, vertaling van software, het organiseren van uw evenementen in verschillende talen tegelijk (simultaantolken), het live tolken van een webconferentie, het implementeren van vertaaltools in uw bedrijf met menselijke controle van het resultaat v\u00f3\u00f3r publicatie, de menselijke integratie van tools zoals DeepL en AI enz.Het beste van menselijke expertise gecombineerd met de nieuwste IT-tools, voor een resultaat vol taalkundige nuances.\t\t\t\t\t\t\t\t<\/div>\n\t\t\t\t<\/div>\n\t\t\t\t<div class=\"elementor-element elementor-element-44de872 elementor-align-left elementor-widget__width-inherit elementor-mobile-align-center elementor-tablet-align-center elementor-widget elementor-widget-button\" data-id=\"44de872\" data-element_type=\"widget\" data-e-type=\"widget\" data-widget_type=\"button.default\">\n\t\t\t\t<div class=\"elementor-widget-container\">\n\t\t\t\t\t\t\t\t\t<div class=\"elementor-button-wrapper\">\n\t\t\t\t\t<a class=\"elementor-button elementor-button-link elementor-size-sm elementor-animation-grow\" href=\"https:\/\/bls-lang.com\/nl\/contact-bureau-vertaalbureau-tolkbureau\/\">\n\t\t\t\t\t\t<span class=\"elementor-button-content-wrapper\">\n\t\t\t\t\t\t\t\t\t<span class=\"elementor-button-text\">+ OVER ONZE DIENSTEN<\/span>\n\t\t\t\t\t<\/span>\n\t\t\t\t\t<\/a>\n\t\t\t\t<\/div>\n\t\t\t\t\t\t\t\t<\/div>\n\t\t\t\t<\/div>\n\t\t\t\t<\/div>\n\t\t<div class=\"elementor-element elementor-element-35188ec e-con-full e-flex e-con e-child\" data-id=\"35188ec\" data-element_type=\"container\" data-e-type=\"container\">\n\t\t\t\t<div class=\"elementor-element elementor-element-baf75a1 elementor-widget elementor-widget-heading\" data-id=\"baf75a1\" data-element_type=\"widget\" data-e-type=\"widget\" data-widget_type=\"heading.default\">\n\t\t\t\t<div class=\"elementor-widget-container\">\n\t\t\t\t\t<h3 class=\"elementor-heading-title elementor-size-default\">Ligging<\/h3>\t\t\t\t<\/div>\n\t\t\t\t<\/div>\n\t\t\t\t<div class=\"elementor-element elementor-element-5bc7835 elementor-widget-divider--view-line elementor-widget elementor-widget-divider\" data-id=\"5bc7835\" data-element_type=\"widget\" data-e-type=\"widget\" data-widget_type=\"divider.default\">\n\t\t\t\t<div class=\"elementor-widget-container\">\n\t\t\t\t\t\t\t<div class=\"elementor-divider\">\n\t\t\t<span class=\"elementor-divider-separator\">\n\t\t\t\t\t\t<\/span>\n\t\t<\/div>\n\t\t\t\t\t\t<\/div>\n\t\t\t\t<\/div>\n\t\t\t\t<div class=\"elementor-element elementor-element-115bef8 elementor-widget__width-initial elementor-widget elementor-widget-text-editor\" data-id=\"115bef8\" data-element_type=\"widget\" data-e-type=\"widget\" data-widget_type=\"text-editor.default\">\n\t\t\t\t<div class=\"elementor-widget-container\">\n\t\t\t\t\t\t\t\t\t<p>Ons vertaal- en tolkbureau is ideaal gelegen in het hart van de Europese wijk in Brussel en biedt zijn professionele diensten aan een klantenkring die getuigt van onze geavanceerde expertise: FOD&apos;s, advocatenkantoren, ngo&apos;s, de industri\u00eble sector, de financi\u00eble sector, farmaceutische bedrijven, commerci\u00eble ondernemingen, audiovisuele producties, uitgeverijen, particulieren in het kader van administratieve of gerechtelijke procedures, speciale en vertrouwelijke missies enz.<\/p><p>Al onze diensten voor elke klant op minder dan twee uur rijden van elk deel van Belgi\u00eb, of het nu Franstalig, Nederlandstalig of Duitstalig is.<\/p><p>Door onze geografische ligging kunnen we ons gemakkelijk aanpassen aan taalverschillen tussen Belgisch Frans en zijn<span style=\"color: var( --e-global-color-primary ); font-size: 1rem;\"> belgicismen, <\/span><span style=\"color: var( --e-global-color-primary ); font-size: 1rem;\">Frans uit Frankrijk, Nederlands uit Belgi\u00eb, Nederlands uit Nederland, Engels uit het Verenigd Koninkrijk &#8230;<\/span><\/p>\t\t\t\t\t\t\t\t<\/div>\n\t\t\t\t<\/div>\n\t\t\t\t<div class=\"elementor-element elementor-element-7b118b8 elementor-align-left elementor-widget__width-inherit elementor-mobile-align-center elementor-tablet-align-center elementor-widget elementor-widget-button\" data-id=\"7b118b8\" data-element_type=\"widget\" data-e-type=\"widget\" data-widget_type=\"button.default\">\n\t\t\t\t<div class=\"elementor-widget-container\">\n\t\t\t\t\t\t\t\t\t<div class=\"elementor-button-wrapper\">\n\t\t\t\t\t<a class=\"elementor-button elementor-button-link elementor-size-sm elementor-animation-grow\" href=\"https:\/\/bls-lang.com\/nl\/contact-bureau-vertaalbureau-tolkbureau\/\">\n\t\t\t\t\t\t<span class=\"elementor-button-content-wrapper\">\n\t\t\t\t\t\t\t\t\t<span class=\"elementor-button-text\">+ ONZE CONTACTGEGEVENS<\/span>\n\t\t\t\t\t<\/span>\n\t\t\t\t\t<\/a>\n\t\t\t\t<\/div>\n\t\t\t\t\t\t\t\t<\/div>\n\t\t\t\t<\/div>\n\t\t\t\t<\/div>\n\t\t\t\t<\/div>\n\t\t\t\t<\/div>\n\t\t","protected":false},"excerpt":{"rendered":"<p>Vertaal- en tolkdiensten in alle talen en alle vakgebieden sinds 1974 Vertrouw ons uw project toe Over ons BRUSSELS LANGUAGE SERVICES bv, afgekort BLS bv, is sinds 1974 actief op de vertaalmarkt. We bieden vertaal- en tolkdiensten aan in alle vakgebieden en een groot aantal talencombinaties. Sinds de overname van het bureau in 2001 zijn [&hellip;]<\/p>\n","protected":false},"author":1,"featured_media":0,"parent":0,"menu_order":0,"comment_status":"closed","ping_status":"closed","template":"","meta":{"footnotes":""},"class_list":["post-3732","page","type-page","status-publish","hentry"],"yoast_head":"<!-- This site is optimized with the Yoast SEO Premium plugin v25.8 (Yoast SEO v27.3) - https:\/\/yoast.com\/product\/yoast-seo-premium-wordpress\/ -->\n<title>Home - BLS agence bureau interpr\u00e8tes traducteurs Bruxelles<\/title>\n<meta name=\"robots\" content=\"index, follow, max-snippet:-1, max-image-preview:large, max-video-preview:-1\" \/>\n<link rel=\"canonical\" href=\"https:\/\/bls-lang.com\/nl\/\" \/>\n<meta property=\"og:locale\" content=\"nl_NL\" \/>\n<meta property=\"og:type\" content=\"article\" \/>\n<meta property=\"og:title\" content=\"Home\" \/>\n<meta property=\"og:description\" content=\"Vertaal- en tolkdiensten in alle talen en alle vakgebieden sinds 1974 Vertrouw ons uw project toe Over ons BRUSSELS LANGUAGE SERVICES bv, afgekort BLS bv, is sinds 1974 actief op de vertaalmarkt. We bieden vertaal- en tolkdiensten aan in alle vakgebieden en een groot aantal talencombinaties. Sinds de overname van het bureau in 2001 zijn [&hellip;]\" \/>\n<meta property=\"og:url\" content=\"https:\/\/bls-lang.com\/nl\/\" \/>\n<meta property=\"og:site_name\" content=\"BLS agence bureau interpr\u00e8tes traducteurs Bruxelles\" \/>\n<meta property=\"article:publisher\" content=\"https:\/\/www.facebook.com\/BrusselsLanguageServices\" \/>\n<meta property=\"article:modified_time\" content=\"2025-06-25T16:00:20+00:00\" \/>\n<meta property=\"og:image\" content=\"https:\/\/bls-lang.com\/wp-content\/uploads\/2024\/05\/interpretation-conference-organisation-materiel-bls-lang-bruxelles.webp\" \/>\n<meta name=\"twitter:card\" content=\"summary_large_image\" \/>\n<meta name=\"twitter:label1\" content=\"Geschatte leestijd\" \/>\n\t<meta name=\"twitter:data1\" content=\"3 minuten\" \/>\n<script type=\"application\/ld+json\" class=\"yoast-schema-graph\">{\"@context\":\"https:\\\/\\\/schema.org\",\"@graph\":[{\"@type\":\"WebPage\",\"@id\":\"https:\\\/\\\/bls-lang.com\\\/nl\\\/\",\"url\":\"https:\\\/\\\/bls-lang.com\\\/nl\\\/\",\"name\":\"Home - BLS agence bureau interpr\u00e8tes traducteurs Bruxelles\",\"isPartOf\":{\"@id\":\"https:\\\/\\\/bls-lang.com\\\/nl\\\/#website\"},\"primaryImageOfPage\":{\"@id\":\"https:\\\/\\\/bls-lang.com\\\/nl\\\/#primaryimage\"},\"image\":{\"@id\":\"https:\\\/\\\/bls-lang.com\\\/nl\\\/#primaryimage\"},\"thumbnailUrl\":\"https:\\\/\\\/bls-lang.com\\\/wp-content\\\/uploads\\\/2024\\\/05\\\/interpretation-conference-organisation-materiel-bls-lang-bruxelles.webp\",\"datePublished\":\"2023-10-24T08:29:20+00:00\",\"dateModified\":\"2025-06-25T16:00:20+00:00\",\"breadcrumb\":{\"@id\":\"https:\\\/\\\/bls-lang.com\\\/nl\\\/#breadcrumb\"},\"inLanguage\":\"nl-NL\",\"potentialAction\":[{\"@type\":\"ReadAction\",\"target\":[\"https:\\\/\\\/bls-lang.com\\\/nl\\\/\"]}]},{\"@type\":\"ImageObject\",\"inLanguage\":\"nl-NL\",\"@id\":\"https:\\\/\\\/bls-lang.com\\\/nl\\\/#primaryimage\",\"url\":\"https:\\\/\\\/bls-lang.com\\\/wp-content\\\/uploads\\\/2024\\\/05\\\/interpretation-conference-organisation-materiel-bls-lang-bruxelles.webp\",\"contentUrl\":\"https:\\\/\\\/bls-lang.com\\\/wp-content\\\/uploads\\\/2024\\\/05\\\/interpretation-conference-organisation-materiel-bls-lang-bruxelles.webp\"},{\"@type\":\"BreadcrumbList\",\"@id\":\"https:\\\/\\\/bls-lang.com\\\/nl\\\/#breadcrumb\",\"itemListElement\":[{\"@type\":\"ListItem\",\"position\":1,\"name\":\"Accueil\",\"item\":\"https:\\\/\\\/bls-lang.com\\\/nl\\\/\"},{\"@type\":\"ListItem\",\"position\":2,\"name\":\"Home\"}]},{\"@type\":\"WebSite\",\"@id\":\"https:\\\/\\\/bls-lang.com\\\/nl\\\/#website\",\"url\":\"https:\\\/\\\/bls-lang.com\\\/nl\\\/\",\"name\":\"BLS agence bureau interpr\u00e8tes traducteurs Bruxelles\",\"description\":\"Brussels Language Services SRL - service de traduction, interpr\u00e9tation, traducteurs et interpr\u00e8tes pour les particuliers, entreprises, institutions publiques et priv\u00e9es\",\"publisher\":{\"@id\":\"https:\\\/\\\/bls-lang.com\\\/nl\\\/#organization\"},\"potentialAction\":[{\"@type\":\"SearchAction\",\"target\":{\"@type\":\"EntryPoint\",\"urlTemplate\":\"https:\\\/\\\/bls-lang.com\\\/nl\\\/?s={search_term_string}\"},\"query-input\":{\"@type\":\"PropertyValueSpecification\",\"valueRequired\":true,\"valueName\":\"search_term_string\"}}],\"inLanguage\":\"nl-NL\"},{\"@type\":\"Organization\",\"@id\":\"https:\\\/\\\/bls-lang.com\\\/nl\\\/#organization\",\"name\":\"BLS agence bureau interpr\u00e8tes traducteurs Bruxelles\",\"url\":\"https:\\\/\\\/bls-lang.com\\\/nl\\\/\",\"logo\":{\"@type\":\"ImageObject\",\"inLanguage\":\"nl-NL\",\"@id\":\"https:\\\/\\\/bls-lang.com\\\/nl\\\/#\\\/schema\\\/logo\\\/image\\\/\",\"url\":\"https:\\\/\\\/bls-lang.com\\\/wp-content\\\/uploads\\\/2024\\\/05\\\/logo-societe-bls-lang-com-brussels-language-services.webp\",\"contentUrl\":\"https:\\\/\\\/bls-lang.com\\\/wp-content\\\/uploads\\\/2024\\\/05\\\/logo-societe-bls-lang-com-brussels-language-services.webp\",\"width\":1829,\"height\":920,\"caption\":\"BLS agence bureau interpr\u00e8tes traducteurs Bruxelles\"},\"image\":{\"@id\":\"https:\\\/\\\/bls-lang.com\\\/nl\\\/#\\\/schema\\\/logo\\\/image\\\/\"},\"sameAs\":[\"https:\\\/\\\/www.facebook.com\\\/BrusselsLanguageServices\"]}]}<\/script>\n<!-- \/ Yoast SEO Premium plugin. -->","yoast_head_json":{"title":"Home - BLS agence bureau interpr\u00e8tes traducteurs Bruxelles","robots":{"index":"index","follow":"follow","max-snippet":"max-snippet:-1","max-image-preview":"max-image-preview:large","max-video-preview":"max-video-preview:-1"},"canonical":"https:\/\/bls-lang.com\/nl\/","og_locale":"nl_NL","og_type":"article","og_title":"Home","og_description":"Vertaal- en tolkdiensten in alle talen en alle vakgebieden sinds 1974 Vertrouw ons uw project toe Over ons BRUSSELS LANGUAGE SERVICES bv, afgekort BLS bv, is sinds 1974 actief op de vertaalmarkt. We bieden vertaal- en tolkdiensten aan in alle vakgebieden en een groot aantal talencombinaties. Sinds de overname van het bureau in 2001 zijn [&hellip;]","og_url":"https:\/\/bls-lang.com\/nl\/","og_site_name":"BLS agence bureau interpr\u00e8tes traducteurs Bruxelles","article_publisher":"https:\/\/www.facebook.com\/BrusselsLanguageServices","article_modified_time":"2025-06-25T16:00:20+00:00","og_image":[{"url":"https:\/\/bls-lang.com\/wp-content\/uploads\/2024\/05\/interpretation-conference-organisation-materiel-bls-lang-bruxelles.webp","type":"","width":"","height":""}],"twitter_card":"summary_large_image","twitter_misc":{"Geschatte leestijd":"3 minuten"},"schema":{"@context":"https:\/\/schema.org","@graph":[{"@type":"WebPage","@id":"https:\/\/bls-lang.com\/nl\/","url":"https:\/\/bls-lang.com\/nl\/","name":"Home - BLS agence bureau interpr\u00e8tes traducteurs Bruxelles","isPartOf":{"@id":"https:\/\/bls-lang.com\/nl\/#website"},"primaryImageOfPage":{"@id":"https:\/\/bls-lang.com\/nl\/#primaryimage"},"image":{"@id":"https:\/\/bls-lang.com\/nl\/#primaryimage"},"thumbnailUrl":"https:\/\/bls-lang.com\/wp-content\/uploads\/2024\/05\/interpretation-conference-organisation-materiel-bls-lang-bruxelles.webp","datePublished":"2023-10-24T08:29:20+00:00","dateModified":"2025-06-25T16:00:20+00:00","breadcrumb":{"@id":"https:\/\/bls-lang.com\/nl\/#breadcrumb"},"inLanguage":"nl-NL","potentialAction":[{"@type":"ReadAction","target":["https:\/\/bls-lang.com\/nl\/"]}]},{"@type":"ImageObject","inLanguage":"nl-NL","@id":"https:\/\/bls-lang.com\/nl\/#primaryimage","url":"https:\/\/bls-lang.com\/wp-content\/uploads\/2024\/05\/interpretation-conference-organisation-materiel-bls-lang-bruxelles.webp","contentUrl":"https:\/\/bls-lang.com\/wp-content\/uploads\/2024\/05\/interpretation-conference-organisation-materiel-bls-lang-bruxelles.webp"},{"@type":"BreadcrumbList","@id":"https:\/\/bls-lang.com\/nl\/#breadcrumb","itemListElement":[{"@type":"ListItem","position":1,"name":"Accueil","item":"https:\/\/bls-lang.com\/nl\/"},{"@type":"ListItem","position":2,"name":"Home"}]},{"@type":"WebSite","@id":"https:\/\/bls-lang.com\/nl\/#website","url":"https:\/\/bls-lang.com\/nl\/","name":"BLS agence bureau interpr\u00e8tes traducteurs Bruxelles","description":"Brussels Language Services SRL - service de traduction, interpr\u00e9tation, traducteurs et interpr\u00e8tes pour les particuliers, entreprises, institutions publiques et priv\u00e9es","publisher":{"@id":"https:\/\/bls-lang.com\/nl\/#organization"},"potentialAction":[{"@type":"SearchAction","target":{"@type":"EntryPoint","urlTemplate":"https:\/\/bls-lang.com\/nl\/?s={search_term_string}"},"query-input":{"@type":"PropertyValueSpecification","valueRequired":true,"valueName":"search_term_string"}}],"inLanguage":"nl-NL"},{"@type":"Organization","@id":"https:\/\/bls-lang.com\/nl\/#organization","name":"BLS agence bureau interpr\u00e8tes traducteurs Bruxelles","url":"https:\/\/bls-lang.com\/nl\/","logo":{"@type":"ImageObject","inLanguage":"nl-NL","@id":"https:\/\/bls-lang.com\/nl\/#\/schema\/logo\/image\/","url":"https:\/\/bls-lang.com\/wp-content\/uploads\/2024\/05\/logo-societe-bls-lang-com-brussels-language-services.webp","contentUrl":"https:\/\/bls-lang.com\/wp-content\/uploads\/2024\/05\/logo-societe-bls-lang-com-brussels-language-services.webp","width":1829,"height":920,"caption":"BLS agence bureau interpr\u00e8tes traducteurs Bruxelles"},"image":{"@id":"https:\/\/bls-lang.com\/nl\/#\/schema\/logo\/image\/"},"sameAs":["https:\/\/www.facebook.com\/BrusselsLanguageServices"]}]}},"_links":{"self":[{"href":"https:\/\/bls-lang.com\/nl\/wp-json\/wp\/v2\/pages\/3732","targetHints":{"allow":["GET"]}}],"collection":[{"href":"https:\/\/bls-lang.com\/nl\/wp-json\/wp\/v2\/pages"}],"about":[{"href":"https:\/\/bls-lang.com\/nl\/wp-json\/wp\/v2\/types\/page"}],"author":[{"embeddable":true,"href":"https:\/\/bls-lang.com\/nl\/wp-json\/wp\/v2\/users\/1"}],"replies":[{"embeddable":true,"href":"https:\/\/bls-lang.com\/nl\/wp-json\/wp\/v2\/comments?post=3732"}],"version-history":[{"count":53,"href":"https:\/\/bls-lang.com\/nl\/wp-json\/wp\/v2\/pages\/3732\/revisions"}],"predecessor-version":[{"id":7376,"href":"https:\/\/bls-lang.com\/nl\/wp-json\/wp\/v2\/pages\/3732\/revisions\/7376"}],"wp:attachment":[{"href":"https:\/\/bls-lang.com\/nl\/wp-json\/wp\/v2\/media?parent=3732"}],"curies":[{"name":"wp","href":"https:\/\/api.w.org\/{rel}","templated":true}]}}