{"id":3682,"date":"2024-06-16T09:24:38","date_gmt":"2024-06-16T07:24:38","guid":{"rendered":"https:\/\/bls-lang.com\/beedigd-tolken\/"},"modified":"2025-06-25T17:54:55","modified_gmt":"2025-06-25T15:54:55","slug":"beedigd-tolken","status":"publish","type":"page","link":"https:\/\/bls-lang.com\/nl\/beedigd-tolken\/","title":{"rendered":"Be\u00ebdigd tolken"},"content":{"rendered":"\t\t<div data-elementor-type=\"wp-page\" data-elementor-id=\"3682\" class=\"elementor elementor-3682 elementor-3269\" data-elementor-post-type=\"page\">\n\t\t\t\t<div class=\"elementor-element elementor-element-46bc8069 e-flex e-con-boxed e-con e-parent\" data-id=\"46bc8069\" data-element_type=\"container\" data-e-type=\"container\">\n\t\t\t\t\t<div class=\"e-con-inner\">\n\t\t\t\t<div class=\"elementor-element elementor-element-98eb6d0 elementor-widget elementor-widget-text-editor\" data-id=\"98eb6d0\" data-element_type=\"widget\" data-e-type=\"widget\" data-widget_type=\"text-editor.default\">\n\t\t\t\t<div class=\"elementor-widget-container\">\n\t\t\t\t\t\t\t\t\t\n<p>Een bruiloft, een bezoek aan de rechtbank, een hoorzitting, een afspraak als onderdeel van een administratieve procedure&#8230; Wanneer er meerdere talen bij betrokken zijn, kunnen onze be\u00ebdigde tolken u door goede en slechte tijden heen helpen.<\/p>\n\n\n\n<p>Dit is een zeer specifiek vakgebied, waarvoor de tolk een certificering van de FOD Justitie en de vaardigheden van een tolk gespecialiseerd in juridische zaken moet bezitten, evenals goede sociale vaardigheden en empathie moet hebben.<\/p>\n\t\t\t\t\t\t\t\t<\/div>\n\t\t\t\t<\/div>\n\t\t\t\t\t<\/div>\n\t\t\t\t<\/div>\n\t\t\t\t<\/div>\n\t\t","protected":false},"excerpt":{"rendered":"<p>Een bruiloft, een bezoek aan de rechtbank, een hoorzitting, een afspraak als onderdeel van een administratieve procedure&#8230; Wanneer er meerdere talen bij betrokken zijn, kunnen onze be\u00ebdigde tolken u door goede en slechte tijden heen helpen. Dit is een zeer specifiek vakgebied, waarvoor de tolk een certificering van de FOD Justitie en de vaardigheden van [&hellip;]<\/p>\n","protected":false},"author":1,"featured_media":3412,"parent":0,"menu_order":0,"comment_status":"closed","ping_status":"closed","template":"elementor_theme","meta":{"footnotes":""},"class_list":["post-3682","page","type-page","status-publish","has-post-thumbnail","hentry"],"yoast_head":"<!-- This site is optimized with the Yoast SEO Premium plugin v25.8 (Yoast SEO v27.4) - https:\/\/yoast.com\/product\/yoast-seo-premium-wordpress\/ -->\n<title>Be\u00ebdigd tolken - BLS agence bureau interpr\u00e8tes traducteurs Bruxelles<\/title>\n<meta name=\"robots\" content=\"index, follow, max-snippet:-1, max-image-preview:large, max-video-preview:-1\" \/>\n<link rel=\"canonical\" href=\"https:\/\/bls-lang.com\/nl\/beedigd-tolken\/\" \/>\n<meta property=\"og:locale\" content=\"nl_NL\" \/>\n<meta property=\"og:type\" content=\"article\" \/>\n<meta property=\"og:title\" content=\"Be\u00ebdigd tolken\" \/>\n<meta property=\"og:description\" content=\"Een bruiloft, een bezoek aan de rechtbank, een hoorzitting, een afspraak als onderdeel van een administratieve procedure&#8230; Wanneer er meerdere talen bij betrokken zijn, kunnen onze be\u00ebdigde tolken u door goede en slechte tijden heen helpen. Dit is een zeer specifiek vakgebied, waarvoor de tolk een certificering van de FOD Justitie en de vaardigheden van [&hellip;]\" \/>\n<meta property=\"og:url\" content=\"https:\/\/bls-lang.com\/nl\/beedigd-tolken\/\" \/>\n<meta property=\"og:site_name\" content=\"BLS agence bureau interpr\u00e8tes traducteurs Bruxelles\" \/>\n<meta property=\"article:publisher\" content=\"https:\/\/www.facebook.com\/BrusselsLanguageServices\" \/>\n<meta property=\"article:modified_time\" content=\"2025-06-25T15:54:55+00:00\" \/>\n<meta property=\"og:image\" content=\"https:\/\/bls-lang.com\/wp-content\/uploads\/2024\/06\/interpretation-juree.webp\" \/>\n\t<meta property=\"og:image:width\" content=\"1254\" \/>\n\t<meta property=\"og:image:height\" content=\"836\" \/>\n\t<meta property=\"og:image:type\" content=\"image\/webp\" \/>\n<meta name=\"twitter:card\" content=\"summary_large_image\" \/>\n<meta name=\"twitter:label1\" content=\"Geschatte leestijd\" \/>\n\t<meta name=\"twitter:data1\" content=\"1 minuut\" \/>\n<script type=\"application\/ld+json\" class=\"yoast-schema-graph\">{\"@context\":\"https:\\\/\\\/schema.org\",\"@graph\":[{\"@type\":\"WebPage\",\"@id\":\"https:\\\/\\\/bls-lang.com\\\/nl\\\/beedigd-tolken\\\/\",\"url\":\"https:\\\/\\\/bls-lang.com\\\/nl\\\/beedigd-tolken\\\/\",\"name\":\"Be\u00ebdigd tolken - BLS agence bureau interpr\u00e8tes traducteurs Bruxelles\",\"isPartOf\":{\"@id\":\"https:\\\/\\\/bls-lang.com\\\/nl\\\/#website\"},\"primaryImageOfPage\":{\"@id\":\"https:\\\/\\\/bls-lang.com\\\/nl\\\/beedigd-tolken\\\/#primaryimage\"},\"image\":{\"@id\":\"https:\\\/\\\/bls-lang.com\\\/nl\\\/beedigd-tolken\\\/#primaryimage\"},\"thumbnailUrl\":\"https:\\\/\\\/bls-lang.com\\\/wp-content\\\/uploads\\\/2024\\\/06\\\/interpretation-juree.webp\",\"datePublished\":\"2024-06-16T07:24:38+00:00\",\"dateModified\":\"2025-06-25T15:54:55+00:00\",\"breadcrumb\":{\"@id\":\"https:\\\/\\\/bls-lang.com\\\/nl\\\/beedigd-tolken\\\/#breadcrumb\"},\"inLanguage\":\"nl-NL\",\"potentialAction\":[{\"@type\":\"ReadAction\",\"target\":[\"https:\\\/\\\/bls-lang.com\\\/nl\\\/beedigd-tolken\\\/\"]}]},{\"@type\":\"ImageObject\",\"inLanguage\":\"nl-NL\",\"@id\":\"https:\\\/\\\/bls-lang.com\\\/nl\\\/beedigd-tolken\\\/#primaryimage\",\"url\":\"https:\\\/\\\/bls-lang.com\\\/wp-content\\\/uploads\\\/2024\\\/06\\\/interpretation-juree.webp\",\"contentUrl\":\"https:\\\/\\\/bls-lang.com\\\/wp-content\\\/uploads\\\/2024\\\/06\\\/interpretation-juree.webp\",\"width\":1254,\"height\":836,\"caption\":\"Be\u00ebdigd tolken in de juiste talencombinatie georganiseerd door BLS\"},{\"@type\":\"BreadcrumbList\",\"@id\":\"https:\\\/\\\/bls-lang.com\\\/nl\\\/beedigd-tolken\\\/#breadcrumb\",\"itemListElement\":[{\"@type\":\"ListItem\",\"position\":1,\"name\":\"Accueil\",\"item\":\"https:\\\/\\\/bls-lang.com\\\/nl\\\/\"},{\"@type\":\"ListItem\",\"position\":2,\"name\":\"Be\u00ebdigd tolken\"}]},{\"@type\":\"WebSite\",\"@id\":\"https:\\\/\\\/bls-lang.com\\\/nl\\\/#website\",\"url\":\"https:\\\/\\\/bls-lang.com\\\/nl\\\/\",\"name\":\"BLS agence bureau interpr\u00e8tes traducteurs Bruxelles\",\"description\":\"Brussels Language Services SRL - service de traduction, interpr\u00e9tation, traducteurs et interpr\u00e8tes pour les particuliers, entreprises, institutions publiques et priv\u00e9es\",\"publisher\":{\"@id\":\"https:\\\/\\\/bls-lang.com\\\/nl\\\/#organization\"},\"potentialAction\":[{\"@type\":\"SearchAction\",\"target\":{\"@type\":\"EntryPoint\",\"urlTemplate\":\"https:\\\/\\\/bls-lang.com\\\/nl\\\/?s={search_term_string}\"},\"query-input\":{\"@type\":\"PropertyValueSpecification\",\"valueRequired\":true,\"valueName\":\"search_term_string\"}}],\"inLanguage\":\"nl-NL\"},{\"@type\":\"Organization\",\"@id\":\"https:\\\/\\\/bls-lang.com\\\/nl\\\/#organization\",\"name\":\"BLS agence bureau interpr\u00e8tes traducteurs Bruxelles\",\"url\":\"https:\\\/\\\/bls-lang.com\\\/nl\\\/\",\"logo\":{\"@type\":\"ImageObject\",\"inLanguage\":\"nl-NL\",\"@id\":\"https:\\\/\\\/bls-lang.com\\\/nl\\\/#\\\/schema\\\/logo\\\/image\\\/\",\"url\":\"https:\\\/\\\/bls-lang.com\\\/wp-content\\\/uploads\\\/2024\\\/05\\\/logo-societe-bls-lang-com-brussels-language-services.webp\",\"contentUrl\":\"https:\\\/\\\/bls-lang.com\\\/wp-content\\\/uploads\\\/2024\\\/05\\\/logo-societe-bls-lang-com-brussels-language-services.webp\",\"width\":1829,\"height\":920,\"caption\":\"BLS agence bureau interpr\u00e8tes traducteurs Bruxelles\"},\"image\":{\"@id\":\"https:\\\/\\\/bls-lang.com\\\/nl\\\/#\\\/schema\\\/logo\\\/image\\\/\"},\"sameAs\":[\"https:\\\/\\\/www.facebook.com\\\/BrusselsLanguageServices\"]}]}<\/script>\n<!-- \/ Yoast SEO Premium plugin. -->","yoast_head_json":{"title":"Be\u00ebdigd tolken - BLS agence bureau interpr\u00e8tes traducteurs Bruxelles","robots":{"index":"index","follow":"follow","max-snippet":"max-snippet:-1","max-image-preview":"max-image-preview:large","max-video-preview":"max-video-preview:-1"},"canonical":"https:\/\/bls-lang.com\/nl\/beedigd-tolken\/","og_locale":"nl_NL","og_type":"article","og_title":"Be\u00ebdigd tolken","og_description":"Een bruiloft, een bezoek aan de rechtbank, een hoorzitting, een afspraak als onderdeel van een administratieve procedure&#8230; Wanneer er meerdere talen bij betrokken zijn, kunnen onze be\u00ebdigde tolken u door goede en slechte tijden heen helpen. Dit is een zeer specifiek vakgebied, waarvoor de tolk een certificering van de FOD Justitie en de vaardigheden van [&hellip;]","og_url":"https:\/\/bls-lang.com\/nl\/beedigd-tolken\/","og_site_name":"BLS agence bureau interpr\u00e8tes traducteurs Bruxelles","article_publisher":"https:\/\/www.facebook.com\/BrusselsLanguageServices","article_modified_time":"2025-06-25T15:54:55+00:00","og_image":[{"width":1254,"height":836,"url":"https:\/\/bls-lang.com\/wp-content\/uploads\/2024\/06\/interpretation-juree.webp","type":"image\/webp"}],"twitter_card":"summary_large_image","twitter_misc":{"Geschatte leestijd":"1 minuut"},"schema":{"@context":"https:\/\/schema.org","@graph":[{"@type":"WebPage","@id":"https:\/\/bls-lang.com\/nl\/beedigd-tolken\/","url":"https:\/\/bls-lang.com\/nl\/beedigd-tolken\/","name":"Be\u00ebdigd tolken - BLS agence bureau interpr\u00e8tes traducteurs Bruxelles","isPartOf":{"@id":"https:\/\/bls-lang.com\/nl\/#website"},"primaryImageOfPage":{"@id":"https:\/\/bls-lang.com\/nl\/beedigd-tolken\/#primaryimage"},"image":{"@id":"https:\/\/bls-lang.com\/nl\/beedigd-tolken\/#primaryimage"},"thumbnailUrl":"https:\/\/bls-lang.com\/wp-content\/uploads\/2024\/06\/interpretation-juree.webp","datePublished":"2024-06-16T07:24:38+00:00","dateModified":"2025-06-25T15:54:55+00:00","breadcrumb":{"@id":"https:\/\/bls-lang.com\/nl\/beedigd-tolken\/#breadcrumb"},"inLanguage":"nl-NL","potentialAction":[{"@type":"ReadAction","target":["https:\/\/bls-lang.com\/nl\/beedigd-tolken\/"]}]},{"@type":"ImageObject","inLanguage":"nl-NL","@id":"https:\/\/bls-lang.com\/nl\/beedigd-tolken\/#primaryimage","url":"https:\/\/bls-lang.com\/wp-content\/uploads\/2024\/06\/interpretation-juree.webp","contentUrl":"https:\/\/bls-lang.com\/wp-content\/uploads\/2024\/06\/interpretation-juree.webp","width":1254,"height":836,"caption":"Be\u00ebdigd tolken in de juiste talencombinatie georganiseerd door BLS"},{"@type":"BreadcrumbList","@id":"https:\/\/bls-lang.com\/nl\/beedigd-tolken\/#breadcrumb","itemListElement":[{"@type":"ListItem","position":1,"name":"Accueil","item":"https:\/\/bls-lang.com\/nl\/"},{"@type":"ListItem","position":2,"name":"Be\u00ebdigd tolken"}]},{"@type":"WebSite","@id":"https:\/\/bls-lang.com\/nl\/#website","url":"https:\/\/bls-lang.com\/nl\/","name":"BLS agence bureau interpr\u00e8tes traducteurs Bruxelles","description":"Brussels Language Services SRL - service de traduction, interpr\u00e9tation, traducteurs et interpr\u00e8tes pour les particuliers, entreprises, institutions publiques et priv\u00e9es","publisher":{"@id":"https:\/\/bls-lang.com\/nl\/#organization"},"potentialAction":[{"@type":"SearchAction","target":{"@type":"EntryPoint","urlTemplate":"https:\/\/bls-lang.com\/nl\/?s={search_term_string}"},"query-input":{"@type":"PropertyValueSpecification","valueRequired":true,"valueName":"search_term_string"}}],"inLanguage":"nl-NL"},{"@type":"Organization","@id":"https:\/\/bls-lang.com\/nl\/#organization","name":"BLS agence bureau interpr\u00e8tes traducteurs Bruxelles","url":"https:\/\/bls-lang.com\/nl\/","logo":{"@type":"ImageObject","inLanguage":"nl-NL","@id":"https:\/\/bls-lang.com\/nl\/#\/schema\/logo\/image\/","url":"https:\/\/bls-lang.com\/wp-content\/uploads\/2024\/05\/logo-societe-bls-lang-com-brussels-language-services.webp","contentUrl":"https:\/\/bls-lang.com\/wp-content\/uploads\/2024\/05\/logo-societe-bls-lang-com-brussels-language-services.webp","width":1829,"height":920,"caption":"BLS agence bureau interpr\u00e8tes traducteurs Bruxelles"},"image":{"@id":"https:\/\/bls-lang.com\/nl\/#\/schema\/logo\/image\/"},"sameAs":["https:\/\/www.facebook.com\/BrusselsLanguageServices"]}]}},"_links":{"self":[{"href":"https:\/\/bls-lang.com\/nl\/wp-json\/wp\/v2\/pages\/3682","targetHints":{"allow":["GET"]}}],"collection":[{"href":"https:\/\/bls-lang.com\/nl\/wp-json\/wp\/v2\/pages"}],"about":[{"href":"https:\/\/bls-lang.com\/nl\/wp-json\/wp\/v2\/types\/page"}],"author":[{"embeddable":true,"href":"https:\/\/bls-lang.com\/nl\/wp-json\/wp\/v2\/users\/1"}],"replies":[{"embeddable":true,"href":"https:\/\/bls-lang.com\/nl\/wp-json\/wp\/v2\/comments?post=3682"}],"version-history":[{"count":137,"href":"https:\/\/bls-lang.com\/nl\/wp-json\/wp\/v2\/pages\/3682\/revisions"}],"predecessor-version":[{"id":7373,"href":"https:\/\/bls-lang.com\/nl\/wp-json\/wp\/v2\/pages\/3682\/revisions\/7373"}],"wp:featuredmedia":[{"embeddable":true,"href":"https:\/\/bls-lang.com\/nl\/wp-json\/wp\/v2\/media\/3412"}],"wp:attachment":[{"href":"https:\/\/bls-lang.com\/nl\/wp-json\/wp\/v2\/media?parent=3682"}],"curies":[{"name":"wp","href":"https:\/\/api.w.org\/{rel}","templated":true}]}}