{"id":3598,"date":"2024-06-06T12:34:15","date_gmt":"2024-06-06T10:34:15","guid":{"rendered":"https:\/\/bls-lang.com\/revisie\/"},"modified":"2025-06-25T17:54:53","modified_gmt":"2025-06-25T15:54:53","slug":"revisie","status":"publish","type":"page","link":"https:\/\/bls-lang.com\/nl\/revisie\/","title":{"rendered":"Revisie"},"content":{"rendered":"\t\t<div data-elementor-type=\"wp-page\" data-elementor-id=\"3598\" class=\"elementor elementor-3598 elementor-2891\" data-elementor-post-type=\"page\">\n\t\t\t\t<div class=\"elementor-element elementor-element-572658be e-flex e-con-boxed e-con e-parent\" data-id=\"572658be\" data-element_type=\"container\" data-e-type=\"container\">\n\t\t\t\t\t<div class=\"e-con-inner\">\n\t\t\t\t<div class=\"elementor-element elementor-element-44f5e6b0 elementor-widget elementor-widget-text-editor\" data-id=\"44f5e6b0\" data-element_type=\"widget\" data-e-type=\"widget\" data-widget_type=\"text-editor.default\">\n\t\t\t\t<div class=\"elementor-widget-container\">\n\t\t\t\t\t\t\t\t\tRevisie kan op verschillende niveaus worden uitgevoerd: nalezen in vergelijking met de originele tekst, taalkundige of spellingcorrecties, bewerken van de stijl enz. Soms is het ook nodig de brontekst na te lezen voordat deze vertaald wordt, bijvoorbeeld wanneer de auteur de tekst niet in zijn moedertaal heeft geschreven of wanneer de tekst op taalkundig en stilistisch vlak van een onberispelijke kwaliteit moet zijn.\t\t\t\t\t\t\t\t<\/div>\n\t\t\t\t<\/div>\n\t\t\t\t\t<\/div>\n\t\t\t\t<\/div>\n\t\t\t\t<\/div>\n\t\t","protected":false},"excerpt":{"rendered":"<p>Revisie kan op verschillende niveaus worden uitgevoerd: nalezen in vergelijking met de originele tekst, taalkundige of spellingcorrecties, bewerken van de stijl enz. Soms is het ook nodig de brontekst na te lezen voordat deze vertaald wordt, bijvoorbeeld wanneer de auteur de tekst niet in zijn moedertaal heeft geschreven of wanneer de tekst op taalkundig en [&hellip;]<\/p>\n","protected":false},"author":1,"featured_media":3356,"parent":0,"menu_order":0,"comment_status":"closed","ping_status":"closed","template":"elementor_theme","meta":{"footnotes":""},"class_list":["post-3598","page","type-page","status-publish","has-post-thumbnail","hentry"],"yoast_head":"<!-- This site is optimized with the Yoast SEO Premium plugin v25.8 (Yoast SEO v27.3) - https:\/\/yoast.com\/product\/yoast-seo-premium-wordpress\/ -->\n<title>Revisie - BLS agence bureau interpr\u00e8tes traducteurs Bruxelles<\/title>\n<meta name=\"robots\" content=\"index, follow, max-snippet:-1, max-image-preview:large, max-video-preview:-1\" \/>\n<link rel=\"canonical\" href=\"https:\/\/bls-lang.com\/nl\/revisie\/\" \/>\n<meta property=\"og:locale\" content=\"nl_NL\" \/>\n<meta property=\"og:type\" content=\"article\" \/>\n<meta property=\"og:title\" content=\"Revisie\" \/>\n<meta property=\"og:description\" content=\"Revisie kan op verschillende niveaus worden uitgevoerd: nalezen in vergelijking met de originele tekst, taalkundige of spellingcorrecties, bewerken van de stijl enz. Soms is het ook nodig de brontekst na te lezen voordat deze vertaald wordt, bijvoorbeeld wanneer de auteur de tekst niet in zijn moedertaal heeft geschreven of wanneer de tekst op taalkundig en [&hellip;]\" \/>\n<meta property=\"og:url\" content=\"https:\/\/bls-lang.com\/nl\/revisie\/\" \/>\n<meta property=\"og:site_name\" content=\"BLS agence bureau interpr\u00e8tes traducteurs Bruxelles\" \/>\n<meta property=\"article:publisher\" content=\"https:\/\/www.facebook.com\/BrusselsLanguageServices\" \/>\n<meta property=\"article:modified_time\" content=\"2025-06-25T15:54:53+00:00\" \/>\n<meta property=\"og:image\" content=\"https:\/\/bls-lang.com\/wp-content\/uploads\/2024\/05\/revision-document-texte-site-bls-lang.webp\" \/>\n\t<meta property=\"og:image:width\" content=\"1000\" \/>\n\t<meta property=\"og:image:height\" content=\"667\" \/>\n\t<meta property=\"og:image:type\" content=\"image\/webp\" \/>\n<meta name=\"twitter:card\" content=\"summary_large_image\" \/>\n<script type=\"application\/ld+json\" class=\"yoast-schema-graph\">{\"@context\":\"https:\\\/\\\/schema.org\",\"@graph\":[{\"@type\":\"WebPage\",\"@id\":\"https:\\\/\\\/bls-lang.com\\\/nl\\\/revisie\\\/\",\"url\":\"https:\\\/\\\/bls-lang.com\\\/nl\\\/revisie\\\/\",\"name\":\"Revisie - BLS agence bureau interpr\u00e8tes traducteurs Bruxelles\",\"isPartOf\":{\"@id\":\"https:\\\/\\\/bls-lang.com\\\/nl\\\/#website\"},\"primaryImageOfPage\":{\"@id\":\"https:\\\/\\\/bls-lang.com\\\/nl\\\/revisie\\\/#primaryimage\"},\"image\":{\"@id\":\"https:\\\/\\\/bls-lang.com\\\/nl\\\/revisie\\\/#primaryimage\"},\"thumbnailUrl\":\"https:\\\/\\\/bls-lang.com\\\/wp-content\\\/uploads\\\/2024\\\/05\\\/revision-document-texte-site-bls-lang.webp\",\"datePublished\":\"2024-06-06T10:34:15+00:00\",\"dateModified\":\"2025-06-25T15:54:53+00:00\",\"breadcrumb\":{\"@id\":\"https:\\\/\\\/bls-lang.com\\\/nl\\\/revisie\\\/#breadcrumb\"},\"inLanguage\":\"nl-NL\",\"potentialAction\":[{\"@type\":\"ReadAction\",\"target\":[\"https:\\\/\\\/bls-lang.com\\\/nl\\\/revisie\\\/\"]}]},{\"@type\":\"ImageObject\",\"inLanguage\":\"nl-NL\",\"@id\":\"https:\\\/\\\/bls-lang.com\\\/nl\\\/revisie\\\/#primaryimage\",\"url\":\"https:\\\/\\\/bls-lang.com\\\/wp-content\\\/uploads\\\/2024\\\/05\\\/revision-document-texte-site-bls-lang.webp\",\"contentUrl\":\"https:\\\/\\\/bls-lang.com\\\/wp-content\\\/uploads\\\/2024\\\/05\\\/revision-document-texte-site-bls-lang.webp\",\"width\":1000,\"height\":667,\"caption\":\"Documentrevisie, proefschriftrevisie, tekstcorrectie, websiterevisie, bls-lang\"},{\"@type\":\"BreadcrumbList\",\"@id\":\"https:\\\/\\\/bls-lang.com\\\/nl\\\/revisie\\\/#breadcrumb\",\"itemListElement\":[{\"@type\":\"ListItem\",\"position\":1,\"name\":\"Accueil\",\"item\":\"https:\\\/\\\/bls-lang.com\\\/nl\\\/\"},{\"@type\":\"ListItem\",\"position\":2,\"name\":\"Revisie\"}]},{\"@type\":\"WebSite\",\"@id\":\"https:\\\/\\\/bls-lang.com\\\/nl\\\/#website\",\"url\":\"https:\\\/\\\/bls-lang.com\\\/nl\\\/\",\"name\":\"BLS agence bureau interpr\u00e8tes traducteurs Bruxelles\",\"description\":\"Brussels Language Services SRL - service de traduction, interpr\u00e9tation, traducteurs et interpr\u00e8tes pour les particuliers, entreprises, institutions publiques et priv\u00e9es\",\"publisher\":{\"@id\":\"https:\\\/\\\/bls-lang.com\\\/nl\\\/#organization\"},\"potentialAction\":[{\"@type\":\"SearchAction\",\"target\":{\"@type\":\"EntryPoint\",\"urlTemplate\":\"https:\\\/\\\/bls-lang.com\\\/nl\\\/?s={search_term_string}\"},\"query-input\":{\"@type\":\"PropertyValueSpecification\",\"valueRequired\":true,\"valueName\":\"search_term_string\"}}],\"inLanguage\":\"nl-NL\"},{\"@type\":\"Organization\",\"@id\":\"https:\\\/\\\/bls-lang.com\\\/nl\\\/#organization\",\"name\":\"BLS agence bureau interpr\u00e8tes traducteurs Bruxelles\",\"url\":\"https:\\\/\\\/bls-lang.com\\\/nl\\\/\",\"logo\":{\"@type\":\"ImageObject\",\"inLanguage\":\"nl-NL\",\"@id\":\"https:\\\/\\\/bls-lang.com\\\/nl\\\/#\\\/schema\\\/logo\\\/image\\\/\",\"url\":\"https:\\\/\\\/bls-lang.com\\\/wp-content\\\/uploads\\\/2024\\\/05\\\/logo-societe-bls-lang-com-brussels-language-services.webp\",\"contentUrl\":\"https:\\\/\\\/bls-lang.com\\\/wp-content\\\/uploads\\\/2024\\\/05\\\/logo-societe-bls-lang-com-brussels-language-services.webp\",\"width\":1829,\"height\":920,\"caption\":\"BLS agence bureau interpr\u00e8tes traducteurs Bruxelles\"},\"image\":{\"@id\":\"https:\\\/\\\/bls-lang.com\\\/nl\\\/#\\\/schema\\\/logo\\\/image\\\/\"},\"sameAs\":[\"https:\\\/\\\/www.facebook.com\\\/BrusselsLanguageServices\"]}]}<\/script>\n<!-- \/ Yoast SEO Premium plugin. -->","yoast_head_json":{"title":"Revisie - BLS agence bureau interpr\u00e8tes traducteurs Bruxelles","robots":{"index":"index","follow":"follow","max-snippet":"max-snippet:-1","max-image-preview":"max-image-preview:large","max-video-preview":"max-video-preview:-1"},"canonical":"https:\/\/bls-lang.com\/nl\/revisie\/","og_locale":"nl_NL","og_type":"article","og_title":"Revisie","og_description":"Revisie kan op verschillende niveaus worden uitgevoerd: nalezen in vergelijking met de originele tekst, taalkundige of spellingcorrecties, bewerken van de stijl enz. Soms is het ook nodig de brontekst na te lezen voordat deze vertaald wordt, bijvoorbeeld wanneer de auteur de tekst niet in zijn moedertaal heeft geschreven of wanneer de tekst op taalkundig en [&hellip;]","og_url":"https:\/\/bls-lang.com\/nl\/revisie\/","og_site_name":"BLS agence bureau interpr\u00e8tes traducteurs Bruxelles","article_publisher":"https:\/\/www.facebook.com\/BrusselsLanguageServices","article_modified_time":"2025-06-25T15:54:53+00:00","og_image":[{"width":1000,"height":667,"url":"https:\/\/bls-lang.com\/wp-content\/uploads\/2024\/05\/revision-document-texte-site-bls-lang.webp","type":"image\/webp"}],"twitter_card":"summary_large_image","schema":{"@context":"https:\/\/schema.org","@graph":[{"@type":"WebPage","@id":"https:\/\/bls-lang.com\/nl\/revisie\/","url":"https:\/\/bls-lang.com\/nl\/revisie\/","name":"Revisie - BLS agence bureau interpr\u00e8tes traducteurs Bruxelles","isPartOf":{"@id":"https:\/\/bls-lang.com\/nl\/#website"},"primaryImageOfPage":{"@id":"https:\/\/bls-lang.com\/nl\/revisie\/#primaryimage"},"image":{"@id":"https:\/\/bls-lang.com\/nl\/revisie\/#primaryimage"},"thumbnailUrl":"https:\/\/bls-lang.com\/wp-content\/uploads\/2024\/05\/revision-document-texte-site-bls-lang.webp","datePublished":"2024-06-06T10:34:15+00:00","dateModified":"2025-06-25T15:54:53+00:00","breadcrumb":{"@id":"https:\/\/bls-lang.com\/nl\/revisie\/#breadcrumb"},"inLanguage":"nl-NL","potentialAction":[{"@type":"ReadAction","target":["https:\/\/bls-lang.com\/nl\/revisie\/"]}]},{"@type":"ImageObject","inLanguage":"nl-NL","@id":"https:\/\/bls-lang.com\/nl\/revisie\/#primaryimage","url":"https:\/\/bls-lang.com\/wp-content\/uploads\/2024\/05\/revision-document-texte-site-bls-lang.webp","contentUrl":"https:\/\/bls-lang.com\/wp-content\/uploads\/2024\/05\/revision-document-texte-site-bls-lang.webp","width":1000,"height":667,"caption":"Documentrevisie, proefschriftrevisie, tekstcorrectie, websiterevisie, bls-lang"},{"@type":"BreadcrumbList","@id":"https:\/\/bls-lang.com\/nl\/revisie\/#breadcrumb","itemListElement":[{"@type":"ListItem","position":1,"name":"Accueil","item":"https:\/\/bls-lang.com\/nl\/"},{"@type":"ListItem","position":2,"name":"Revisie"}]},{"@type":"WebSite","@id":"https:\/\/bls-lang.com\/nl\/#website","url":"https:\/\/bls-lang.com\/nl\/","name":"BLS agence bureau interpr\u00e8tes traducteurs Bruxelles","description":"Brussels Language Services SRL - service de traduction, interpr\u00e9tation, traducteurs et interpr\u00e8tes pour les particuliers, entreprises, institutions publiques et priv\u00e9es","publisher":{"@id":"https:\/\/bls-lang.com\/nl\/#organization"},"potentialAction":[{"@type":"SearchAction","target":{"@type":"EntryPoint","urlTemplate":"https:\/\/bls-lang.com\/nl\/?s={search_term_string}"},"query-input":{"@type":"PropertyValueSpecification","valueRequired":true,"valueName":"search_term_string"}}],"inLanguage":"nl-NL"},{"@type":"Organization","@id":"https:\/\/bls-lang.com\/nl\/#organization","name":"BLS agence bureau interpr\u00e8tes traducteurs Bruxelles","url":"https:\/\/bls-lang.com\/nl\/","logo":{"@type":"ImageObject","inLanguage":"nl-NL","@id":"https:\/\/bls-lang.com\/nl\/#\/schema\/logo\/image\/","url":"https:\/\/bls-lang.com\/wp-content\/uploads\/2024\/05\/logo-societe-bls-lang-com-brussels-language-services.webp","contentUrl":"https:\/\/bls-lang.com\/wp-content\/uploads\/2024\/05\/logo-societe-bls-lang-com-brussels-language-services.webp","width":1829,"height":920,"caption":"BLS agence bureau interpr\u00e8tes traducteurs Bruxelles"},"image":{"@id":"https:\/\/bls-lang.com\/nl\/#\/schema\/logo\/image\/"},"sameAs":["https:\/\/www.facebook.com\/BrusselsLanguageServices"]}]}},"_links":{"self":[{"href":"https:\/\/bls-lang.com\/nl\/wp-json\/wp\/v2\/pages\/3598","targetHints":{"allow":["GET"]}}],"collection":[{"href":"https:\/\/bls-lang.com\/nl\/wp-json\/wp\/v2\/pages"}],"about":[{"href":"https:\/\/bls-lang.com\/nl\/wp-json\/wp\/v2\/types\/page"}],"author":[{"embeddable":true,"href":"https:\/\/bls-lang.com\/nl\/wp-json\/wp\/v2\/users\/1"}],"replies":[{"embeddable":true,"href":"https:\/\/bls-lang.com\/nl\/wp-json\/wp\/v2\/comments?post=3598"}],"version-history":[{"count":9,"href":"https:\/\/bls-lang.com\/nl\/wp-json\/wp\/v2\/pages\/3598\/revisions"}],"predecessor-version":[{"id":7110,"href":"https:\/\/bls-lang.com\/nl\/wp-json\/wp\/v2\/pages\/3598\/revisions\/7110"}],"wp:featuredmedia":[{"embeddable":true,"href":"https:\/\/bls-lang.com\/nl\/wp-json\/wp\/v2\/media\/3356"}],"wp:attachment":[{"href":"https:\/\/bls-lang.com\/nl\/wp-json\/wp\/v2\/media?parent=3598"}],"curies":[{"name":"wp","href":"https:\/\/api.w.org\/{rel}","templated":true}]}}