{"id":3440,"date":"2024-06-06T12:34:42","date_gmt":"2024-06-06T10:34:42","guid":{"rendered":"https:\/\/bls-lang.com\/vertaling\/"},"modified":"2025-06-25T17:54:50","modified_gmt":"2025-06-25T15:54:50","slug":"vertaling","status":"publish","type":"page","link":"https:\/\/bls-lang.com\/nl\/vertaling\/","title":{"rendered":"Vertaaldiensten"},"content":{"rendered":"\t\t<div data-elementor-type=\"wp-page\" data-elementor-id=\"3440\" class=\"elementor elementor-3440 elementor-54\" data-elementor-post-type=\"page\">\n\t\t\t\t<div class=\"elementor-element elementor-element-27da1cb6 e-con-full e-flex e-con e-parent\" data-id=\"27da1cb6\" data-element_type=\"container\" data-e-type=\"container\">\n\t\t\t\t<div class=\"elementor-element elementor-element-26d11c4b elementor-widget elementor-widget-text-editor\" data-id=\"26d11c4b\" data-element_type=\"widget\" data-e-type=\"widget\" data-widget_type=\"text-editor.default\">\n\t\t\t\t<div class=\"elementor-widget-container\">\n\t\t\t\t\t\t\t\t\tOnze taaldiensten omvatten in de eerste plaats onze vertaaldiensten. Vertalen is het omzetten van een geschreven tekst van de ene taal in de andere. Voor gespecialiseerde teksten doen we een beroep op vertalers die gespecialiseerd zijn in het vakgebied.BLS helpt hen hierbij door up to date terminologiedatabanken te voorzien die gewijd zijn aan een specifiek vakgebied of aan een klant.\t\t\t\t\t\t\t\t<\/div>\n\t\t\t\t<\/div>\n\t\t\t\t<\/div>\n\t\t\t\t<\/div>\n\t\t","protected":false},"excerpt":{"rendered":"<p>Onze taaldiensten omvatten in de eerste plaats onze vertaaldiensten. Vertalen is het omzetten van een geschreven tekst van de ene taal in de andere. Voor gespecialiseerde teksten doen we een beroep op vertalers die gespecialiseerd zijn in het vakgebied.BLS helpt hen hierbij door up to date terminologiedatabanken te voorzien die gewijd zijn aan een specifiek [&hellip;]<\/p>\n","protected":false},"author":1,"featured_media":3364,"parent":0,"menu_order":0,"comment_status":"closed","ping_status":"closed","template":"elementor_theme","meta":{"footnotes":""},"class_list":["post-3440","page","type-page","status-publish","has-post-thumbnail","hentry"],"yoast_head":"<!-- This site is optimized with the Yoast SEO Premium plugin v25.8 (Yoast SEO v27.4) - https:\/\/yoast.com\/product\/yoast-seo-premium-wordpress\/ -->\n<title>Vertaaldiensten - BLS agence bureau interpr\u00e8tes traducteurs Bruxelles<\/title>\n<meta name=\"robots\" content=\"index, follow, max-snippet:-1, max-image-preview:large, max-video-preview:-1\" \/>\n<link rel=\"canonical\" href=\"https:\/\/bls-lang.com\/nl\/vertaling\/\" \/>\n<meta property=\"og:locale\" content=\"nl_NL\" \/>\n<meta property=\"og:type\" content=\"article\" \/>\n<meta property=\"og:title\" content=\"Vertaaldiensten\" \/>\n<meta property=\"og:description\" content=\"Onze taaldiensten omvatten in de eerste plaats onze vertaaldiensten. Vertalen is het omzetten van een geschreven tekst van de ene taal in de andere. Voor gespecialiseerde teksten doen we een beroep op vertalers die gespecialiseerd zijn in het vakgebied.BLS helpt hen hierbij door up to date terminologiedatabanken te voorzien die gewijd zijn aan een specifiek [&hellip;]\" \/>\n<meta property=\"og:url\" content=\"https:\/\/bls-lang.com\/nl\/vertaling\/\" \/>\n<meta property=\"og:site_name\" content=\"BLS agence bureau interpr\u00e8tes traducteurs Bruxelles\" \/>\n<meta property=\"article:publisher\" content=\"https:\/\/www.facebook.com\/BrusselsLanguageServices\" \/>\n<meta property=\"article:modified_time\" content=\"2025-06-25T15:54:50+00:00\" \/>\n<meta property=\"og:image\" content=\"https:\/\/bls-lang.com\/wp-content\/uploads\/2024\/05\/traduction-toutes-langues-monde-entier-bls-lang.webp\" \/>\n\t<meta property=\"og:image:width\" content=\"1000\" \/>\n\t<meta property=\"og:image:height\" content=\"667\" \/>\n\t<meta property=\"og:image:type\" content=\"image\/webp\" \/>\n<meta name=\"twitter:card\" content=\"summary_large_image\" \/>\n<meta name=\"twitter:label1\" content=\"Geschatte leestijd\" \/>\n\t<meta name=\"twitter:data1\" content=\"1 minuut\" \/>\n<script type=\"application\/ld+json\" class=\"yoast-schema-graph\">{\"@context\":\"https:\\\/\\\/schema.org\",\"@graph\":[{\"@type\":\"WebPage\",\"@id\":\"https:\\\/\\\/bls-lang.com\\\/nl\\\/vertaling\\\/\",\"url\":\"https:\\\/\\\/bls-lang.com\\\/nl\\\/vertaling\\\/\",\"name\":\"Vertaaldiensten - BLS agence bureau interpr\u00e8tes traducteurs Bruxelles\",\"isPartOf\":{\"@id\":\"https:\\\/\\\/bls-lang.com\\\/nl\\\/#website\"},\"primaryImageOfPage\":{\"@id\":\"https:\\\/\\\/bls-lang.com\\\/nl\\\/vertaling\\\/#primaryimage\"},\"image\":{\"@id\":\"https:\\\/\\\/bls-lang.com\\\/nl\\\/vertaling\\\/#primaryimage\"},\"thumbnailUrl\":\"https:\\\/\\\/bls-lang.com\\\/wp-content\\\/uploads\\\/2024\\\/05\\\/traduction-toutes-langues-monde-entier-bls-lang.webp\",\"datePublished\":\"2024-06-06T10:34:42+00:00\",\"dateModified\":\"2025-06-25T15:54:50+00:00\",\"breadcrumb\":{\"@id\":\"https:\\\/\\\/bls-lang.com\\\/nl\\\/vertaling\\\/#breadcrumb\"},\"inLanguage\":\"nl-NL\",\"potentialAction\":[{\"@type\":\"ReadAction\",\"target\":[\"https:\\\/\\\/bls-lang.com\\\/nl\\\/vertaling\\\/\"]}]},{\"@type\":\"ImageObject\",\"inLanguage\":\"nl-NL\",\"@id\":\"https:\\\/\\\/bls-lang.com\\\/nl\\\/vertaling\\\/#primaryimage\",\"url\":\"https:\\\/\\\/bls-lang.com\\\/wp-content\\\/uploads\\\/2024\\\/05\\\/traduction-toutes-langues-monde-entier-bls-lang.webp\",\"contentUrl\":\"https:\\\/\\\/bls-lang.com\\\/wp-content\\\/uploads\\\/2024\\\/05\\\/traduction-toutes-langues-monde-entier-bls-lang.webp\",\"width\":1000,\"height\":667,\"caption\":\"BLS kantoor vertaalbureau alle talen brussel belgi\u00eb\"},{\"@type\":\"BreadcrumbList\",\"@id\":\"https:\\\/\\\/bls-lang.com\\\/nl\\\/vertaling\\\/#breadcrumb\",\"itemListElement\":[{\"@type\":\"ListItem\",\"position\":1,\"name\":\"Accueil\",\"item\":\"https:\\\/\\\/bls-lang.com\\\/nl\\\/\"},{\"@type\":\"ListItem\",\"position\":2,\"name\":\"Vertaaldiensten\"}]},{\"@type\":\"WebSite\",\"@id\":\"https:\\\/\\\/bls-lang.com\\\/nl\\\/#website\",\"url\":\"https:\\\/\\\/bls-lang.com\\\/nl\\\/\",\"name\":\"BLS agence bureau interpr\u00e8tes traducteurs Bruxelles\",\"description\":\"Brussels Language Services SRL - service de traduction, interpr\u00e9tation, traducteurs et interpr\u00e8tes pour les particuliers, entreprises, institutions publiques et priv\u00e9es\",\"publisher\":{\"@id\":\"https:\\\/\\\/bls-lang.com\\\/nl\\\/#organization\"},\"potentialAction\":[{\"@type\":\"SearchAction\",\"target\":{\"@type\":\"EntryPoint\",\"urlTemplate\":\"https:\\\/\\\/bls-lang.com\\\/nl\\\/?s={search_term_string}\"},\"query-input\":{\"@type\":\"PropertyValueSpecification\",\"valueRequired\":true,\"valueName\":\"search_term_string\"}}],\"inLanguage\":\"nl-NL\"},{\"@type\":\"Organization\",\"@id\":\"https:\\\/\\\/bls-lang.com\\\/nl\\\/#organization\",\"name\":\"BLS agence bureau interpr\u00e8tes traducteurs Bruxelles\",\"url\":\"https:\\\/\\\/bls-lang.com\\\/nl\\\/\",\"logo\":{\"@type\":\"ImageObject\",\"inLanguage\":\"nl-NL\",\"@id\":\"https:\\\/\\\/bls-lang.com\\\/nl\\\/#\\\/schema\\\/logo\\\/image\\\/\",\"url\":\"https:\\\/\\\/bls-lang.com\\\/wp-content\\\/uploads\\\/2024\\\/05\\\/logo-societe-bls-lang-com-brussels-language-services.webp\",\"contentUrl\":\"https:\\\/\\\/bls-lang.com\\\/wp-content\\\/uploads\\\/2024\\\/05\\\/logo-societe-bls-lang-com-brussels-language-services.webp\",\"width\":1829,\"height\":920,\"caption\":\"BLS agence bureau interpr\u00e8tes traducteurs Bruxelles\"},\"image\":{\"@id\":\"https:\\\/\\\/bls-lang.com\\\/nl\\\/#\\\/schema\\\/logo\\\/image\\\/\"},\"sameAs\":[\"https:\\\/\\\/www.facebook.com\\\/BrusselsLanguageServices\"]}]}<\/script>\n<!-- \/ Yoast SEO Premium plugin. -->","yoast_head_json":{"title":"Vertaaldiensten - BLS agence bureau interpr\u00e8tes traducteurs Bruxelles","robots":{"index":"index","follow":"follow","max-snippet":"max-snippet:-1","max-image-preview":"max-image-preview:large","max-video-preview":"max-video-preview:-1"},"canonical":"https:\/\/bls-lang.com\/nl\/vertaling\/","og_locale":"nl_NL","og_type":"article","og_title":"Vertaaldiensten","og_description":"Onze taaldiensten omvatten in de eerste plaats onze vertaaldiensten. Vertalen is het omzetten van een geschreven tekst van de ene taal in de andere. Voor gespecialiseerde teksten doen we een beroep op vertalers die gespecialiseerd zijn in het vakgebied.BLS helpt hen hierbij door up to date terminologiedatabanken te voorzien die gewijd zijn aan een specifiek [&hellip;]","og_url":"https:\/\/bls-lang.com\/nl\/vertaling\/","og_site_name":"BLS agence bureau interpr\u00e8tes traducteurs Bruxelles","article_publisher":"https:\/\/www.facebook.com\/BrusselsLanguageServices","article_modified_time":"2025-06-25T15:54:50+00:00","og_image":[{"width":1000,"height":667,"url":"https:\/\/bls-lang.com\/wp-content\/uploads\/2024\/05\/traduction-toutes-langues-monde-entier-bls-lang.webp","type":"image\/webp"}],"twitter_card":"summary_large_image","twitter_misc":{"Geschatte leestijd":"1 minuut"},"schema":{"@context":"https:\/\/schema.org","@graph":[{"@type":"WebPage","@id":"https:\/\/bls-lang.com\/nl\/vertaling\/","url":"https:\/\/bls-lang.com\/nl\/vertaling\/","name":"Vertaaldiensten - BLS agence bureau interpr\u00e8tes traducteurs Bruxelles","isPartOf":{"@id":"https:\/\/bls-lang.com\/nl\/#website"},"primaryImageOfPage":{"@id":"https:\/\/bls-lang.com\/nl\/vertaling\/#primaryimage"},"image":{"@id":"https:\/\/bls-lang.com\/nl\/vertaling\/#primaryimage"},"thumbnailUrl":"https:\/\/bls-lang.com\/wp-content\/uploads\/2024\/05\/traduction-toutes-langues-monde-entier-bls-lang.webp","datePublished":"2024-06-06T10:34:42+00:00","dateModified":"2025-06-25T15:54:50+00:00","breadcrumb":{"@id":"https:\/\/bls-lang.com\/nl\/vertaling\/#breadcrumb"},"inLanguage":"nl-NL","potentialAction":[{"@type":"ReadAction","target":["https:\/\/bls-lang.com\/nl\/vertaling\/"]}]},{"@type":"ImageObject","inLanguage":"nl-NL","@id":"https:\/\/bls-lang.com\/nl\/vertaling\/#primaryimage","url":"https:\/\/bls-lang.com\/wp-content\/uploads\/2024\/05\/traduction-toutes-langues-monde-entier-bls-lang.webp","contentUrl":"https:\/\/bls-lang.com\/wp-content\/uploads\/2024\/05\/traduction-toutes-langues-monde-entier-bls-lang.webp","width":1000,"height":667,"caption":"BLS kantoor vertaalbureau alle talen brussel belgi\u00eb"},{"@type":"BreadcrumbList","@id":"https:\/\/bls-lang.com\/nl\/vertaling\/#breadcrumb","itemListElement":[{"@type":"ListItem","position":1,"name":"Accueil","item":"https:\/\/bls-lang.com\/nl\/"},{"@type":"ListItem","position":2,"name":"Vertaaldiensten"}]},{"@type":"WebSite","@id":"https:\/\/bls-lang.com\/nl\/#website","url":"https:\/\/bls-lang.com\/nl\/","name":"BLS agence bureau interpr\u00e8tes traducteurs Bruxelles","description":"Brussels Language Services SRL - service de traduction, interpr\u00e9tation, traducteurs et interpr\u00e8tes pour les particuliers, entreprises, institutions publiques et priv\u00e9es","publisher":{"@id":"https:\/\/bls-lang.com\/nl\/#organization"},"potentialAction":[{"@type":"SearchAction","target":{"@type":"EntryPoint","urlTemplate":"https:\/\/bls-lang.com\/nl\/?s={search_term_string}"},"query-input":{"@type":"PropertyValueSpecification","valueRequired":true,"valueName":"search_term_string"}}],"inLanguage":"nl-NL"},{"@type":"Organization","@id":"https:\/\/bls-lang.com\/nl\/#organization","name":"BLS agence bureau interpr\u00e8tes traducteurs Bruxelles","url":"https:\/\/bls-lang.com\/nl\/","logo":{"@type":"ImageObject","inLanguage":"nl-NL","@id":"https:\/\/bls-lang.com\/nl\/#\/schema\/logo\/image\/","url":"https:\/\/bls-lang.com\/wp-content\/uploads\/2024\/05\/logo-societe-bls-lang-com-brussels-language-services.webp","contentUrl":"https:\/\/bls-lang.com\/wp-content\/uploads\/2024\/05\/logo-societe-bls-lang-com-brussels-language-services.webp","width":1829,"height":920,"caption":"BLS agence bureau interpr\u00e8tes traducteurs Bruxelles"},"image":{"@id":"https:\/\/bls-lang.com\/nl\/#\/schema\/logo\/image\/"},"sameAs":["https:\/\/www.facebook.com\/BrusselsLanguageServices"]}]}},"_links":{"self":[{"href":"https:\/\/bls-lang.com\/nl\/wp-json\/wp\/v2\/pages\/3440","targetHints":{"allow":["GET"]}}],"collection":[{"href":"https:\/\/bls-lang.com\/nl\/wp-json\/wp\/v2\/pages"}],"about":[{"href":"https:\/\/bls-lang.com\/nl\/wp-json\/wp\/v2\/types\/page"}],"author":[{"embeddable":true,"href":"https:\/\/bls-lang.com\/nl\/wp-json\/wp\/v2\/users\/1"}],"replies":[{"embeddable":true,"href":"https:\/\/bls-lang.com\/nl\/wp-json\/wp\/v2\/comments?post=3440"}],"version-history":[{"count":11,"href":"https:\/\/bls-lang.com\/nl\/wp-json\/wp\/v2\/pages\/3440\/revisions"}],"predecessor-version":[{"id":7093,"href":"https:\/\/bls-lang.com\/nl\/wp-json\/wp\/v2\/pages\/3440\/revisions\/7093"}],"wp:featuredmedia":[{"embeddable":true,"href":"https:\/\/bls-lang.com\/nl\/wp-json\/wp\/v2\/media\/3364"}],"wp:attachment":[{"href":"https:\/\/bls-lang.com\/nl\/wp-json\/wp\/v2\/media?parent=3440"}],"curies":[{"name":"wp","href":"https:\/\/api.w.org\/{rel}","templated":true}]}}