{"id":6344,"date":"2025-02-13T18:52:18","date_gmt":"2025-02-13T16:52:18","guid":{"rendered":"https:\/\/bls-lang.com\/?page_id=6344"},"modified":"2025-06-19T15:16:44","modified_gmt":"2025-06-19T13:16:44","slug":"internship-student-translation-translator","status":"publish","type":"page","link":"https:\/\/bls-lang.com\/en\/internship-student-translation-translator\/","title":{"rendered":"Internships"},"content":{"rendered":"\t\t<div data-elementor-type=\"wp-page\" data-elementor-id=\"6344\" class=\"elementor elementor-6344 elementor-6342\" data-elementor-post-type=\"page\">\n\t\t\t\t<div class=\"elementor-element elementor-element-16928c2 e-flex e-con-boxed e-con e-parent\" data-id=\"16928c2\" data-element_type=\"container\" data-e-type=\"container\">\n\t\t\t\t\t<div class=\"e-con-inner\">\n\t\t<div class=\"elementor-element elementor-element-5e71db6 e-con-full e-flex e-con e-child\" data-id=\"5e71db6\" data-element_type=\"container\" data-e-type=\"container\">\n\t\t\t\t<div class=\"elementor-element elementor-element-41a3fbc elementor-widget elementor-widget-heading\" data-id=\"41a3fbc\" data-element_type=\"widget\" data-e-type=\"widget\" data-widget_type=\"heading.default\">\n\t\t\t\t<div class=\"elementor-widget-container\">\n\t\t\t\t\t<h1 class=\"elementor-heading-title elementor-size-default\">Internships<\/h1>\t\t\t\t<\/div>\n\t\t\t\t<\/div>\n\t\t\t\t<div class=\"elementor-element elementor-element-a6928b4 elementor-widget elementor-widget-text-editor\" data-id=\"a6928b4\" data-element_type=\"widget\" data-e-type=\"widget\" data-widget_type=\"text-editor.default\">\n\t\t\t\t<div class=\"elementor-widget-container\">\n\t\t\t\t\t\t\t\t\t<p>Drawing on her teaching experience, and keen to pass on her knowledge, Elisabeth Lequeue set up a network of translation internships as soon as she became coordinator of the BLS office in 2000.<\/p><p>That&#8217;s why we&#8217;ve been involved on a daily basis in training the best student translators from the best schools across Europe for many years, which benefits everyone \u2013 students, in-house team, management and customers alike. This is truly a win-win: translation trainees assist with the long and arduous tasks involved in producing quality translations, and in return acquire discipline, tips &amp; tricks and first-hand knowledge of the working realities of subjects which they have spent years studying but which they have not yet put to the test in a business environment.<\/p><p>The internship is a core part of a five-year Master&#8217;s degree in translation, requiring an enormous amount of knowledge \u2013 linguistic, cultural, general and technical, as well as practical. Where better to learn all aspects of the profession than at a translation agency: text analysis, file preparation, tools, terminology, databases, deadlines, briefings, as well as being part of a team!<\/p><p>An internship is often far too short (although this varies from country to country and from school to school) given the magnitude of the task involved in learning the ropes, discovering what translators do day-to-day, and gaining first-hand experience in the field. That&#8217;s why we take care to ensure that our interns are properly nurtured and guided, so that they understand what is required of us in terms of results, meeting deadlines and satisfying customer expectations.<\/p><p><a href=\"https:\/\/bls-lang.com\/en\/internship-student-translation-testimony\/\" target=\"_blank\" rel=\"noopener\">So when we receive this kind of testimonial, we feel we&#8217;ve fulfilled part of our mission.<\/a><\/p>\t\t\t\t\t\t\t\t<\/div>\n\t\t\t\t<\/div>\n\t\t\t\t<\/div>\n\t\t<div class=\"elementor-element elementor-element-50276e5 e-con-full e-flex e-con e-child\" data-id=\"50276e5\" data-element_type=\"container\" data-e-type=\"container\">\n\t\t\t\t<div class=\"elementor-element elementor-element-ebe0107 elementor-widget elementor-widget-image\" data-id=\"ebe0107\" data-element_type=\"widget\" data-e-type=\"widget\" data-widget_type=\"image.default\">\n\t\t\t\t<div class=\"elementor-widget-container\">\n\t\t\t\t\t\t\t\t\t\t\t\t\t\t\t<img fetchpriority=\"high\" decoding=\"async\" width=\"767\" height=\"431\" src=\"https:\/\/bls-lang.com\/wp-content\/uploads\/2024\/07\/Stage_BLS_LANG_COM.webp\" class=\"attachment-large size-large wp-image-5904\" alt=\"Trainee at BLS-LANG\" srcset=\"https:\/\/bls-lang.com\/wp-content\/uploads\/2024\/07\/Stage_BLS_LANG_COM.webp 767w, https:\/\/bls-lang.com\/wp-content\/uploads\/2024\/07\/Stage_BLS_LANG_COM-300x169.webp 300w\" sizes=\"(max-width: 767px) 100vw, 767px\" \/>\t\t\t\t\t\t\t\t\t\t\t\t\t\t\t<\/div>\n\t\t\t\t<\/div>\n\t\t\t\t<div class=\"elementor-element elementor-element-888632d elementor-widget elementor-widget-spacer\" data-id=\"888632d\" data-element_type=\"widget\" data-e-type=\"widget\" data-widget_type=\"spacer.default\">\n\t\t\t\t<div class=\"elementor-widget-container\">\n\t\t\t\t\t\t\t<div class=\"elementor-spacer\">\n\t\t\t<div class=\"elementor-spacer-inner\"><\/div>\n\t\t<\/div>\n\t\t\t\t\t\t<\/div>\n\t\t\t\t<\/div>\n\t\t\t\t<div class=\"elementor-element elementor-element-e78564e elementor-widget elementor-widget-button\" data-id=\"e78564e\" data-element_type=\"widget\" data-e-type=\"widget\" data-widget_type=\"button.default\">\n\t\t\t\t<div class=\"elementor-widget-container\">\n\t\t\t\t\t\t\t\t\t<div class=\"elementor-button-wrapper\">\n\t\t\t\t\t<a class=\"elementor-button elementor-button-link elementor-size-sm elementor-animation-grow\" href=\"https:\/\/bls-lang.com\/en\/translation-interpreting-agency-brussels\/\">\n\t\t\t\t\t\t<span class=\"elementor-button-content-wrapper\">\n\t\t\t\t\t\t<span class=\"elementor-button-icon\">\n\t\t\t\t<svg aria-hidden=\"true\" class=\"e-font-icon-svg e-far-handshake\" viewBox=\"0 0 640 512\" xmlns=\"http:\/\/www.w3.org\/2000\/svg\"><path d=\"M519.2 127.9l-47.6-47.6A56.252 56.252 0 0 0 432 64H205.2c-14.8 0-29.1 5.9-39.6 16.3L118 127.9H0v255.7h64c17.6 0 31.8-14.2 31.9-31.7h9.1l84.6 76.4c30.9 25.1 73.8 25.7 105.6 3.8 12.5 10.8 26 15.9 41.1 15.9 18.2 0 35.3-7.4 48.8-24 22.1 8.7 48.2 2.6 64-16.8l26.2-32.3c5.6-6.9 9.1-14.8 10.9-23h57.9c.1 17.5 14.4 31.7 31.9 31.7h64V127.9H519.2zM48 351.6c-8.8 0-16-7.2-16-16s7.2-16 16-16 16 7.2 16 16c0 8.9-7.2 16-16 16zm390-6.9l-26.1 32.2c-2.8 3.4-7.8 4-11.3 1.2l-23.9-19.4-30 36.5c-6 7.3-15 4.8-18 2.4l-36.8-31.5-15.6 19.2c-13.9 17.1-39.2 19.7-55.3 6.6l-97.3-88H96V175.8h41.9l61.7-61.6c2-.8 3.7-1.5 5.7-2.3H262l-38.7 35.5c-29.4 26.9-31.1 72.3-4.4 101.3 14.8 16.2 61.2 41.2 101.5 4.4l8.2-7.5 108.2 87.8c3.4 2.8 3.9 7.9 1.2 11.3zm106-40.8h-69.2c-2.3-2.8-4.9-5.4-7.7-7.7l-102.7-83.4 12.5-11.4c6.5-6 7-16.1 1-22.6L367 167.1c-6-6.5-16.1-6.9-22.6-1l-55.2 50.6c-9.5 8.7-25.7 9.4-34.6 0-9.3-9.9-8.5-25.1 1.2-33.9l65.6-60.1c7.4-6.8 17-10.5 27-10.5l83.7-.2c2.1 0 4.1.8 5.5 2.3l61.7 61.6H544v128zm48 47.7c-8.8 0-16-7.2-16-16s7.2-16 16-16 16 7.2 16 16c0 8.9-7.2 16-16 16z\"><\/path><\/svg>\t\t\t<\/span>\n\t\t\t\t\t\t\t\t\t<span class=\"elementor-button-text\">Click here for a top-notch internship<\/span>\n\t\t\t\t\t<\/span>\n\t\t\t\t\t<\/a>\n\t\t\t\t<\/div>\n\t\t\t\t\t\t\t\t<\/div>\n\t\t\t\t<\/div>\n\t\t\t\t<\/div>\n\t\t\t\t\t<\/div>\n\t\t\t\t<\/div>\n\t\t\t\t<\/div>\n\t\t","protected":false},"excerpt":{"rendered":"<p>&#8230; we are involved on a daily basis in training the best student translators from the best schools &#8230;<\/p>\n","protected":false},"author":1,"featured_media":5904,"parent":0,"menu_order":0,"comment_status":"closed","ping_status":"closed","template":"elementor_theme","meta":{"footnotes":""},"class_list":["post-6344","page","type-page","status-publish","has-post-thumbnail","hentry"],"yoast_head":"<!-- This site is optimized with the Yoast SEO Premium plugin v25.8 (Yoast SEO v27.4) - https:\/\/yoast.com\/product\/yoast-seo-premium-wordpress\/ -->\n<title>Internships student translation translator Belgium Brussels<\/title>\n<meta name=\"description\" content=\"Are you looking for a translation internship in a reputable agency, surrounded by friendly professionals? We&amp;apos;re waiting for you \ud83d\ude09\" \/>\n<meta name=\"robots\" content=\"index, follow, max-snippet:-1, max-image-preview:large, max-video-preview:-1\" \/>\n<link rel=\"canonical\" href=\"https:\/\/bls-lang.com\/en\/internship-student-translation-translator\/\" \/>\n<meta property=\"og:locale\" content=\"en_GB\" \/>\n<meta property=\"og:type\" content=\"article\" \/>\n<meta property=\"og:title\" content=\"Internships\" \/>\n<meta property=\"og:description\" content=\"Are you looking for a translation internship in a reputable agency, surrounded by friendly professionals? We&amp;apos;re waiting for you \ud83d\ude09\" \/>\n<meta property=\"og:url\" content=\"https:\/\/bls-lang.com\/en\/internship-student-translation-translator\/\" \/>\n<meta property=\"og:site_name\" content=\"BLS agence bureau interpr\u00e8tes traducteurs Bruxelles\" \/>\n<meta property=\"article:publisher\" content=\"https:\/\/www.facebook.com\/BrusselsLanguageServices\" \/>\n<meta property=\"article:modified_time\" content=\"2025-06-19T13:16:44+00:00\" \/>\n<meta property=\"og:image\" content=\"https:\/\/bls-lang.com\/wp-content\/uploads\/2024\/07\/Stage_BLS_LANG_COM.webp\" \/>\n\t<meta property=\"og:image:width\" content=\"767\" \/>\n\t<meta property=\"og:image:height\" content=\"431\" \/>\n\t<meta property=\"og:image:type\" content=\"image\/webp\" \/>\n<meta name=\"twitter:card\" content=\"summary_large_image\" \/>\n<meta name=\"twitter:label1\" content=\"Estimated reading time\" \/>\n\t<meta name=\"twitter:data1\" content=\"2 minutes\" \/>\n<script type=\"application\/ld+json\" class=\"yoast-schema-graph\">{\"@context\":\"https:\\\/\\\/schema.org\",\"@graph\":[{\"@type\":\"WebPage\",\"@id\":\"https:\\\/\\\/bls-lang.com\\\/en\\\/internship-student-translation-translator\\\/\",\"url\":\"https:\\\/\\\/bls-lang.com\\\/en\\\/internship-student-translation-translator\\\/\",\"name\":\"Internships student translation translator Belgium Brussels\",\"isPartOf\":{\"@id\":\"https:\\\/\\\/bls-lang.com\\\/en\\\/#website\"},\"primaryImageOfPage\":{\"@id\":\"https:\\\/\\\/bls-lang.com\\\/en\\\/internship-student-translation-translator\\\/#primaryimage\"},\"image\":{\"@id\":\"https:\\\/\\\/bls-lang.com\\\/en\\\/internship-student-translation-translator\\\/#primaryimage\"},\"thumbnailUrl\":\"https:\\\/\\\/bls-lang.com\\\/wp-content\\\/uploads\\\/2024\\\/07\\\/Stage_BLS_LANG_COM.webp\",\"datePublished\":\"2025-02-13T16:52:18+00:00\",\"dateModified\":\"2025-06-19T13:16:44+00:00\",\"description\":\"Are you looking for a translation internship in a reputable agency, surrounded by friendly professionals? We&apos;re waiting for you \ud83d\ude09\",\"breadcrumb\":{\"@id\":\"https:\\\/\\\/bls-lang.com\\\/en\\\/internship-student-translation-translator\\\/#breadcrumb\"},\"inLanguage\":\"en-GB\",\"potentialAction\":[{\"@type\":\"ReadAction\",\"target\":[\"https:\\\/\\\/bls-lang.com\\\/en\\\/internship-student-translation-translator\\\/\"]}]},{\"@type\":\"ImageObject\",\"inLanguage\":\"en-GB\",\"@id\":\"https:\\\/\\\/bls-lang.com\\\/en\\\/internship-student-translation-translator\\\/#primaryimage\",\"url\":\"https:\\\/\\\/bls-lang.com\\\/wp-content\\\/uploads\\\/2024\\\/07\\\/Stage_BLS_LANG_COM.webp\",\"contentUrl\":\"https:\\\/\\\/bls-lang.com\\\/wp-content\\\/uploads\\\/2024\\\/07\\\/Stage_BLS_LANG_COM.webp\",\"width\":767,\"height\":431,\"caption\":\"BLS-LANG translation student internship at the top\"},{\"@type\":\"BreadcrumbList\",\"@id\":\"https:\\\/\\\/bls-lang.com\\\/en\\\/internship-student-translation-translator\\\/#breadcrumb\",\"itemListElement\":[{\"@type\":\"ListItem\",\"position\":1,\"name\":\"Accueil\",\"item\":\"https:\\\/\\\/bls-lang.com\\\/en\\\/\"},{\"@type\":\"ListItem\",\"position\":2,\"name\":\"Internships\"}]},{\"@type\":\"WebSite\",\"@id\":\"https:\\\/\\\/bls-lang.com\\\/en\\\/#website\",\"url\":\"https:\\\/\\\/bls-lang.com\\\/en\\\/\",\"name\":\"BLS agence bureau interpr\u00e8tes traducteurs Bruxelles\",\"description\":\"Brussels Language Services SRL - service de traduction, interpr\u00e9tation, traducteurs et interpr\u00e8tes pour les particuliers, entreprises, institutions publiques et priv\u00e9es\",\"publisher\":{\"@id\":\"https:\\\/\\\/bls-lang.com\\\/en\\\/#organization\"},\"potentialAction\":[{\"@type\":\"SearchAction\",\"target\":{\"@type\":\"EntryPoint\",\"urlTemplate\":\"https:\\\/\\\/bls-lang.com\\\/en\\\/?s={search_term_string}\"},\"query-input\":{\"@type\":\"PropertyValueSpecification\",\"valueRequired\":true,\"valueName\":\"search_term_string\"}}],\"inLanguage\":\"en-GB\"},{\"@type\":\"Organization\",\"@id\":\"https:\\\/\\\/bls-lang.com\\\/en\\\/#organization\",\"name\":\"BLS agence bureau interpr\u00e8tes traducteurs Bruxelles\",\"url\":\"https:\\\/\\\/bls-lang.com\\\/en\\\/\",\"logo\":{\"@type\":\"ImageObject\",\"inLanguage\":\"en-GB\",\"@id\":\"https:\\\/\\\/bls-lang.com\\\/en\\\/#\\\/schema\\\/logo\\\/image\\\/\",\"url\":\"https:\\\/\\\/bls-lang.com\\\/wp-content\\\/uploads\\\/2024\\\/05\\\/logo-societe-bls-lang-com-brussels-language-services.webp\",\"contentUrl\":\"https:\\\/\\\/bls-lang.com\\\/wp-content\\\/uploads\\\/2024\\\/05\\\/logo-societe-bls-lang-com-brussels-language-services.webp\",\"width\":1829,\"height\":920,\"caption\":\"BLS agence bureau interpr\u00e8tes traducteurs Bruxelles\"},\"image\":{\"@id\":\"https:\\\/\\\/bls-lang.com\\\/en\\\/#\\\/schema\\\/logo\\\/image\\\/\"},\"sameAs\":[\"https:\\\/\\\/www.facebook.com\\\/BrusselsLanguageServices\"]}]}<\/script>\n<!-- \/ Yoast SEO Premium plugin. -->","yoast_head_json":{"title":"Internships student translation translator Belgium Brussels","description":"Are you looking for a translation internship in a reputable agency, surrounded by friendly professionals? We&apos;re waiting for you \ud83d\ude09","robots":{"index":"index","follow":"follow","max-snippet":"max-snippet:-1","max-image-preview":"max-image-preview:large","max-video-preview":"max-video-preview:-1"},"canonical":"https:\/\/bls-lang.com\/en\/internship-student-translation-translator\/","og_locale":"en_GB","og_type":"article","og_title":"Internships","og_description":"Are you looking for a translation internship in a reputable agency, surrounded by friendly professionals? We&apos;re waiting for you \ud83d\ude09","og_url":"https:\/\/bls-lang.com\/en\/internship-student-translation-translator\/","og_site_name":"BLS agence bureau interpr\u00e8tes traducteurs Bruxelles","article_publisher":"https:\/\/www.facebook.com\/BrusselsLanguageServices","article_modified_time":"2025-06-19T13:16:44+00:00","og_image":[{"width":767,"height":431,"url":"https:\/\/bls-lang.com\/wp-content\/uploads\/2024\/07\/Stage_BLS_LANG_COM.webp","type":"image\/webp"}],"twitter_card":"summary_large_image","twitter_misc":{"Estimated reading time":"2 minutes"},"schema":{"@context":"https:\/\/schema.org","@graph":[{"@type":"WebPage","@id":"https:\/\/bls-lang.com\/en\/internship-student-translation-translator\/","url":"https:\/\/bls-lang.com\/en\/internship-student-translation-translator\/","name":"Internships student translation translator Belgium Brussels","isPartOf":{"@id":"https:\/\/bls-lang.com\/en\/#website"},"primaryImageOfPage":{"@id":"https:\/\/bls-lang.com\/en\/internship-student-translation-translator\/#primaryimage"},"image":{"@id":"https:\/\/bls-lang.com\/en\/internship-student-translation-translator\/#primaryimage"},"thumbnailUrl":"https:\/\/bls-lang.com\/wp-content\/uploads\/2024\/07\/Stage_BLS_LANG_COM.webp","datePublished":"2025-02-13T16:52:18+00:00","dateModified":"2025-06-19T13:16:44+00:00","description":"Are you looking for a translation internship in a reputable agency, surrounded by friendly professionals? We&apos;re waiting for you \ud83d\ude09","breadcrumb":{"@id":"https:\/\/bls-lang.com\/en\/internship-student-translation-translator\/#breadcrumb"},"inLanguage":"en-GB","potentialAction":[{"@type":"ReadAction","target":["https:\/\/bls-lang.com\/en\/internship-student-translation-translator\/"]}]},{"@type":"ImageObject","inLanguage":"en-GB","@id":"https:\/\/bls-lang.com\/en\/internship-student-translation-translator\/#primaryimage","url":"https:\/\/bls-lang.com\/wp-content\/uploads\/2024\/07\/Stage_BLS_LANG_COM.webp","contentUrl":"https:\/\/bls-lang.com\/wp-content\/uploads\/2024\/07\/Stage_BLS_LANG_COM.webp","width":767,"height":431,"caption":"BLS-LANG translation student internship at the top"},{"@type":"BreadcrumbList","@id":"https:\/\/bls-lang.com\/en\/internship-student-translation-translator\/#breadcrumb","itemListElement":[{"@type":"ListItem","position":1,"name":"Accueil","item":"https:\/\/bls-lang.com\/en\/"},{"@type":"ListItem","position":2,"name":"Internships"}]},{"@type":"WebSite","@id":"https:\/\/bls-lang.com\/en\/#website","url":"https:\/\/bls-lang.com\/en\/","name":"BLS agence bureau interpr\u00e8tes traducteurs Bruxelles","description":"Brussels Language Services SRL - service de traduction, interpr\u00e9tation, traducteurs et interpr\u00e8tes pour les particuliers, entreprises, institutions publiques et priv\u00e9es","publisher":{"@id":"https:\/\/bls-lang.com\/en\/#organization"},"potentialAction":[{"@type":"SearchAction","target":{"@type":"EntryPoint","urlTemplate":"https:\/\/bls-lang.com\/en\/?s={search_term_string}"},"query-input":{"@type":"PropertyValueSpecification","valueRequired":true,"valueName":"search_term_string"}}],"inLanguage":"en-GB"},{"@type":"Organization","@id":"https:\/\/bls-lang.com\/en\/#organization","name":"BLS agence bureau interpr\u00e8tes traducteurs Bruxelles","url":"https:\/\/bls-lang.com\/en\/","logo":{"@type":"ImageObject","inLanguage":"en-GB","@id":"https:\/\/bls-lang.com\/en\/#\/schema\/logo\/image\/","url":"https:\/\/bls-lang.com\/wp-content\/uploads\/2024\/05\/logo-societe-bls-lang-com-brussels-language-services.webp","contentUrl":"https:\/\/bls-lang.com\/wp-content\/uploads\/2024\/05\/logo-societe-bls-lang-com-brussels-language-services.webp","width":1829,"height":920,"caption":"BLS agence bureau interpr\u00e8tes traducteurs Bruxelles"},"image":{"@id":"https:\/\/bls-lang.com\/en\/#\/schema\/logo\/image\/"},"sameAs":["https:\/\/www.facebook.com\/BrusselsLanguageServices"]}]}},"_links":{"self":[{"href":"https:\/\/bls-lang.com\/en\/wp-json\/wp\/v2\/pages\/6344","targetHints":{"allow":["GET"]}}],"collection":[{"href":"https:\/\/bls-lang.com\/en\/wp-json\/wp\/v2\/pages"}],"about":[{"href":"https:\/\/bls-lang.com\/en\/wp-json\/wp\/v2\/types\/page"}],"author":[{"embeddable":true,"href":"https:\/\/bls-lang.com\/en\/wp-json\/wp\/v2\/users\/1"}],"replies":[{"embeddable":true,"href":"https:\/\/bls-lang.com\/en\/wp-json\/wp\/v2\/comments?post=6344"}],"version-history":[{"count":9,"href":"https:\/\/bls-lang.com\/en\/wp-json\/wp\/v2\/pages\/6344\/revisions"}],"predecessor-version":[{"id":7059,"href":"https:\/\/bls-lang.com\/en\/wp-json\/wp\/v2\/pages\/6344\/revisions\/7059"}],"wp:featuredmedia":[{"embeddable":true,"href":"https:\/\/bls-lang.com\/en\/wp-json\/wp\/v2\/media\/5904"}],"wp:attachment":[{"href":"https:\/\/bls-lang.com\/en\/wp-json\/wp\/v2\/media?parent=6344"}],"curies":[{"name":"wp","href":"https:\/\/api.w.org\/{rel}","templated":true}]}}