{"id":5502,"date":"2024-07-18T19:41:14","date_gmt":"2024-07-18T17:41:14","guid":{"rendered":"https:\/\/bls-lang.com\/privacy-policy-legal-notice\/"},"modified":"2025-06-26T13:03:20","modified_gmt":"2025-06-26T11:03:20","slug":"privacy-policy-legal-notice","status":"publish","type":"page","link":"https:\/\/bls-lang.com\/en\/privacy-policy-legal-notice\/","title":{"rendered":"Privacy Policy and Legal Notice"},"content":{"rendered":"\t\t<div data-elementor-type=\"wp-page\" data-elementor-id=\"5502\" class=\"elementor elementor-5502 elementor-5493\" data-elementor-post-type=\"page\">\n\t\t\t\t<div class=\"elementor-element elementor-element-94d0584 e-flex e-con-boxed e-con e-parent\" data-id=\"94d0584\" data-element_type=\"container\" data-e-type=\"container\">\n\t\t\t\t\t<div class=\"e-con-inner\">\n\t\t\t\t<div class=\"elementor-element elementor-element-e935678 elementor-widget elementor-widget-heading\" data-id=\"e935678\" data-element_type=\"widget\" data-e-type=\"widget\" data-widget_type=\"heading.default\">\n\t\t\t\t<div class=\"elementor-widget-container\">\n\t\t\t\t\t<h1 class=\"elementor-heading-title elementor-size-default\">Privacy Policy and Legal Notice\n<\/h1>\t\t\t\t<\/div>\n\t\t\t\t<\/div>\n\t\t\t\t<div class=\"elementor-element elementor-element-92b5a48 elementor-widget elementor-widget-text-editor\" data-id=\"92b5a48\" data-element_type=\"widget\" data-e-type=\"widget\" data-widget_type=\"text-editor.default\">\n\t\t\t\t<div class=\"elementor-widget-container\">\n\t\t\t\t\t\t\t\t\t<h1><strong>PRIVACY POLICY<\/strong><\/h1>\n<h1 id=\"h-politique-de-confidentialite-nbsp\" class=\"wp-block-heading\"><span style=\"text-align: var(--text-align); font-size: 1rem;\">The aim of BLS translation and interpreting agency&apos;s privacy policy is to protect the privacy of website users. This policy applies to all BLS services. BLS respects the privacy of website users and ensures the confidential treatment of any personal information they provide.<\/h1>\n<p>The personal data we obtain from you will only be used by our company in accordance with data protection laws. You can use our website without having to provide any personal information. When you visit our website, you essentially remain anonymous. Any personal information you give us is voluntary, for example when you complete the contact form.<\/p>\n<p>This personal information may include the following:<\/p>\n<p>First name and surname<\/p>\n<p>Address<\/p>\n<p>E-mail address<\/p>\n<p>Telephone number:<\/p>\n<p>Function<\/p>\n<p>We only use your telephone number to contact you at your request. We need your e-mail address so that we can communicate with you (e.g. request for information, quote or references).<\/p>\n<p>If we use your data for a purpose for which your consent is required by law, we will expressly ask for your consent. You may, of course, cancel any authorisation given at any time and\/or object to any other use. The law stipulates that we are authorised to use data for advertising purposes, for market research, to improve our services and for user profiles under a pseudonym. But only if you have not exercised your right to object to this use of your data.<\/p>\n<p>We use cookies for some of our services. Cookies are small data files that your Internet browser stores on your computer. Cookies can store information about your visits to our site. Most browsers are set up to accept cookies as standard. However, you can configure your browser to refuse cookies or to ask for confirmation beforehand. If you refuse cookies, some functions of our website may not work.<\/p>\n<p>This website uses Google Analytics, an advertising analysis service provided by Google Inc. (\u201cGoogle\u201d). Google Analytics uses cookies. The information generated by the cookie about your use of this website (including your IP address) will be transmitted to and stored by Google on servers in the United States. Google will use this information for the purpose of evaluating your use of the website, compiling reports on website activity for website operators and providing other services relating to website activity and internet usage. In some cases Google will pass on this information to third parties, insofar as this is legally prescribed or if the third party in question processes the data on behalf of Google. Google will not associate your IP address with any other data held by Google. You can prevent the installation of cookies by selecting the appropriate setting on your browser; however, we would draw your attention to the fact that in this case not all of the website&apos;s functions can be used to their full potential. By using this website, you consent to the processing of data about you by Google in the manner and for the purposes set out above.<\/p>\n<p>Without the express authorisation of the person concerned, the data collected by electronic tracking technologies is not used to identify the website visitor personally, and is not associated with the personal data of the holder of the pseudonym. You may object to the processing and storage of your data at any time.<\/p>\n<p>You have the right at any time to consult, correct, add to or delete the personal data stored about you.Brussels, January 2023.<\/p>\n<h2 id=\"h-mentions-legales\" class=\"wp-block-heading\">Legal notices<\/h2>\n<p><em>Where to find us:<\/em><\/p>\n<p>rue du Marteau 8 &#8211; 1210 Brussels<\/p>\n<p><em>Send us an email:<\/em><\/p>\n<p><a href=\"mailto:trad@bls-lang.com\">trad@bls-lang.com<\/a><\/p>\n<p><em>Contact us by telephone:<\/em><\/p>\n<p><a href=\"http:\/\/tel:+3222235154\">Phone: +32 (0)2 223 51 54<\/a><\/p>\n<\/p>\n<p>All rights reserved &#8211; BLS SRL<\/p>\n\t\t\t\t\t\t\t\t<\/div>\n\t\t\t\t<\/div>\n\t\t\t\t\t<\/div>\n\t\t\t\t<\/div>\n\t\t\t\t<\/div>\n\t\t","protected":false},"excerpt":{"rendered":"<p>Privacy Policy and Legal Notice PRIVACY POLICY The aim of BLS translation and interpreting agency&apos;s privacy policy is to protect the privacy of website users. This policy applies to all BLS services. BLS respects the privacy of website users and ensures the confidential treatment of any personal information they provide. The personal data we obtain [&hellip;]<\/p>\n","protected":false},"author":1,"featured_media":0,"parent":0,"menu_order":0,"comment_status":"closed","ping_status":"closed","template":"","meta":{"footnotes":""},"class_list":["post-5502","page","type-page","status-publish","hentry"],"yoast_head":"<!-- This site is optimized with the Yoast SEO Premium plugin v25.8 (Yoast SEO v27.4) - https:\/\/yoast.com\/product\/yoast-seo-premium-wordpress\/ -->\n<title>Privacy Policy and Legal Notice - BLS agence bureau interpr\u00e8tes traducteurs Bruxelles<\/title>\n<meta name=\"robots\" content=\"index, follow, max-snippet:-1, max-image-preview:large, max-video-preview:-1\" \/>\n<link rel=\"canonical\" href=\"https:\/\/bls-lang.com\/en\/privacy-policy-legal-notice\/\" \/>\n<meta property=\"og:locale\" content=\"en_GB\" \/>\n<meta property=\"og:type\" content=\"article\" \/>\n<meta property=\"og:title\" content=\"Privacy Policy and Legal Notice\" \/>\n<meta property=\"og:description\" content=\"Privacy Policy and Legal Notice PRIVACY POLICY The aim of BLS translation and interpreting agency&amp;apos;s privacy policy is to protect the privacy of website users. This policy applies to all BLS services. BLS respects the privacy of website users and ensures the confidential treatment of any personal information they provide. The personal data we obtain [&hellip;]\" \/>\n<meta property=\"og:url\" content=\"https:\/\/bls-lang.com\/en\/privacy-policy-legal-notice\/\" \/>\n<meta property=\"og:site_name\" content=\"BLS agence bureau interpr\u00e8tes traducteurs Bruxelles\" \/>\n<meta property=\"article:publisher\" content=\"https:\/\/www.facebook.com\/BrusselsLanguageServices\" \/>\n<meta property=\"article:modified_time\" content=\"2025-06-26T11:03:20+00:00\" \/>\n<meta property=\"og:image\" content=\"https:\/\/bls-lang.com\/wp-content\/uploads\/2024\/07\/logo-societe-bls-lang-com-brussels-language-services-yoast.webp\" \/>\n\t<meta property=\"og:image:width\" content=\"1150\" \/>\n\t<meta property=\"og:image:height\" content=\"579\" \/>\n\t<meta property=\"og:image:type\" content=\"image\/webp\" \/>\n<meta name=\"twitter:card\" content=\"summary_large_image\" \/>\n<meta name=\"twitter:label1\" content=\"Estimated reading time\" \/>\n\t<meta name=\"twitter:data1\" content=\"3 minutes\" \/>\n<script type=\"application\/ld+json\" class=\"yoast-schema-graph\">{\"@context\":\"https:\\\/\\\/schema.org\",\"@graph\":[{\"@type\":\"WebPage\",\"@id\":\"https:\\\/\\\/bls-lang.com\\\/en\\\/privacy-policy-legal-notice\\\/\",\"url\":\"https:\\\/\\\/bls-lang.com\\\/en\\\/privacy-policy-legal-notice\\\/\",\"name\":\"Privacy Policy and Legal Notice - BLS agence bureau interpr\u00e8tes traducteurs Bruxelles\",\"isPartOf\":{\"@id\":\"https:\\\/\\\/bls-lang.com\\\/en\\\/#website\"},\"datePublished\":\"2024-07-18T17:41:14+00:00\",\"dateModified\":\"2025-06-26T11:03:20+00:00\",\"breadcrumb\":{\"@id\":\"https:\\\/\\\/bls-lang.com\\\/en\\\/privacy-policy-legal-notice\\\/#breadcrumb\"},\"inLanguage\":\"en-GB\",\"potentialAction\":[{\"@type\":\"ReadAction\",\"target\":[\"https:\\\/\\\/bls-lang.com\\\/en\\\/privacy-policy-legal-notice\\\/\"]}]},{\"@type\":\"BreadcrumbList\",\"@id\":\"https:\\\/\\\/bls-lang.com\\\/en\\\/privacy-policy-legal-notice\\\/#breadcrumb\",\"itemListElement\":[{\"@type\":\"ListItem\",\"position\":1,\"name\":\"Accueil\",\"item\":\"https:\\\/\\\/bls-lang.com\\\/en\\\/\"},{\"@type\":\"ListItem\",\"position\":2,\"name\":\"Privacy Policy and Legal Notice\"}]},{\"@type\":\"WebSite\",\"@id\":\"https:\\\/\\\/bls-lang.com\\\/en\\\/#website\",\"url\":\"https:\\\/\\\/bls-lang.com\\\/en\\\/\",\"name\":\"BLS agence bureau interpr\u00e8tes traducteurs Bruxelles\",\"description\":\"Brussels Language Services SRL - service de traduction, interpr\u00e9tation, traducteurs et interpr\u00e8tes pour les particuliers, entreprises, institutions publiques et priv\u00e9es\",\"publisher\":{\"@id\":\"https:\\\/\\\/bls-lang.com\\\/en\\\/#organization\"},\"potentialAction\":[{\"@type\":\"SearchAction\",\"target\":{\"@type\":\"EntryPoint\",\"urlTemplate\":\"https:\\\/\\\/bls-lang.com\\\/en\\\/?s={search_term_string}\"},\"query-input\":{\"@type\":\"PropertyValueSpecification\",\"valueRequired\":true,\"valueName\":\"search_term_string\"}}],\"inLanguage\":\"en-GB\"},{\"@type\":\"Organization\",\"@id\":\"https:\\\/\\\/bls-lang.com\\\/en\\\/#organization\",\"name\":\"BLS agence bureau interpr\u00e8tes traducteurs Bruxelles\",\"url\":\"https:\\\/\\\/bls-lang.com\\\/en\\\/\",\"logo\":{\"@type\":\"ImageObject\",\"inLanguage\":\"en-GB\",\"@id\":\"https:\\\/\\\/bls-lang.com\\\/en\\\/#\\\/schema\\\/logo\\\/image\\\/\",\"url\":\"https:\\\/\\\/bls-lang.com\\\/wp-content\\\/uploads\\\/2024\\\/05\\\/logo-societe-bls-lang-com-brussels-language-services.webp\",\"contentUrl\":\"https:\\\/\\\/bls-lang.com\\\/wp-content\\\/uploads\\\/2024\\\/05\\\/logo-societe-bls-lang-com-brussels-language-services.webp\",\"width\":1829,\"height\":920,\"caption\":\"BLS agence bureau interpr\u00e8tes traducteurs Bruxelles\"},\"image\":{\"@id\":\"https:\\\/\\\/bls-lang.com\\\/en\\\/#\\\/schema\\\/logo\\\/image\\\/\"},\"sameAs\":[\"https:\\\/\\\/www.facebook.com\\\/BrusselsLanguageServices\"]}]}<\/script>\n<!-- \/ Yoast SEO Premium plugin. -->","yoast_head_json":{"title":"Privacy Policy and Legal Notice - BLS agence bureau interpr\u00e8tes traducteurs Bruxelles","robots":{"index":"index","follow":"follow","max-snippet":"max-snippet:-1","max-image-preview":"max-image-preview:large","max-video-preview":"max-video-preview:-1"},"canonical":"https:\/\/bls-lang.com\/en\/privacy-policy-legal-notice\/","og_locale":"en_GB","og_type":"article","og_title":"Privacy Policy and Legal Notice","og_description":"Privacy Policy and Legal Notice PRIVACY POLICY The aim of BLS translation and interpreting agency&apos;s privacy policy is to protect the privacy of website users. This policy applies to all BLS services. BLS respects the privacy of website users and ensures the confidential treatment of any personal information they provide. The personal data we obtain [&hellip;]","og_url":"https:\/\/bls-lang.com\/en\/privacy-policy-legal-notice\/","og_site_name":"BLS agence bureau interpr\u00e8tes traducteurs Bruxelles","article_publisher":"https:\/\/www.facebook.com\/BrusselsLanguageServices","article_modified_time":"2025-06-26T11:03:20+00:00","og_image":[{"width":1150,"height":579,"url":"https:\/\/bls-lang.com\/wp-content\/uploads\/2024\/07\/logo-societe-bls-lang-com-brussels-language-services-yoast.webp","type":"image\/webp"}],"twitter_card":"summary_large_image","twitter_misc":{"Estimated reading time":"3 minutes"},"schema":{"@context":"https:\/\/schema.org","@graph":[{"@type":"WebPage","@id":"https:\/\/bls-lang.com\/en\/privacy-policy-legal-notice\/","url":"https:\/\/bls-lang.com\/en\/privacy-policy-legal-notice\/","name":"Privacy Policy and Legal Notice - BLS agence bureau interpr\u00e8tes traducteurs Bruxelles","isPartOf":{"@id":"https:\/\/bls-lang.com\/en\/#website"},"datePublished":"2024-07-18T17:41:14+00:00","dateModified":"2025-06-26T11:03:20+00:00","breadcrumb":{"@id":"https:\/\/bls-lang.com\/en\/privacy-policy-legal-notice\/#breadcrumb"},"inLanguage":"en-GB","potentialAction":[{"@type":"ReadAction","target":["https:\/\/bls-lang.com\/en\/privacy-policy-legal-notice\/"]}]},{"@type":"BreadcrumbList","@id":"https:\/\/bls-lang.com\/en\/privacy-policy-legal-notice\/#breadcrumb","itemListElement":[{"@type":"ListItem","position":1,"name":"Accueil","item":"https:\/\/bls-lang.com\/en\/"},{"@type":"ListItem","position":2,"name":"Privacy Policy and Legal Notice"}]},{"@type":"WebSite","@id":"https:\/\/bls-lang.com\/en\/#website","url":"https:\/\/bls-lang.com\/en\/","name":"BLS agence bureau interpr\u00e8tes traducteurs Bruxelles","description":"Brussels Language Services SRL - service de traduction, interpr\u00e9tation, traducteurs et interpr\u00e8tes pour les particuliers, entreprises, institutions publiques et priv\u00e9es","publisher":{"@id":"https:\/\/bls-lang.com\/en\/#organization"},"potentialAction":[{"@type":"SearchAction","target":{"@type":"EntryPoint","urlTemplate":"https:\/\/bls-lang.com\/en\/?s={search_term_string}"},"query-input":{"@type":"PropertyValueSpecification","valueRequired":true,"valueName":"search_term_string"}}],"inLanguage":"en-GB"},{"@type":"Organization","@id":"https:\/\/bls-lang.com\/en\/#organization","name":"BLS agence bureau interpr\u00e8tes traducteurs Bruxelles","url":"https:\/\/bls-lang.com\/en\/","logo":{"@type":"ImageObject","inLanguage":"en-GB","@id":"https:\/\/bls-lang.com\/en\/#\/schema\/logo\/image\/","url":"https:\/\/bls-lang.com\/wp-content\/uploads\/2024\/05\/logo-societe-bls-lang-com-brussels-language-services.webp","contentUrl":"https:\/\/bls-lang.com\/wp-content\/uploads\/2024\/05\/logo-societe-bls-lang-com-brussels-language-services.webp","width":1829,"height":920,"caption":"BLS agence bureau interpr\u00e8tes traducteurs Bruxelles"},"image":{"@id":"https:\/\/bls-lang.com\/en\/#\/schema\/logo\/image\/"},"sameAs":["https:\/\/www.facebook.com\/BrusselsLanguageServices"]}]}},"_links":{"self":[{"href":"https:\/\/bls-lang.com\/en\/wp-json\/wp\/v2\/pages\/5502","targetHints":{"allow":["GET"]}}],"collection":[{"href":"https:\/\/bls-lang.com\/en\/wp-json\/wp\/v2\/pages"}],"about":[{"href":"https:\/\/bls-lang.com\/en\/wp-json\/wp\/v2\/types\/page"}],"author":[{"embeddable":true,"href":"https:\/\/bls-lang.com\/en\/wp-json\/wp\/v2\/users\/1"}],"replies":[{"embeddable":true,"href":"https:\/\/bls-lang.com\/en\/wp-json\/wp\/v2\/comments?post=5502"}],"version-history":[{"count":4,"href":"https:\/\/bls-lang.com\/en\/wp-json\/wp\/v2\/pages\/5502\/revisions"}],"predecessor-version":[{"id":7425,"href":"https:\/\/bls-lang.com\/en\/wp-json\/wp\/v2\/pages\/5502\/revisions\/7425"}],"wp:attachment":[{"href":"https:\/\/bls-lang.com\/en\/wp-json\/wp\/v2\/media?parent=5502"}],"curies":[{"name":"wp","href":"https:\/\/api.w.org\/{rel}","templated":true}]}}