{"id":5283,"date":"2024-07-08T08:58:53","date_gmt":"2024-07-08T06:58:53","guid":{"rendered":"https:\/\/bls-lang.com\/methodology\/"},"modified":"2025-06-26T12:22:50","modified_gmt":"2025-06-26T10:22:50","slug":"methodology","status":"publish","type":"page","link":"https:\/\/bls-lang.com\/en\/methodology\/","title":{"rendered":"Methodology"},"content":{"rendered":"\t\t<div data-elementor-type=\"wp-page\" data-elementor-id=\"5283\" class=\"elementor elementor-5283 elementor-5124\" data-elementor-post-type=\"page\">\n\t\t\t\t<div class=\"elementor-element elementor-element-47073dd4 e-con-full e-flex e-con e-parent\" data-id=\"47073dd4\" data-element_type=\"container\" data-e-type=\"container\">\n\t\t\t\t<div class=\"elementor-element elementor-element-dc8de29 elementor-widget elementor-widget-heading\" data-id=\"dc8de29\" data-element_type=\"widget\" data-e-type=\"widget\" data-widget_type=\"heading.default\">\n\t\t\t\t<div class=\"elementor-widget-container\">\n\t\t\t\t\t<h2 class=\"elementor-heading-title elementor-size-default\">Methodology<\/h2>\t\t\t\t<\/div>\n\t\t\t\t<\/div>\n\t\t\t\t<div class=\"elementor-element elementor-element-523eb607 elementor-widget__width-initial elementor--h-position-center elementor--v-position-middle elementor-arrows-position-inside elementor-pagination-position-inside elementor-widget elementor-widget-slides\" data-id=\"523eb607\" data-element_type=\"widget\" data-e-type=\"widget\" data-settings=\"{&quot;autoplay_speed&quot;:8000,&quot;navigation&quot;:&quot;both&quot;,&quot;autoplay&quot;:&quot;yes&quot;,&quot;pause_on_hover&quot;:&quot;yes&quot;,&quot;pause_on_interaction&quot;:&quot;yes&quot;,&quot;infinite&quot;:&quot;yes&quot;,&quot;transition&quot;:&quot;slide&quot;,&quot;transition_speed&quot;:500}\" data-widget_type=\"slides.default\">\n\t\t\t\t<div class=\"elementor-widget-container\">\n\t\t\t\t\t\t\t\t\t<div class=\"elementor-swiper\">\n\t\t\t\t\t<div class=\"elementor-slides-wrapper elementor-main-swiper swiper\" role=\"region\" aria-roledescription=\"carousel\" aria-label=\"Slides\" dir=\"ltr\" data-animation=\"\">\n\t\t\t\t<div class=\"swiper-wrapper elementor-slides\">\n\t\t\t\t\t\t\t\t\t\t<div class=\"elementor-repeater-item-b9246ca swiper-slide\" role=\"group\" aria-roledescription=\"slide\"><div class=\"swiper-slide-bg\"><\/div><a class=\"swiper-slide-inner\" href=\"https:\/\/bls-lang.com\/en\/translation-interpreting-agency-brussels\/\"><div class=\"swiper-slide-contents\"><div class=\"elementor-slide-heading\"><center>Our in-house team<\/div><div class=\"elementor-slide-description\"><p>Our project managers are first and foremost responsible for managing each and every one of your projects.<br \/>\n\u2028<br \/>\nOur in-house team then revise and perform quality control checks on the translations delivered by our freelancers.<br \/>\n\u2028<br \/>\nThis is not only a linguistic check, but also a check against your guidelines.                     <\/p>\n<\/div><div  class=\"elementor-button elementor-slide-button elementor-size-sm\">Send a project to BLS<\/div><\/div><\/a><\/div><div class=\"elementor-repeater-item-6903c7e swiper-slide\" role=\"group\" aria-roledescription=\"slide\"><div class=\"swiper-slide-bg\"><\/div><a class=\"swiper-slide-inner\" href=\"https:\/\/bls-lang.com\/en\/translation-interpreting-agency-brussels\/\"><div class=\"swiper-slide-contents\"><div class=\"elementor-slide-heading\"><center>Analysis of the customer request<\/div><div class=\"elementor-slide-description\"><p>Every order is unique.<br \/>\n\u2028<br \/>\nYou&apos;re not just another customer: a company may have its own requirements or recommendations, which we need to take into account throughout the translation process.<br \/>\n\u2028<br \/>\nDeadlines, terminology, reference documents, tools... Depending on the type of document to be translated, the factors to be taken into consideration can be very different.<br \/>\n\u2028<br \/>\n\u2028<\/p>\n<\/div><div  class=\"elementor-button elementor-slide-button elementor-size-sm\">Send a project to BLS<\/div><\/div><\/a><\/div><div class=\"elementor-repeater-item-80aab4a swiper-slide\" role=\"group\" aria-roledescription=\"slide\"><div class=\"swiper-slide-bg\"><\/div><a class=\"swiper-slide-inner\" href=\"https:\/\/bls-lang.com\/en\/translation-interpreting-agency-brussels\/\"><div class=\"swiper-slide-contents\"><div class=\"elementor-slide-heading\"><center>Terminology<\/div><div class=\"elementor-slide-description\"><p>We are experts in terminology searches, storage and retrieval. We compile terminology databases specific to our clients and the subject matter.<br \/>\n\u2028<br \/>\nThese terminology banks are built up over the course of collaborations, or as part of one-off projects. These databases are populated by specific research, previous translations and our customers&apos; own terminology lists. We naturally invite our customers to approve the terminology that applies to them.<br \/>\n\u2028<br \/>\nThere are many advantages to maintaining these databases: Reduced work and research time, standardisation of terminology for a specific client or field, consistency between different translations, and between different translators.<br \/>\n\u2028<br \/>\nOur customer and domain databases currently include over 150,000 specialist terms, which are classified and computer-readable.<br \/>\n\u2028<\/p>\n<\/div><div  class=\"elementor-button elementor-slide-button elementor-size-sm\">Send a project to BLS<\/div><\/div><\/a><\/div><div class=\"elementor-repeater-item-a38e37b swiper-slide\" role=\"group\" aria-roledescription=\"slide\"><div class=\"swiper-slide-bg\"><\/div><a class=\"swiper-slide-inner\" href=\"https:\/\/bls-lang.com\/en\/translation-interpreting-agency-brussels\/\"><div class=\"swiper-slide-contents\"><div class=\"elementor-slide-heading\"><center>Tools<\/div><div class=\"elementor-slide-description\"><p>Each project is analysed from an IT perspective, according to the customer&apos;s requirements and the characteristics of each text.<br \/>\n\u2028<br \/>\nThe aim is to determine the approach best suited to the project: an in-house terminology database, a customer terms list, pre-translation by computer-assisted translation software, or a fully computer-assisted translation.<br \/>\n\u2028<br \/>\n\u2028<\/p>\n<\/div><div  class=\"elementor-button elementor-slide-button elementor-size-sm\">Send a project to BLS<\/div><\/div><\/a><\/div><div class=\"elementor-repeater-item-9279590 swiper-slide\" role=\"group\" aria-roledescription=\"slide\"><div class=\"swiper-slide-bg\"><\/div><a class=\"swiper-slide-inner\" href=\"https:\/\/bls-lang.com\/en\/translation-interpreting-agency-brussels\/\"><div class=\"swiper-slide-contents\"><div class=\"elementor-slide-heading\"><center>Resources<\/div><div class=\"elementor-slide-description\"><p>Choosing the right resource means managing a complete and orderly database. We are continually working to ensure that this is the case.<br \/>\n\u2028<br \/>\nThanks to this daily maintenance, the long-standing experience of our agency and our recruitment standards, we have built up an international network of freelancers.<br \/>\n\u2028<br \/>\nWe work with specialist mother-tongue translators around the world.<br \/>\n\u2028<br \/>\nWe can provide you with the interpreters you need to make your event a success.<br \/>\n\u2028<br \/>\n\u2028<\/p>\n<\/div><div  class=\"elementor-button elementor-slide-button elementor-size-sm\">Send a project to BLS<\/div><\/div><\/a><\/div><div class=\"elementor-repeater-item-dd5c71d swiper-slide\" role=\"group\" aria-roledescription=\"slide\"><div class=\"swiper-slide-bg\"><\/div><a class=\"swiper-slide-inner\" href=\"https:\/\/bls-lang.com\/en\/translation-interpreting-agency-brussels\/\"><div class=\"swiper-slide-contents\"><div class=\"elementor-slide-heading\"><center>The four eyes principle<\/div><div class=\"elementor-slide-description\"><p>Editing ensures the quality of a translation. All conscientious translators naturally proofread their translations before delivering them. It has been proven, however, that proofreading by an editor who is neither &quot;polluted&quot; by the source text nor &quot;blinded&quot; by his or her own translation is essential for maximum quality.<br \/>\n\u2028<br \/>\nAt BLS, we make a point of systematically revising every text when it is translated into a European language.<br \/>\n\u2028<br \/>\nCorrections made during this review are communicated to the translator to help them improve future translations. Research is carried out to resolve any uncertainties.<br \/>\n\u2028<br \/>\n\u2028<\/p>\n<\/div><div  class=\"elementor-button elementor-slide-button elementor-size-sm\">Send a project to BLS<\/div><\/div><\/a><\/div><div class=\"elementor-repeater-item-c3c9011 swiper-slide\" role=\"group\" aria-roledescription=\"slide\"><div class=\"swiper-slide-bg\"><\/div><a class=\"swiper-slide-inner\" href=\"https:\/\/bls-lang.com\/en\/translation-interpreting-agency-brussels\/\"><div class=\"swiper-slide-contents\"><div class=\"elementor-slide-heading\"><center>We keep our promises<\/div><div class=\"elementor-slide-description\"><p>Being attentive to the conditions and demands of our clients is part of our self-imposed quality process. To this end, we offer you a personal service: you only communicate with one contact who will guarantee the quality of the work requested.<br \/>\n\u2028<br \/>\nDocuments can be delivered in all the usual formats (Word, Excel, PowerPoint, InDesign, CorelDraw, html, xml, etc.). They are returned to you in exactly the same format as the original texts.<\/p>\n<\/div><div  class=\"elementor-button elementor-slide-button elementor-size-sm\">Send a project to BLS<\/div><\/div><\/a><\/div><div class=\"elementor-repeater-item-1c3a53d swiper-slide\" role=\"group\" aria-roledescription=\"slide\"><div class=\"swiper-slide-bg\"><\/div><a class=\"swiper-slide-inner\" href=\"https:\/\/bls-lang.com\/en\/translation-interpreting-agency-brussels\/\"><div class=\"swiper-slide-contents\"><div class=\"elementor-slide-heading\"><center>Certified quality<\/div><div class=\"elementor-slide-description\"><p>Our methodology, procedures and processes are rigorously tested every day.<br \/>\n\u2028<br \/>\nThis know-how is monitored on a daily basis, with a focus on continuous improvement and communication between the various parties involved.<br \/>\n\u2028<br \/>\n\u2028<br \/>\n\u2028<\/p>\n<\/div><div  class=\"elementor-button elementor-slide-button elementor-size-sm\">Send a project to BLS<\/div><\/div><\/a><\/div>\t\t\t\t<\/div>\n\t\t\t\t\t\t\t\t\t\t\t\t\t\t\t<div class=\"elementor-swiper-button elementor-swiper-button-prev\" role=\"button\" tabindex=\"0\" aria-label=\"Previous slide\">\n\t\t\t\t\t\t\t<svg aria-hidden=\"true\" class=\"e-font-icon-svg e-eicon-chevron-left\" viewBox=\"0 0 1000 1000\" xmlns=\"http:\/\/www.w3.org\/2000\/svg\"><path d=\"M646 125C629 125 613 133 604 142L308 442C296 454 292 471 292 487 292 504 296 521 308 533L604 854C617 867 629 875 646 875 663 875 679 871 692 858 704 846 713 829 713 812 713 796 708 779 692 767L438 487 692 225C700 217 708 204 708 187 708 171 704 154 692 142 675 129 663 125 646 125Z\"><\/path><\/svg>\t\t\t\t\t\t<\/div>\n\t\t\t\t\t\t<div class=\"elementor-swiper-button elementor-swiper-button-next\" role=\"button\" tabindex=\"0\" aria-label=\"Next slide\">\n\t\t\t\t\t\t\t<svg aria-hidden=\"true\" class=\"e-font-icon-svg e-eicon-chevron-right\" viewBox=\"0 0 1000 1000\" xmlns=\"http:\/\/www.w3.org\/2000\/svg\"><path d=\"M696 533C708 521 713 504 713 487 713 471 708 454 696 446L400 146C388 133 375 125 354 125 338 125 325 129 313 142 300 154 292 171 292 187 292 204 296 221 308 233L563 492 304 771C292 783 288 800 288 817 288 833 296 850 308 863 321 871 338 875 354 875 371 875 388 867 400 854L696 533Z\"><\/path><\/svg>\t\t\t\t\t\t<\/div>\n\t\t\t\t\t\t\t\t\t\t\t\t\t\t\t\t<div class=\"swiper-pagination\"><\/div>\n\t\t\t\t\t\t\t\t\t\t\t\t<\/div>\n\t\t\t\t<\/div>\n\t\t\t\t\t\t\t\t<\/div>\n\t\t\t\t<\/div>\n\t\t\t\t<\/div>\n\t\t\t\t<\/div>\n\t\t","protected":false},"excerpt":{"rendered":"<p>Methodology Our in-house team Our project managers are first and foremost responsible for managing each and every one of your projects. \u2028 Our in-house team then revise and perform quality control checks on the translations delivered by our freelancers. \u2028 This is not only a linguistic check, but also a check against your guidelines. Send [&hellip;]<\/p>\n","protected":false},"author":1,"featured_media":0,"parent":0,"menu_order":0,"comment_status":"closed","ping_status":"closed","template":"","meta":{"footnotes":""},"class_list":["post-5283","page","type-page","status-publish","hentry"],"yoast_head":"<!-- This site is optimized with the Yoast SEO Premium plugin v25.8 (Yoast SEO v27.4) - https:\/\/yoast.com\/product\/yoast-seo-premium-wordpress\/ -->\n<title>Methodology - BLS agence bureau interpr\u00e8tes traducteurs Bruxelles<\/title>\n<meta name=\"robots\" content=\"index, follow, max-snippet:-1, max-image-preview:large, max-video-preview:-1\" \/>\n<link rel=\"canonical\" href=\"https:\/\/bls-lang.com\/en\/methodology\/\" \/>\n<meta property=\"og:locale\" content=\"en_GB\" \/>\n<meta property=\"og:type\" content=\"article\" \/>\n<meta property=\"og:title\" content=\"Methodology\" \/>\n<meta property=\"og:description\" content=\"Methodology Our in-house team Our project managers are first and foremost responsible for managing each and every one of your projects. \u2028 Our in-house team then revise and perform quality control checks on the translations delivered by our freelancers. \u2028 This is not only a linguistic check, but also a check against your guidelines. Send [&hellip;]\" \/>\n<meta property=\"og:url\" content=\"https:\/\/bls-lang.com\/en\/methodology\/\" \/>\n<meta property=\"og:site_name\" content=\"BLS agence bureau interpr\u00e8tes traducteurs Bruxelles\" \/>\n<meta property=\"article:publisher\" content=\"https:\/\/www.facebook.com\/BrusselsLanguageServices\" \/>\n<meta property=\"article:modified_time\" content=\"2025-06-26T10:22:50+00:00\" \/>\n<meta property=\"og:image\" content=\"https:\/\/bls-lang.com\/wp-content\/uploads\/2024\/07\/logo-societe-bls-lang-com-brussels-language-services-yoast.webp\" \/>\n\t<meta property=\"og:image:width\" content=\"1150\" \/>\n\t<meta property=\"og:image:height\" content=\"579\" \/>\n\t<meta property=\"og:image:type\" content=\"image\/webp\" \/>\n<meta name=\"twitter:card\" content=\"summary_large_image\" \/>\n<meta name=\"twitter:label1\" content=\"Estimated reading time\" \/>\n\t<meta name=\"twitter:data1\" content=\"8 minutes\" \/>\n<script type=\"application\/ld+json\" class=\"yoast-schema-graph\">{\"@context\":\"https:\\\/\\\/schema.org\",\"@graph\":[{\"@type\":\"WebPage\",\"@id\":\"https:\\\/\\\/bls-lang.com\\\/en\\\/methodology\\\/\",\"url\":\"https:\\\/\\\/bls-lang.com\\\/en\\\/methodology\\\/\",\"name\":\"Methodology - BLS agence bureau interpr\u00e8tes traducteurs Bruxelles\",\"isPartOf\":{\"@id\":\"https:\\\/\\\/bls-lang.com\\\/en\\\/#website\"},\"datePublished\":\"2024-07-08T06:58:53+00:00\",\"dateModified\":\"2025-06-26T10:22:50+00:00\",\"breadcrumb\":{\"@id\":\"https:\\\/\\\/bls-lang.com\\\/en\\\/methodology\\\/#breadcrumb\"},\"inLanguage\":\"en-GB\",\"potentialAction\":[{\"@type\":\"ReadAction\",\"target\":[\"https:\\\/\\\/bls-lang.com\\\/en\\\/methodology\\\/\"]}]},{\"@type\":\"BreadcrumbList\",\"@id\":\"https:\\\/\\\/bls-lang.com\\\/en\\\/methodology\\\/#breadcrumb\",\"itemListElement\":[{\"@type\":\"ListItem\",\"position\":1,\"name\":\"Accueil\",\"item\":\"https:\\\/\\\/bls-lang.com\\\/en\\\/\"},{\"@type\":\"ListItem\",\"position\":2,\"name\":\"Methodology\"}]},{\"@type\":\"WebSite\",\"@id\":\"https:\\\/\\\/bls-lang.com\\\/en\\\/#website\",\"url\":\"https:\\\/\\\/bls-lang.com\\\/en\\\/\",\"name\":\"BLS agence bureau interpr\u00e8tes traducteurs Bruxelles\",\"description\":\"Brussels Language Services SRL - service de traduction, interpr\u00e9tation, traducteurs et interpr\u00e8tes pour les particuliers, entreprises, institutions publiques et priv\u00e9es\",\"publisher\":{\"@id\":\"https:\\\/\\\/bls-lang.com\\\/en\\\/#organization\"},\"potentialAction\":[{\"@type\":\"SearchAction\",\"target\":{\"@type\":\"EntryPoint\",\"urlTemplate\":\"https:\\\/\\\/bls-lang.com\\\/en\\\/?s={search_term_string}\"},\"query-input\":{\"@type\":\"PropertyValueSpecification\",\"valueRequired\":true,\"valueName\":\"search_term_string\"}}],\"inLanguage\":\"en-GB\"},{\"@type\":\"Organization\",\"@id\":\"https:\\\/\\\/bls-lang.com\\\/en\\\/#organization\",\"name\":\"BLS agence bureau interpr\u00e8tes traducteurs Bruxelles\",\"url\":\"https:\\\/\\\/bls-lang.com\\\/en\\\/\",\"logo\":{\"@type\":\"ImageObject\",\"inLanguage\":\"en-GB\",\"@id\":\"https:\\\/\\\/bls-lang.com\\\/en\\\/#\\\/schema\\\/logo\\\/image\\\/\",\"url\":\"https:\\\/\\\/bls-lang.com\\\/wp-content\\\/uploads\\\/2024\\\/05\\\/logo-societe-bls-lang-com-brussels-language-services.webp\",\"contentUrl\":\"https:\\\/\\\/bls-lang.com\\\/wp-content\\\/uploads\\\/2024\\\/05\\\/logo-societe-bls-lang-com-brussels-language-services.webp\",\"width\":1829,\"height\":920,\"caption\":\"BLS agence bureau interpr\u00e8tes traducteurs Bruxelles\"},\"image\":{\"@id\":\"https:\\\/\\\/bls-lang.com\\\/en\\\/#\\\/schema\\\/logo\\\/image\\\/\"},\"sameAs\":[\"https:\\\/\\\/www.facebook.com\\\/BrusselsLanguageServices\"]}]}<\/script>\n<!-- \/ Yoast SEO Premium plugin. -->","yoast_head_json":{"title":"Methodology - BLS agence bureau interpr\u00e8tes traducteurs Bruxelles","robots":{"index":"index","follow":"follow","max-snippet":"max-snippet:-1","max-image-preview":"max-image-preview:large","max-video-preview":"max-video-preview:-1"},"canonical":"https:\/\/bls-lang.com\/en\/methodology\/","og_locale":"en_GB","og_type":"article","og_title":"Methodology","og_description":"Methodology Our in-house team Our project managers are first and foremost responsible for managing each and every one of your projects. \u2028 Our in-house team then revise and perform quality control checks on the translations delivered by our freelancers. \u2028 This is not only a linguistic check, but also a check against your guidelines. Send [&hellip;]","og_url":"https:\/\/bls-lang.com\/en\/methodology\/","og_site_name":"BLS agence bureau interpr\u00e8tes traducteurs Bruxelles","article_publisher":"https:\/\/www.facebook.com\/BrusselsLanguageServices","article_modified_time":"2025-06-26T10:22:50+00:00","og_image":[{"width":1150,"height":579,"url":"https:\/\/bls-lang.com\/wp-content\/uploads\/2024\/07\/logo-societe-bls-lang-com-brussels-language-services-yoast.webp","type":"image\/webp"}],"twitter_card":"summary_large_image","twitter_misc":{"Estimated reading time":"8 minutes"},"schema":{"@context":"https:\/\/schema.org","@graph":[{"@type":"WebPage","@id":"https:\/\/bls-lang.com\/en\/methodology\/","url":"https:\/\/bls-lang.com\/en\/methodology\/","name":"Methodology - BLS agence bureau interpr\u00e8tes traducteurs Bruxelles","isPartOf":{"@id":"https:\/\/bls-lang.com\/en\/#website"},"datePublished":"2024-07-08T06:58:53+00:00","dateModified":"2025-06-26T10:22:50+00:00","breadcrumb":{"@id":"https:\/\/bls-lang.com\/en\/methodology\/#breadcrumb"},"inLanguage":"en-GB","potentialAction":[{"@type":"ReadAction","target":["https:\/\/bls-lang.com\/en\/methodology\/"]}]},{"@type":"BreadcrumbList","@id":"https:\/\/bls-lang.com\/en\/methodology\/#breadcrumb","itemListElement":[{"@type":"ListItem","position":1,"name":"Accueil","item":"https:\/\/bls-lang.com\/en\/"},{"@type":"ListItem","position":2,"name":"Methodology"}]},{"@type":"WebSite","@id":"https:\/\/bls-lang.com\/en\/#website","url":"https:\/\/bls-lang.com\/en\/","name":"BLS agence bureau interpr\u00e8tes traducteurs Bruxelles","description":"Brussels Language Services SRL - service de traduction, interpr\u00e9tation, traducteurs et interpr\u00e8tes pour les particuliers, entreprises, institutions publiques et priv\u00e9es","publisher":{"@id":"https:\/\/bls-lang.com\/en\/#organization"},"potentialAction":[{"@type":"SearchAction","target":{"@type":"EntryPoint","urlTemplate":"https:\/\/bls-lang.com\/en\/?s={search_term_string}"},"query-input":{"@type":"PropertyValueSpecification","valueRequired":true,"valueName":"search_term_string"}}],"inLanguage":"en-GB"},{"@type":"Organization","@id":"https:\/\/bls-lang.com\/en\/#organization","name":"BLS agence bureau interpr\u00e8tes traducteurs Bruxelles","url":"https:\/\/bls-lang.com\/en\/","logo":{"@type":"ImageObject","inLanguage":"en-GB","@id":"https:\/\/bls-lang.com\/en\/#\/schema\/logo\/image\/","url":"https:\/\/bls-lang.com\/wp-content\/uploads\/2024\/05\/logo-societe-bls-lang-com-brussels-language-services.webp","contentUrl":"https:\/\/bls-lang.com\/wp-content\/uploads\/2024\/05\/logo-societe-bls-lang-com-brussels-language-services.webp","width":1829,"height":920,"caption":"BLS agence bureau interpr\u00e8tes traducteurs Bruxelles"},"image":{"@id":"https:\/\/bls-lang.com\/en\/#\/schema\/logo\/image\/"},"sameAs":["https:\/\/www.facebook.com\/BrusselsLanguageServices"]}]}},"_links":{"self":[{"href":"https:\/\/bls-lang.com\/en\/wp-json\/wp\/v2\/pages\/5283","targetHints":{"allow":["GET"]}}],"collection":[{"href":"https:\/\/bls-lang.com\/en\/wp-json\/wp\/v2\/pages"}],"about":[{"href":"https:\/\/bls-lang.com\/en\/wp-json\/wp\/v2\/types\/page"}],"author":[{"embeddable":true,"href":"https:\/\/bls-lang.com\/en\/wp-json\/wp\/v2\/users\/1"}],"replies":[{"embeddable":true,"href":"https:\/\/bls-lang.com\/en\/wp-json\/wp\/v2\/comments?post=5283"}],"version-history":[{"count":10,"href":"https:\/\/bls-lang.com\/en\/wp-json\/wp\/v2\/pages\/5283\/revisions"}],"predecessor-version":[{"id":7416,"href":"https:\/\/bls-lang.com\/en\/wp-json\/wp\/v2\/pages\/5283\/revisions\/7416"}],"wp:attachment":[{"href":"https:\/\/bls-lang.com\/en\/wp-json\/wp\/v2\/media?parent=5283"}],"curies":[{"name":"wp","href":"https:\/\/api.w.org\/{rel}","templated":true}]}}