{"id":5269,"date":"2024-07-07T19:48:36","date_gmt":"2024-07-07T17:48:36","guid":{"rendered":"https:\/\/bls-lang.com\/our-agency\/"},"modified":"2025-06-19T15:11:14","modified_gmt":"2025-06-19T13:11:14","slug":"our-agency","status":"publish","type":"page","link":"https:\/\/bls-lang.com\/en\/our-agency\/","title":{"rendered":"Our agency"},"content":{"rendered":"\t\t<div data-elementor-type=\"wp-page\" data-elementor-id=\"5269\" class=\"elementor elementor-5269 elementor-5088\" data-elementor-post-type=\"page\">\n\t\t\t\t<div class=\"elementor-element elementor-element-5f1226c3 e-con-full e-flex e-con e-parent\" data-id=\"5f1226c3\" data-element_type=\"container\" data-e-type=\"container\">\n\t\t\t\t<div class=\"elementor-element elementor-element-181e115 elementor-widget__width-inherit elementor-widget elementor-widget-heading\" data-id=\"181e115\" data-element_type=\"widget\" data-e-type=\"widget\" data-widget_type=\"heading.default\">\n\t\t\t\t<div class=\"elementor-widget-container\">\n\t\t\t\t\t<h1 class=\"elementor-heading-title elementor-size-default\">Our agency<\/h1>\t\t\t\t<\/div>\n\t\t\t\t<\/div>\n\t\t<div class=\"elementor-element elementor-element-45b2dc3a e-flex e-con-boxed e-con e-child\" data-id=\"45b2dc3a\" data-element_type=\"container\" data-e-type=\"container\">\n\t\t\t\t\t<div class=\"e-con-inner\">\n\t\t<div class=\"elementor-element elementor-element-75df7756 e-con-full e-flex e-con e-child\" data-id=\"75df7756\" data-element_type=\"container\" data-e-type=\"container\">\n\t\t\t\t<div class=\"elementor-element elementor-element-7ae6541e elementor-widget elementor-widget-image\" data-id=\"7ae6541e\" data-element_type=\"widget\" data-e-type=\"widget\" data-settings=\"{&quot;motion_fx_motion_fx_mouse&quot;:&quot;yes&quot;}\" data-widget_type=\"image.default\">\n\t\t\t\t<div class=\"elementor-widget-container\">\n\t\t\t\t\t\t\t\t\t\t\t\t\t\t\t<img fetchpriority=\"high\" decoding=\"async\" width=\"500\" height=\"700\" src=\"https:\/\/bls-lang.com\/wp-content\/uploads\/2024\/05\/LEQUEUE-Elisabeth-General-Manager-BLS-SRL.webp\" class=\"elementor-animation-grow attachment-large size-large wp-image-3371\" alt=\"Elisabeth Lequeue, General Manager of BLS SRL since 2001, holds several Master&amp;apos;s degrees in translation, terminology,... Provides quality assurance and oversees adherence to deadlines.\" srcset=\"https:\/\/bls-lang.com\/wp-content\/uploads\/2024\/05\/LEQUEUE-Elisabeth-General-Manager-BLS-SRL.webp 500w, https:\/\/bls-lang.com\/wp-content\/uploads\/2024\/05\/LEQUEUE-Elisabeth-General-Manager-BLS-SRL-214x300.webp 214w\" sizes=\"(max-width: 500px) 100vw, 500px\" \/>\t\t\t\t\t\t\t\t\t\t\t\t\t\t\t<\/div>\n\t\t\t\t<\/div>\n\t\t\t\t<div class=\"elementor-element elementor-element-761f8ff4 elementor-widget elementor-widget-heading\" data-id=\"761f8ff4\" data-element_type=\"widget\" data-e-type=\"widget\" data-widget_type=\"heading.default\">\n\t\t\t\t<div class=\"elementor-widget-container\">\n\t\t\t\t\t<h2 class=\"elementor-heading-title elementor-size-default\">Elisabeth Lequeue<\/h2>\t\t\t\t<\/div>\n\t\t\t\t<\/div>\n\t\t\t\t<div class=\"elementor-element elementor-element-51392a70 elementor-widget elementor-widget-text-editor\" data-id=\"51392a70\" data-element_type=\"widget\" data-e-type=\"widget\" data-widget_type=\"text-editor.default\">\n\t\t\t\t<div class=\"elementor-widget-container\">\n\t\t\t\t\t\t\t\t\t<p>General Manager<\/p>\n\t\t\t\t\t\t\t\t<\/div>\n\t\t\t\t<\/div>\n\t\t\t\t<\/div>\n\t\t<div class=\"elementor-element elementor-element-7707f9ee e-con-full e-flex e-con e-child\" data-id=\"7707f9ee\" data-element_type=\"container\" data-e-type=\"container\">\n\t\t\t\t<div class=\"elementor-element elementor-element-3e641967 elementor-widget elementor-widget-image\" data-id=\"3e641967\" data-element_type=\"widget\" data-e-type=\"widget\" data-settings=\"{&quot;motion_fx_motion_fx_mouse&quot;:&quot;yes&quot;}\" data-widget_type=\"image.default\">\n\t\t\t\t<div class=\"elementor-widget-container\">\n\t\t\t\t\t\t\t\t\t\t\t\t\t\t\t<img decoding=\"async\" width=\"500\" height=\"700\" src=\"https:\/\/bls-lang.com\/wp-content\/uploads\/2024\/05\/Haidon-Francois-Membre-BLS-SRL.webp\" class=\"elementor-animation-grow attachment-large size-large wp-image-3369\" alt=\"Haidon Fran\u00e7ois\" srcset=\"https:\/\/bls-lang.com\/wp-content\/uploads\/2024\/05\/Haidon-Francois-Membre-BLS-SRL.webp 500w, https:\/\/bls-lang.com\/wp-content\/uploads\/2024\/05\/Haidon-Francois-Membre-BLS-SRL-214x300.webp 214w\" sizes=\"(max-width: 500px) 100vw, 500px\" \/>\t\t\t\t\t\t\t\t\t\t\t\t\t\t\t<\/div>\n\t\t\t\t<\/div>\n\t\t\t\t<div class=\"elementor-element elementor-element-10bdfc27 elementor-widget elementor-widget-heading\" data-id=\"10bdfc27\" data-element_type=\"widget\" data-e-type=\"widget\" data-widget_type=\"heading.default\">\n\t\t\t\t<div class=\"elementor-widget-container\">\n\t\t\t\t\t<h2 class=\"elementor-heading-title elementor-size-default\">Fran\u00e7ois Haidon<\/h2>\t\t\t\t<\/div>\n\t\t\t\t<\/div>\n\t\t\t\t<div class=\"elementor-element elementor-element-1ce467f4 elementor-widget elementor-widget-text-editor\" data-id=\"1ce467f4\" data-element_type=\"widget\" data-e-type=\"widget\" data-widget_type=\"text-editor.default\">\n\t\t\t\t<div class=\"elementor-widget-container\">\n\t\t\t\t\t\t\t\t\t<p>FR Senior Translator<\/p>\n\t\t\t\t\t\t\t\t<\/div>\n\t\t\t\t<\/div>\n\t\t\t\t<\/div>\n\t\t<div class=\"elementor-element elementor-element-14f0e56e e-con-full e-flex e-con e-child\" data-id=\"14f0e56e\" data-element_type=\"container\" data-e-type=\"container\">\n\t\t\t\t<div class=\"elementor-element elementor-element-f6b10e2 elementor-widget elementor-widget-image\" data-id=\"f6b10e2\" data-element_type=\"widget\" data-e-type=\"widget\" data-settings=\"{&quot;motion_fx_motion_fx_mouse&quot;:&quot;yes&quot;}\" data-widget_type=\"image.default\">\n\t\t\t\t<div class=\"elementor-widget-container\">\n\t\t\t\t\t\t\t\t\t\t\t\t\t\t\t<img decoding=\"async\" width=\"500\" height=\"700\" src=\"https:\/\/bls-lang.com\/wp-content\/uploads\/2024\/05\/Cassandre-Dutoit-Membre-BLS-SRL.webp\" class=\"elementor-animation-grow attachment-large size-large wp-image-3367\" alt=\"Cassandre Dutoit\" srcset=\"https:\/\/bls-lang.com\/wp-content\/uploads\/2024\/05\/Cassandre-Dutoit-Membre-BLS-SRL.webp 500w, https:\/\/bls-lang.com\/wp-content\/uploads\/2024\/05\/Cassandre-Dutoit-Membre-BLS-SRL-214x300.webp 214w\" sizes=\"(max-width: 500px) 100vw, 500px\" \/>\t\t\t\t\t\t\t\t\t\t\t\t\t\t\t<\/div>\n\t\t\t\t<\/div>\n\t\t\t\t<div class=\"elementor-element elementor-element-4d8105c elementor-widget elementor-widget-heading\" data-id=\"4d8105c\" data-element_type=\"widget\" data-e-type=\"widget\" data-widget_type=\"heading.default\">\n\t\t\t\t<div class=\"elementor-widget-container\">\n\t\t\t\t\t<h2 class=\"elementor-heading-title elementor-size-default\">Cassandre Dutoit<\/h2>\t\t\t\t<\/div>\n\t\t\t\t<\/div>\n\t\t\t\t<div class=\"elementor-element elementor-element-47508ac0 elementor-widget elementor-widget-text-editor\" data-id=\"47508ac0\" data-element_type=\"widget\" data-e-type=\"widget\" data-widget_type=\"text-editor.default\">\n\t\t\t\t<div class=\"elementor-widget-container\">\n\t\t\t\t\t\t\t\t\t<p>Project Manager<\/p>\n\t\t\t\t\t\t\t\t<\/div>\n\t\t\t\t<\/div>\n\t\t\t\t<\/div>\n\t\t\t\t\t<\/div>\n\t\t\t\t<\/div>\n\t\t<div class=\"elementor-element elementor-element-fe8443a e-con-full e-flex e-con e-child\" data-id=\"fe8443a\" data-element_type=\"container\" data-e-type=\"container\">\n\t\t<div class=\"elementor-element elementor-element-c8599e1 e-con-full e-flex e-con e-child\" data-id=\"c8599e1\" data-element_type=\"container\" data-e-type=\"container\">\n\t\t\t\t<div class=\"elementor-element elementor-element-8b90d97 elementor-widget elementor-widget-text-editor\" data-id=\"8b90d97\" data-element_type=\"widget\" data-e-type=\"widget\" data-widget_type=\"text-editor.default\">\n\t\t\t\t<div class=\"elementor-widget-container\">\n\t\t\t\t\t\t\t\t\t<div class=\"gmail_default\">\n<h2>Historical background&nbsp;<\/h2>\n<\/div>\n<div>\n<div class=\"gmail_default\">\n<p>In May 2001, BLS was created through the acquisition of the business and the name BLS, which had been active in the translation and interpreting market since 1974.<\/p>\n<p>Today, BLS boasts a wealth of experience, particularly in the medical, social, institutional, administrative, technical, legal, economic and financial fields.<\/p>\n<p>This mastery is underpinned by the high level of expertise of our professional translators. Each of our employees works in his or her mother tongue, depending on his or her area of specialisation. With quality in mind, we generally entrust texts in the same field or for the same customer to the same translator.<\/p>\n<\/div>\n<div class=\"gmail_default\">&nbsp;<\/div>\n<div class=\"gmail_default\">\n<h2>Status&nbsp;<\/h2>\n<\/div>\n<div class=\"gmail_default\">Ideally located in the heart of the European Quarter in Brussels, our translation and interpreting agency offers professional services to a clientele that attests to our cutting-edge expertise: government departments, law firms, NGOs, industry, finance, pharmaceutical companies, commercial enterprises, audiovisual productions, publishing houses, private individuals in administrative or legal proceedings, special and confidential missions, etc.<\/div>\n<p>All this less than 2 hours&#8217; drive from any part of Belgium, whether French-speaking, Dutch-speaking or German-speaking.<\/p>\n<p>Thanks to our geographical location, we can easily adapt to language differences between Belgian French and its belgicisms, French from France, Flemish from Belgium, Dutch from the Netherlands, English from the UK, etc.<\/p>\n<\/div>\n<div>\n<div class=\"gmail_default\">&nbsp;<\/div>\n<h2>Team&nbsp;<\/h2>\n<\/div>\n<div>\n<div class=\"gmail_default\">Translation is much more than simply understanding a text. Which of our in-house and external resources we select is therefore crucial. In fact, you need to be able to render a text in the reader&#8217;s mother tongue with complete accuracy.<\/div>\n<p>That&#8217;s why BLS carefully selects its translators. Each has either a background in translation\/interpreting\/philology, or equivalent experience.<\/p>\n<p>In addition to their linguistic skills, BLS&#8217;s translators have technical expertise in one or more fields, and are able to solve our clients&#8217; problems.<\/p>\n<\/div>\t\t\t\t\t\t\t\t<\/div>\n\t\t\t\t<\/div>\n\t\t\t\t<\/div>\n\t\t\t\t<\/div>\n\t\t<div class=\"elementor-element elementor-element-4289d92a e-con-full e-flex e-con e-child\" data-id=\"4289d92a\" data-element_type=\"container\" data-e-type=\"container\">\n\t\t\t\t<div class=\"elementor-element elementor-element-4761c677 elementor-widget elementor-widget-image\" data-id=\"4761c677\" data-element_type=\"widget\" data-e-type=\"widget\" data-widget_type=\"image.default\">\n\t\t\t\t<div class=\"elementor-widget-container\">\n\t\t\t\t\t\t\t\t\t\t\t\t\t\t\t<img loading=\"lazy\" decoding=\"async\" width=\"800\" height=\"534\" src=\"https:\/\/bls-lang.com\/wp-content\/uploads\/2024\/05\/Equipe-BLS.webp\" class=\"attachment-large size-large wp-image-3377\" alt=\"BLS SRL is a close-knit, professional team at your service\" srcset=\"https:\/\/bls-lang.com\/wp-content\/uploads\/2024\/05\/Equipe-BLS.webp 1000w, https:\/\/bls-lang.com\/wp-content\/uploads\/2024\/05\/Equipe-BLS-300x200.webp 300w, https:\/\/bls-lang.com\/wp-content\/uploads\/2024\/05\/Equipe-BLS-768x512.webp 768w\" sizes=\"(max-width: 800px) 100vw, 800px\" \/>\t\t\t\t\t\t\t\t\t\t\t\t\t\t\t<\/div>\n\t\t\t\t<\/div>\n\t\t\t\t<div class=\"elementor-element elementor-element-1e22f827 elementor-widget elementor-widget-button\" data-id=\"1e22f827\" data-element_type=\"widget\" data-e-type=\"widget\" data-widget_type=\"button.default\">\n\t\t\t\t<div class=\"elementor-widget-container\">\n\t\t\t\t\t\t\t\t\t<div class=\"elementor-button-wrapper\">\n\t\t\t\t\t<a class=\"elementor-button elementor-button-link elementor-size-sm elementor-animation-grow\" href=\"https:\/\/bls-lang.com\/en\/translation-interpreting-agency-brussels\/\">\n\t\t\t\t\t\t<span class=\"elementor-button-content-wrapper\">\n\t\t\t\t\t\t<span class=\"elementor-button-icon\">\n\t\t\t\t<svg aria-hidden=\"true\" class=\"e-font-icon-svg e-far-handshake\" viewBox=\"0 0 640 512\" xmlns=\"http:\/\/www.w3.org\/2000\/svg\"><path d=\"M519.2 127.9l-47.6-47.6A56.252 56.252 0 0 0 432 64H205.2c-14.8 0-29.1 5.9-39.6 16.3L118 127.9H0v255.7h64c17.6 0 31.8-14.2 31.9-31.7h9.1l84.6 76.4c30.9 25.1 73.8 25.7 105.6 3.8 12.5 10.8 26 15.9 41.1 15.9 18.2 0 35.3-7.4 48.8-24 22.1 8.7 48.2 2.6 64-16.8l26.2-32.3c5.6-6.9 9.1-14.8 10.9-23h57.9c.1 17.5 14.4 31.7 31.9 31.7h64V127.9H519.2zM48 351.6c-8.8 0-16-7.2-16-16s7.2-16 16-16 16 7.2 16 16c0 8.9-7.2 16-16 16zm390-6.9l-26.1 32.2c-2.8 3.4-7.8 4-11.3 1.2l-23.9-19.4-30 36.5c-6 7.3-15 4.8-18 2.4l-36.8-31.5-15.6 19.2c-13.9 17.1-39.2 19.7-55.3 6.6l-97.3-88H96V175.8h41.9l61.7-61.6c2-.8 3.7-1.5 5.7-2.3H262l-38.7 35.5c-29.4 26.9-31.1 72.3-4.4 101.3 14.8 16.2 61.2 41.2 101.5 4.4l8.2-7.5 108.2 87.8c3.4 2.8 3.9 7.9 1.2 11.3zm106-40.8h-69.2c-2.3-2.8-4.9-5.4-7.7-7.7l-102.7-83.4 12.5-11.4c6.5-6 7-16.1 1-22.6L367 167.1c-6-6.5-16.1-6.9-22.6-1l-55.2 50.6c-9.5 8.7-25.7 9.4-34.6 0-9.3-9.9-8.5-25.1 1.2-33.9l65.6-60.1c7.4-6.8 17-10.5 27-10.5l83.7-.2c2.1 0 4.1.8 5.5 2.3l61.7 61.6H544v128zm48 47.7c-8.8 0-16-7.2-16-16s7.2-16 16-16 16 7.2 16 16c0 8.9-7.2 16-16 16z\"><\/path><\/svg>\t\t\t<\/span>\n\t\t\t\t\t\t\t\t\t<span class=\"elementor-button-text\">Click here<br><br> for a successful project<\/span>\n\t\t\t\t\t<\/span>\n\t\t\t\t\t<\/a>\n\t\t\t\t<\/div>\n\t\t\t\t\t\t\t\t<\/div>\n\t\t\t\t<\/div>\n\t\t\t\t<\/div>\n\t\t\t\t<\/div>\n\t\t\t\t<\/div>\n\t\t","protected":false},"excerpt":{"rendered":"<p>Our agency Elisabeth Lequeue General Manager Fran\u00e7ois Haidon FR Senior Translator Cassandre Dutoit Project Manager Historical background&nbsp; In May 2001, BLS was created through the acquisition of the business and the name BLS, which had been active in the translation and interpreting market since 1974. Today, BLS boasts a wealth of experience, particularly in the [&hellip;]<\/p>\n","protected":false},"author":1,"featured_media":0,"parent":0,"menu_order":0,"comment_status":"closed","ping_status":"closed","template":"elementor_theme","meta":{"footnotes":""},"class_list":["post-5269","page","type-page","status-publish","hentry"],"yoast_head":"<!-- This site is optimized with the Yoast SEO Premium plugin v25.8 (Yoast SEO v27.3) - https:\/\/yoast.com\/product\/yoast-seo-premium-wordpress\/ -->\n<title>Our agency - BLS agence bureau interpr\u00e8tes traducteurs Bruxelles<\/title>\n<meta name=\"robots\" content=\"index, follow, max-snippet:-1, max-image-preview:large, max-video-preview:-1\" \/>\n<link rel=\"canonical\" href=\"https:\/\/bls-lang.com\/en\/our-agency\/\" \/>\n<meta property=\"og:locale\" content=\"en_GB\" \/>\n<meta property=\"og:type\" content=\"article\" \/>\n<meta property=\"og:title\" content=\"Our agency\" \/>\n<meta property=\"og:description\" content=\"Our agency Elisabeth Lequeue General Manager Fran\u00e7ois Haidon FR Senior Translator Cassandre Dutoit Project Manager Historical background&nbsp; In May 2001, BLS was created through the acquisition of the business and the name BLS, which had been active in the translation and interpreting market since 1974. Today, BLS boasts a wealth of experience, particularly in the [&hellip;]\" \/>\n<meta property=\"og:url\" content=\"https:\/\/bls-lang.com\/en\/our-agency\/\" \/>\n<meta property=\"og:site_name\" content=\"BLS agence bureau interpr\u00e8tes traducteurs Bruxelles\" \/>\n<meta property=\"article:publisher\" content=\"https:\/\/www.facebook.com\/BrusselsLanguageServices\" \/>\n<meta property=\"article:modified_time\" content=\"2025-06-19T13:11:14+00:00\" \/>\n<meta property=\"og:image\" content=\"https:\/\/bls-lang.com\/wp-content\/uploads\/2024\/05\/LEQUEUE-Elisabeth-General-Manager-BLS-SRL.webp\" \/>\n<meta name=\"twitter:card\" content=\"summary_large_image\" \/>\n<meta name=\"twitter:label1\" content=\"Estimated reading time\" \/>\n\t<meta name=\"twitter:data1\" content=\"3 minutes\" \/>\n<script type=\"application\/ld+json\" class=\"yoast-schema-graph\">{\"@context\":\"https:\\\/\\\/schema.org\",\"@graph\":[{\"@type\":\"WebPage\",\"@id\":\"https:\\\/\\\/bls-lang.com\\\/en\\\/our-agency\\\/\",\"url\":\"https:\\\/\\\/bls-lang.com\\\/en\\\/our-agency\\\/\",\"name\":\"Our agency - BLS agence bureau interpr\u00e8tes traducteurs Bruxelles\",\"isPartOf\":{\"@id\":\"https:\\\/\\\/bls-lang.com\\\/en\\\/#website\"},\"primaryImageOfPage\":{\"@id\":\"https:\\\/\\\/bls-lang.com\\\/en\\\/our-agency\\\/#primaryimage\"},\"image\":{\"@id\":\"https:\\\/\\\/bls-lang.com\\\/en\\\/our-agency\\\/#primaryimage\"},\"thumbnailUrl\":\"https:\\\/\\\/bls-lang.com\\\/wp-content\\\/uploads\\\/2024\\\/05\\\/LEQUEUE-Elisabeth-General-Manager-BLS-SRL.webp\",\"datePublished\":\"2024-07-07T17:48:36+00:00\",\"dateModified\":\"2025-06-19T13:11:14+00:00\",\"breadcrumb\":{\"@id\":\"https:\\\/\\\/bls-lang.com\\\/en\\\/our-agency\\\/#breadcrumb\"},\"inLanguage\":\"en-GB\",\"potentialAction\":[{\"@type\":\"ReadAction\",\"target\":[\"https:\\\/\\\/bls-lang.com\\\/en\\\/our-agency\\\/\"]}]},{\"@type\":\"ImageObject\",\"inLanguage\":\"en-GB\",\"@id\":\"https:\\\/\\\/bls-lang.com\\\/en\\\/our-agency\\\/#primaryimage\",\"url\":\"https:\\\/\\\/bls-lang.com\\\/wp-content\\\/uploads\\\/2024\\\/05\\\/LEQUEUE-Elisabeth-General-Manager-BLS-SRL.webp\",\"contentUrl\":\"https:\\\/\\\/bls-lang.com\\\/wp-content\\\/uploads\\\/2024\\\/05\\\/LEQUEUE-Elisabeth-General-Manager-BLS-SRL.webp\"},{\"@type\":\"BreadcrumbList\",\"@id\":\"https:\\\/\\\/bls-lang.com\\\/en\\\/our-agency\\\/#breadcrumb\",\"itemListElement\":[{\"@type\":\"ListItem\",\"position\":1,\"name\":\"Accueil\",\"item\":\"https:\\\/\\\/bls-lang.com\\\/en\\\/\"},{\"@type\":\"ListItem\",\"position\":2,\"name\":\"Our agency\"}]},{\"@type\":\"WebSite\",\"@id\":\"https:\\\/\\\/bls-lang.com\\\/en\\\/#website\",\"url\":\"https:\\\/\\\/bls-lang.com\\\/en\\\/\",\"name\":\"BLS agence bureau interpr\u00e8tes traducteurs Bruxelles\",\"description\":\"Brussels Language Services SRL - service de traduction, interpr\u00e9tation, traducteurs et interpr\u00e8tes pour les particuliers, entreprises, institutions publiques et priv\u00e9es\",\"publisher\":{\"@id\":\"https:\\\/\\\/bls-lang.com\\\/en\\\/#organization\"},\"potentialAction\":[{\"@type\":\"SearchAction\",\"target\":{\"@type\":\"EntryPoint\",\"urlTemplate\":\"https:\\\/\\\/bls-lang.com\\\/en\\\/?s={search_term_string}\"},\"query-input\":{\"@type\":\"PropertyValueSpecification\",\"valueRequired\":true,\"valueName\":\"search_term_string\"}}],\"inLanguage\":\"en-GB\"},{\"@type\":\"Organization\",\"@id\":\"https:\\\/\\\/bls-lang.com\\\/en\\\/#organization\",\"name\":\"BLS agence bureau interpr\u00e8tes traducteurs Bruxelles\",\"url\":\"https:\\\/\\\/bls-lang.com\\\/en\\\/\",\"logo\":{\"@type\":\"ImageObject\",\"inLanguage\":\"en-GB\",\"@id\":\"https:\\\/\\\/bls-lang.com\\\/en\\\/#\\\/schema\\\/logo\\\/image\\\/\",\"url\":\"https:\\\/\\\/bls-lang.com\\\/wp-content\\\/uploads\\\/2024\\\/05\\\/logo-societe-bls-lang-com-brussels-language-services.webp\",\"contentUrl\":\"https:\\\/\\\/bls-lang.com\\\/wp-content\\\/uploads\\\/2024\\\/05\\\/logo-societe-bls-lang-com-brussels-language-services.webp\",\"width\":1829,\"height\":920,\"caption\":\"BLS agence bureau interpr\u00e8tes traducteurs Bruxelles\"},\"image\":{\"@id\":\"https:\\\/\\\/bls-lang.com\\\/en\\\/#\\\/schema\\\/logo\\\/image\\\/\"},\"sameAs\":[\"https:\\\/\\\/www.facebook.com\\\/BrusselsLanguageServices\"]}]}<\/script>\n<!-- \/ Yoast SEO Premium plugin. -->","yoast_head_json":{"title":"Our agency - BLS agence bureau interpr\u00e8tes traducteurs Bruxelles","robots":{"index":"index","follow":"follow","max-snippet":"max-snippet:-1","max-image-preview":"max-image-preview:large","max-video-preview":"max-video-preview:-1"},"canonical":"https:\/\/bls-lang.com\/en\/our-agency\/","og_locale":"en_GB","og_type":"article","og_title":"Our agency","og_description":"Our agency Elisabeth Lequeue General Manager Fran\u00e7ois Haidon FR Senior Translator Cassandre Dutoit Project Manager Historical background&nbsp; In May 2001, BLS was created through the acquisition of the business and the name BLS, which had been active in the translation and interpreting market since 1974. Today, BLS boasts a wealth of experience, particularly in the [&hellip;]","og_url":"https:\/\/bls-lang.com\/en\/our-agency\/","og_site_name":"BLS agence bureau interpr\u00e8tes traducteurs Bruxelles","article_publisher":"https:\/\/www.facebook.com\/BrusselsLanguageServices","article_modified_time":"2025-06-19T13:11:14+00:00","og_image":[{"url":"https:\/\/bls-lang.com\/wp-content\/uploads\/2024\/05\/LEQUEUE-Elisabeth-General-Manager-BLS-SRL.webp","type":"","width":"","height":""}],"twitter_card":"summary_large_image","twitter_misc":{"Estimated reading time":"3 minutes"},"schema":{"@context":"https:\/\/schema.org","@graph":[{"@type":"WebPage","@id":"https:\/\/bls-lang.com\/en\/our-agency\/","url":"https:\/\/bls-lang.com\/en\/our-agency\/","name":"Our agency - BLS agence bureau interpr\u00e8tes traducteurs Bruxelles","isPartOf":{"@id":"https:\/\/bls-lang.com\/en\/#website"},"primaryImageOfPage":{"@id":"https:\/\/bls-lang.com\/en\/our-agency\/#primaryimage"},"image":{"@id":"https:\/\/bls-lang.com\/en\/our-agency\/#primaryimage"},"thumbnailUrl":"https:\/\/bls-lang.com\/wp-content\/uploads\/2024\/05\/LEQUEUE-Elisabeth-General-Manager-BLS-SRL.webp","datePublished":"2024-07-07T17:48:36+00:00","dateModified":"2025-06-19T13:11:14+00:00","breadcrumb":{"@id":"https:\/\/bls-lang.com\/en\/our-agency\/#breadcrumb"},"inLanguage":"en-GB","potentialAction":[{"@type":"ReadAction","target":["https:\/\/bls-lang.com\/en\/our-agency\/"]}]},{"@type":"ImageObject","inLanguage":"en-GB","@id":"https:\/\/bls-lang.com\/en\/our-agency\/#primaryimage","url":"https:\/\/bls-lang.com\/wp-content\/uploads\/2024\/05\/LEQUEUE-Elisabeth-General-Manager-BLS-SRL.webp","contentUrl":"https:\/\/bls-lang.com\/wp-content\/uploads\/2024\/05\/LEQUEUE-Elisabeth-General-Manager-BLS-SRL.webp"},{"@type":"BreadcrumbList","@id":"https:\/\/bls-lang.com\/en\/our-agency\/#breadcrumb","itemListElement":[{"@type":"ListItem","position":1,"name":"Accueil","item":"https:\/\/bls-lang.com\/en\/"},{"@type":"ListItem","position":2,"name":"Our agency"}]},{"@type":"WebSite","@id":"https:\/\/bls-lang.com\/en\/#website","url":"https:\/\/bls-lang.com\/en\/","name":"BLS agence bureau interpr\u00e8tes traducteurs Bruxelles","description":"Brussels Language Services SRL - service de traduction, interpr\u00e9tation, traducteurs et interpr\u00e8tes pour les particuliers, entreprises, institutions publiques et priv\u00e9es","publisher":{"@id":"https:\/\/bls-lang.com\/en\/#organization"},"potentialAction":[{"@type":"SearchAction","target":{"@type":"EntryPoint","urlTemplate":"https:\/\/bls-lang.com\/en\/?s={search_term_string}"},"query-input":{"@type":"PropertyValueSpecification","valueRequired":true,"valueName":"search_term_string"}}],"inLanguage":"en-GB"},{"@type":"Organization","@id":"https:\/\/bls-lang.com\/en\/#organization","name":"BLS agence bureau interpr\u00e8tes traducteurs Bruxelles","url":"https:\/\/bls-lang.com\/en\/","logo":{"@type":"ImageObject","inLanguage":"en-GB","@id":"https:\/\/bls-lang.com\/en\/#\/schema\/logo\/image\/","url":"https:\/\/bls-lang.com\/wp-content\/uploads\/2024\/05\/logo-societe-bls-lang-com-brussels-language-services.webp","contentUrl":"https:\/\/bls-lang.com\/wp-content\/uploads\/2024\/05\/logo-societe-bls-lang-com-brussels-language-services.webp","width":1829,"height":920,"caption":"BLS agence bureau interpr\u00e8tes traducteurs Bruxelles"},"image":{"@id":"https:\/\/bls-lang.com\/en\/#\/schema\/logo\/image\/"},"sameAs":["https:\/\/www.facebook.com\/BrusselsLanguageServices"]}]}},"_links":{"self":[{"href":"https:\/\/bls-lang.com\/en\/wp-json\/wp\/v2\/pages\/5269","targetHints":{"allow":["GET"]}}],"collection":[{"href":"https:\/\/bls-lang.com\/en\/wp-json\/wp\/v2\/pages"}],"about":[{"href":"https:\/\/bls-lang.com\/en\/wp-json\/wp\/v2\/types\/page"}],"author":[{"embeddable":true,"href":"https:\/\/bls-lang.com\/en\/wp-json\/wp\/v2\/users\/1"}],"replies":[{"embeddable":true,"href":"https:\/\/bls-lang.com\/en\/wp-json\/wp\/v2\/comments?post=5269"}],"version-history":[{"count":7,"href":"https:\/\/bls-lang.com\/en\/wp-json\/wp\/v2\/pages\/5269\/revisions"}],"predecessor-version":[{"id":7055,"href":"https:\/\/bls-lang.com\/en\/wp-json\/wp\/v2\/pages\/5269\/revisions\/7055"}],"wp:attachment":[{"href":"https:\/\/bls-lang.com\/en\/wp-json\/wp\/v2\/media?parent=5269"}],"curies":[{"name":"wp","href":"https:\/\/api.w.org\/{rel}","templated":true}]}}