{"id":3706,"date":"2024-06-16T09:24:38","date_gmt":"2024-06-16T07:24:38","guid":{"rendered":"https:\/\/bls-lang.com\/beedigd-tolken\/"},"modified":"2025-06-19T12:48:31","modified_gmt":"2025-06-19T10:48:31","slug":"interpretation-june","status":"publish","type":"page","link":"https:\/\/bls-lang.com\/en\/interpretation-june\/","title":{"rendered":"Sworn interpretation"},"content":{"rendered":"\t\t<div data-elementor-type=\"wp-page\" data-elementor-id=\"3706\" class=\"elementor elementor-3706 elementor-3269\" data-elementor-post-type=\"page\">\n\t\t\t\t<div class=\"elementor-element elementor-element-46bc8069 e-flex e-con-boxed e-con e-parent\" data-id=\"46bc8069\" data-element_type=\"container\" data-e-type=\"container\">\n\t\t\t\t\t<div class=\"e-con-inner\">\n\t\t\t\t<div class=\"elementor-element elementor-element-98eb6d0 elementor-widget elementor-widget-text-editor\" data-id=\"98eb6d0\" data-element_type=\"widget\" data-e-type=\"widget\" data-widget_type=\"text-editor.default\">\n\t\t\t\t<div class=\"elementor-widget-container\">\n\t\t\t\t\t\t\t\t\t<p>A wedding, a court appearance, a hearing, an appointment for an administrative procedure&#8230; Whenever several languages are involved, our sworn interpreters are there to help you through the good times and the bad.<\/p>\n<p>This is a very specific discipline, requiring Federal Public Services Justice certification, the skills of an expert legal interpreter, as well as people skills and an empathetic nature.<\/p>\t\t\t\t\t\t\t\t<\/div>\n\t\t\t\t<\/div>\n\t\t\t\t\t<\/div>\n\t\t\t\t<\/div>\n\t\t\t\t<\/div>\n\t\t","protected":false},"excerpt":{"rendered":"<p>A wedding, a court appearance, a hearing, an appointment for an administrative procedure&#8230; Whenever several languages are involved, our sworn interpreters are there to help you through the good times and the bad. This is a very specific discipline, requiring Federal Public Services Justice certification, the skills of an expert legal interpreter, as well as [&hellip;]<\/p>\n","protected":false},"author":1,"featured_media":3413,"parent":0,"menu_order":0,"comment_status":"closed","ping_status":"closed","template":"elementor_theme","meta":{"footnotes":""},"class_list":["post-3706","page","type-page","status-publish","has-post-thumbnail","hentry"],"yoast_head":"<!-- This site is optimized with the Yoast SEO Premium plugin v25.8 (Yoast SEO v27.3) - https:\/\/yoast.com\/product\/yoast-seo-premium-wordpress\/ -->\n<title>Sworn interpretation - BLS agence bureau interpr\u00e8tes traducteurs Bruxelles<\/title>\n<meta name=\"robots\" content=\"index, follow, max-snippet:-1, max-image-preview:large, max-video-preview:-1\" \/>\n<link rel=\"canonical\" href=\"https:\/\/bls-lang.com\/en\/interpretation-june\/\" \/>\n<meta property=\"og:locale\" content=\"en_GB\" \/>\n<meta property=\"og:type\" content=\"article\" \/>\n<meta property=\"og:title\" content=\"Sworn interpretation\" \/>\n<meta property=\"og:description\" content=\"A wedding, a court appearance, a hearing, an appointment for an administrative procedure&#8230; Whenever several languages are involved, our sworn interpreters are there to help you through the good times and the bad. This is a very specific discipline, requiring Federal Public Services Justice certification, the skills of an expert legal interpreter, as well as [&hellip;]\" \/>\n<meta property=\"og:url\" content=\"https:\/\/bls-lang.com\/en\/interpretation-june\/\" \/>\n<meta property=\"og:site_name\" content=\"BLS agence bureau interpr\u00e8tes traducteurs Bruxelles\" \/>\n<meta property=\"article:publisher\" content=\"https:\/\/www.facebook.com\/BrusselsLanguageServices\" \/>\n<meta property=\"article:modified_time\" content=\"2025-06-19T10:48:31+00:00\" \/>\n<meta property=\"og:image\" content=\"https:\/\/bls-lang.com\/wp-content\/uploads\/2024\/06\/interpretation-juree.webp\" \/>\n\t<meta property=\"og:image:width\" content=\"1254\" \/>\n\t<meta property=\"og:image:height\" content=\"836\" \/>\n\t<meta property=\"og:image:type\" content=\"image\/webp\" \/>\n<meta name=\"twitter:card\" content=\"summary_large_image\" \/>\n<meta name=\"twitter:label1\" content=\"Estimated reading time\" \/>\n\t<meta name=\"twitter:data1\" content=\"1 minute\" \/>\n<script type=\"application\/ld+json\" class=\"yoast-schema-graph\">{\"@context\":\"https:\\\/\\\/schema.org\",\"@graph\":[{\"@type\":\"WebPage\",\"@id\":\"https:\\\/\\\/bls-lang.com\\\/en\\\/interpretation-june\\\/\",\"url\":\"https:\\\/\\\/bls-lang.com\\\/en\\\/interpretation-june\\\/\",\"name\":\"Sworn interpretation - BLS agence bureau interpr\u00e8tes traducteurs Bruxelles\",\"isPartOf\":{\"@id\":\"https:\\\/\\\/bls-lang.com\\\/en\\\/#website\"},\"primaryImageOfPage\":{\"@id\":\"https:\\\/\\\/bls-lang.com\\\/en\\\/interpretation-june\\\/#primaryimage\"},\"image\":{\"@id\":\"https:\\\/\\\/bls-lang.com\\\/en\\\/interpretation-june\\\/#primaryimage\"},\"thumbnailUrl\":\"https:\\\/\\\/bls-lang.com\\\/wp-content\\\/uploads\\\/2024\\\/06\\\/interpretation-juree.webp\",\"datePublished\":\"2024-06-16T07:24:38+00:00\",\"dateModified\":\"2025-06-19T10:48:31+00:00\",\"breadcrumb\":{\"@id\":\"https:\\\/\\\/bls-lang.com\\\/en\\\/interpretation-june\\\/#breadcrumb\"},\"inLanguage\":\"en-GB\",\"potentialAction\":[{\"@type\":\"ReadAction\",\"target\":[\"https:\\\/\\\/bls-lang.com\\\/en\\\/interpretation-june\\\/\"]}]},{\"@type\":\"ImageObject\",\"inLanguage\":\"en-GB\",\"@id\":\"https:\\\/\\\/bls-lang.com\\\/en\\\/interpretation-june\\\/#primaryimage\",\"url\":\"https:\\\/\\\/bls-lang.com\\\/wp-content\\\/uploads\\\/2024\\\/06\\\/interpretation-juree.webp\",\"contentUrl\":\"https:\\\/\\\/bls-lang.com\\\/wp-content\\\/uploads\\\/2024\\\/06\\\/interpretation-juree.webp\",\"width\":1254,\"height\":836,\"caption\":\"sworn interpreting in the right language pair organized by BLS\"},{\"@type\":\"BreadcrumbList\",\"@id\":\"https:\\\/\\\/bls-lang.com\\\/en\\\/interpretation-june\\\/#breadcrumb\",\"itemListElement\":[{\"@type\":\"ListItem\",\"position\":1,\"name\":\"Accueil\",\"item\":\"https:\\\/\\\/bls-lang.com\\\/en\\\/\"},{\"@type\":\"ListItem\",\"position\":2,\"name\":\"Sworn interpretation\"}]},{\"@type\":\"WebSite\",\"@id\":\"https:\\\/\\\/bls-lang.com\\\/en\\\/#website\",\"url\":\"https:\\\/\\\/bls-lang.com\\\/en\\\/\",\"name\":\"BLS agence bureau interpr\u00e8tes traducteurs Bruxelles\",\"description\":\"Brussels Language Services SRL - service de traduction, interpr\u00e9tation, traducteurs et interpr\u00e8tes pour les particuliers, entreprises, institutions publiques et priv\u00e9es\",\"publisher\":{\"@id\":\"https:\\\/\\\/bls-lang.com\\\/en\\\/#organization\"},\"potentialAction\":[{\"@type\":\"SearchAction\",\"target\":{\"@type\":\"EntryPoint\",\"urlTemplate\":\"https:\\\/\\\/bls-lang.com\\\/en\\\/?s={search_term_string}\"},\"query-input\":{\"@type\":\"PropertyValueSpecification\",\"valueRequired\":true,\"valueName\":\"search_term_string\"}}],\"inLanguage\":\"en-GB\"},{\"@type\":\"Organization\",\"@id\":\"https:\\\/\\\/bls-lang.com\\\/en\\\/#organization\",\"name\":\"BLS agence bureau interpr\u00e8tes traducteurs Bruxelles\",\"url\":\"https:\\\/\\\/bls-lang.com\\\/en\\\/\",\"logo\":{\"@type\":\"ImageObject\",\"inLanguage\":\"en-GB\",\"@id\":\"https:\\\/\\\/bls-lang.com\\\/en\\\/#\\\/schema\\\/logo\\\/image\\\/\",\"url\":\"https:\\\/\\\/bls-lang.com\\\/wp-content\\\/uploads\\\/2024\\\/05\\\/logo-societe-bls-lang-com-brussels-language-services.webp\",\"contentUrl\":\"https:\\\/\\\/bls-lang.com\\\/wp-content\\\/uploads\\\/2024\\\/05\\\/logo-societe-bls-lang-com-brussels-language-services.webp\",\"width\":1829,\"height\":920,\"caption\":\"BLS agence bureau interpr\u00e8tes traducteurs Bruxelles\"},\"image\":{\"@id\":\"https:\\\/\\\/bls-lang.com\\\/en\\\/#\\\/schema\\\/logo\\\/image\\\/\"},\"sameAs\":[\"https:\\\/\\\/www.facebook.com\\\/BrusselsLanguageServices\"]}]}<\/script>\n<!-- \/ Yoast SEO Premium plugin. -->","yoast_head_json":{"title":"Sworn interpretation - BLS agence bureau interpr\u00e8tes traducteurs Bruxelles","robots":{"index":"index","follow":"follow","max-snippet":"max-snippet:-1","max-image-preview":"max-image-preview:large","max-video-preview":"max-video-preview:-1"},"canonical":"https:\/\/bls-lang.com\/en\/interpretation-june\/","og_locale":"en_GB","og_type":"article","og_title":"Sworn interpretation","og_description":"A wedding, a court appearance, a hearing, an appointment for an administrative procedure&#8230; Whenever several languages are involved, our sworn interpreters are there to help you through the good times and the bad. This is a very specific discipline, requiring Federal Public Services Justice certification, the skills of an expert legal interpreter, as well as [&hellip;]","og_url":"https:\/\/bls-lang.com\/en\/interpretation-june\/","og_site_name":"BLS agence bureau interpr\u00e8tes traducteurs Bruxelles","article_publisher":"https:\/\/www.facebook.com\/BrusselsLanguageServices","article_modified_time":"2025-06-19T10:48:31+00:00","og_image":[{"width":1254,"height":836,"url":"https:\/\/bls-lang.com\/wp-content\/uploads\/2024\/06\/interpretation-juree.webp","type":"image\/webp"}],"twitter_card":"summary_large_image","twitter_misc":{"Estimated reading time":"1 minute"},"schema":{"@context":"https:\/\/schema.org","@graph":[{"@type":"WebPage","@id":"https:\/\/bls-lang.com\/en\/interpretation-june\/","url":"https:\/\/bls-lang.com\/en\/interpretation-june\/","name":"Sworn interpretation - BLS agence bureau interpr\u00e8tes traducteurs Bruxelles","isPartOf":{"@id":"https:\/\/bls-lang.com\/en\/#website"},"primaryImageOfPage":{"@id":"https:\/\/bls-lang.com\/en\/interpretation-june\/#primaryimage"},"image":{"@id":"https:\/\/bls-lang.com\/en\/interpretation-june\/#primaryimage"},"thumbnailUrl":"https:\/\/bls-lang.com\/wp-content\/uploads\/2024\/06\/interpretation-juree.webp","datePublished":"2024-06-16T07:24:38+00:00","dateModified":"2025-06-19T10:48:31+00:00","breadcrumb":{"@id":"https:\/\/bls-lang.com\/en\/interpretation-june\/#breadcrumb"},"inLanguage":"en-GB","potentialAction":[{"@type":"ReadAction","target":["https:\/\/bls-lang.com\/en\/interpretation-june\/"]}]},{"@type":"ImageObject","inLanguage":"en-GB","@id":"https:\/\/bls-lang.com\/en\/interpretation-june\/#primaryimage","url":"https:\/\/bls-lang.com\/wp-content\/uploads\/2024\/06\/interpretation-juree.webp","contentUrl":"https:\/\/bls-lang.com\/wp-content\/uploads\/2024\/06\/interpretation-juree.webp","width":1254,"height":836,"caption":"sworn interpreting in the right language pair organized by BLS"},{"@type":"BreadcrumbList","@id":"https:\/\/bls-lang.com\/en\/interpretation-june\/#breadcrumb","itemListElement":[{"@type":"ListItem","position":1,"name":"Accueil","item":"https:\/\/bls-lang.com\/en\/"},{"@type":"ListItem","position":2,"name":"Sworn interpretation"}]},{"@type":"WebSite","@id":"https:\/\/bls-lang.com\/en\/#website","url":"https:\/\/bls-lang.com\/en\/","name":"BLS agence bureau interpr\u00e8tes traducteurs Bruxelles","description":"Brussels Language Services SRL - service de traduction, interpr\u00e9tation, traducteurs et interpr\u00e8tes pour les particuliers, entreprises, institutions publiques et priv\u00e9es","publisher":{"@id":"https:\/\/bls-lang.com\/en\/#organization"},"potentialAction":[{"@type":"SearchAction","target":{"@type":"EntryPoint","urlTemplate":"https:\/\/bls-lang.com\/en\/?s={search_term_string}"},"query-input":{"@type":"PropertyValueSpecification","valueRequired":true,"valueName":"search_term_string"}}],"inLanguage":"en-GB"},{"@type":"Organization","@id":"https:\/\/bls-lang.com\/en\/#organization","name":"BLS agence bureau interpr\u00e8tes traducteurs Bruxelles","url":"https:\/\/bls-lang.com\/en\/","logo":{"@type":"ImageObject","inLanguage":"en-GB","@id":"https:\/\/bls-lang.com\/en\/#\/schema\/logo\/image\/","url":"https:\/\/bls-lang.com\/wp-content\/uploads\/2024\/05\/logo-societe-bls-lang-com-brussels-language-services.webp","contentUrl":"https:\/\/bls-lang.com\/wp-content\/uploads\/2024\/05\/logo-societe-bls-lang-com-brussels-language-services.webp","width":1829,"height":920,"caption":"BLS agence bureau interpr\u00e8tes traducteurs Bruxelles"},"image":{"@id":"https:\/\/bls-lang.com\/en\/#\/schema\/logo\/image\/"},"sameAs":["https:\/\/www.facebook.com\/BrusselsLanguageServices"]}]}},"_links":{"self":[{"href":"https:\/\/bls-lang.com\/en\/wp-json\/wp\/v2\/pages\/3706","targetHints":{"allow":["GET"]}}],"collection":[{"href":"https:\/\/bls-lang.com\/en\/wp-json\/wp\/v2\/pages"}],"about":[{"href":"https:\/\/bls-lang.com\/en\/wp-json\/wp\/v2\/types\/page"}],"author":[{"embeddable":true,"href":"https:\/\/bls-lang.com\/en\/wp-json\/wp\/v2\/users\/1"}],"replies":[{"embeddable":true,"href":"https:\/\/bls-lang.com\/en\/wp-json\/wp\/v2\/comments?post=3706"}],"version-history":[{"count":58,"href":"https:\/\/bls-lang.com\/en\/wp-json\/wp\/v2\/pages\/3706\/revisions"}],"predecessor-version":[{"id":7049,"href":"https:\/\/bls-lang.com\/en\/wp-json\/wp\/v2\/pages\/3706\/revisions\/7049"}],"wp:featuredmedia":[{"embeddable":true,"href":"https:\/\/bls-lang.com\/en\/wp-json\/wp\/v2\/media\/3413"}],"wp:attachment":[{"href":"https:\/\/bls-lang.com\/en\/wp-json\/wp\/v2\/media?parent=3706"}],"curies":[{"name":"wp","href":"https:\/\/api.w.org\/{rel}","templated":true}]}}