{"id":3522,"date":"2023-10-24T11:16:28","date_gmt":"2023-10-24T09:16:28","guid":{"rendered":"https:\/\/bls-lang.com\/consultancy\/"},"modified":"2024-07-11T10:28:39","modified_gmt":"2024-07-11T08:28:39","slug":"consultancy","status":"publish","type":"page","link":"https:\/\/bls-lang.com\/en\/consultancy\/","title":{"rendered":"Consultancy"},"content":{"rendered":"\t\t<div data-elementor-type=\"wp-page\" data-elementor-id=\"3522\" class=\"elementor elementor-3522 elementor-82\" data-elementor-post-type=\"page\">\n\t\t\t\t<div class=\"elementor-element elementor-element-59d9a6bb e-flex e-con-boxed e-con e-parent\" data-id=\"59d9a6bb\" data-element_type=\"container\" data-e-type=\"container\">\n\t\t\t\t\t<div class=\"e-con-inner\">\n\t\t\t\t<div class=\"elementor-element elementor-element-1f077d1e elementor-widget elementor-widget-text-editor\" data-id=\"1f077d1e\" data-element_type=\"widget\" data-e-type=\"widget\" data-widget_type=\"text-editor.default\">\n\t\t\t\t<div class=\"elementor-widget-container\">\n\t\t\t\t\t\t\t\t\t<p>Thanks to our experience and expertise in assisted translation and terminology tools, we can offer you the following services:<\/p>\n<h2>Computerization of translation services<\/h2>\n<p>Would you like to ensure the consistency and profitability of your documents by computerising your translation department? BLS analyses every stage of the translation process on your behalf and can advise you on how to get up and running as quickly as possible.<\/p>\n<h2>Creating\/populating databases<\/h2>\n<p>Is your translation department already computerised? BLS helps you to create and maintain your databases, and make the most of their full functionality.<\/p>\n\t\t\t\t\t\t\t\t<\/div>\n\t\t\t\t<\/div>\n\t\t\t\t\t<\/div>\n\t\t\t\t<\/div>\n\t\t\t\t<\/div>\n\t\t","protected":false},"excerpt":{"rendered":"<p>Thanks to our experience and expertise in assisted translation and terminology tools, we can offer you the following services: Computerization of translation services Would you like to ensure the consistency and profitability of your documents by computerising your translation department? BLS analyses every stage of the translation process on your behalf and can advise you [&hellip;]<\/p>\n","protected":false},"author":1,"featured_media":3347,"parent":0,"menu_order":0,"comment_status":"closed","ping_status":"closed","template":"elementor_theme","meta":{"footnotes":""},"class_list":["post-3522","page","type-page","status-publish","has-post-thumbnail","hentry"],"yoast_head":"<!-- This site is optimized with the Yoast SEO Premium plugin v25.8 (Yoast SEO v27.5) - https:\/\/yoast.com\/product\/yoast-seo-premium-wordpress\/ -->\n<title>Consultancy - BLS agence bureau interpr\u00e8tes traducteurs Bruxelles<\/title>\n<meta name=\"robots\" content=\"index, follow, max-snippet:-1, max-image-preview:large, max-video-preview:-1\" \/>\n<link rel=\"canonical\" href=\"https:\/\/bls-lang.com\/en\/consultancy\/\" \/>\n<meta property=\"og:locale\" content=\"en_GB\" \/>\n<meta property=\"og:type\" content=\"article\" \/>\n<meta property=\"og:title\" content=\"Consultancy\" \/>\n<meta property=\"og:description\" content=\"Thanks to our experience and expertise in assisted translation and terminology tools, we can offer you the following services: Computerization of translation services Would you like to ensure the consistency and profitability of your documents by computerising your translation department? BLS analyses every stage of the translation process on your behalf and can advise you [&hellip;]\" \/>\n<meta property=\"og:url\" content=\"https:\/\/bls-lang.com\/en\/consultancy\/\" \/>\n<meta property=\"og:site_name\" content=\"BLS agence bureau interpr\u00e8tes traducteurs Bruxelles\" \/>\n<meta property=\"article:publisher\" content=\"https:\/\/www.facebook.com\/BrusselsLanguageServices\" \/>\n<meta property=\"article:modified_time\" content=\"2024-07-11T08:28:39+00:00\" \/>\n<meta property=\"og:image\" content=\"https:\/\/bls-lang.com\/wp-content\/uploads\/2024\/05\/consultance-traduction-entreprise-interne-bls-lang.webp\" \/>\n\t<meta property=\"og:image:width\" content=\"1000\" \/>\n\t<meta property=\"og:image:height\" content=\"667\" \/>\n\t<meta property=\"og:image:type\" content=\"image\/webp\" \/>\n<meta name=\"twitter:card\" content=\"summary_large_image\" \/>\n<script type=\"application\/ld+json\" class=\"yoast-schema-graph\">{\"@context\":\"https:\\\/\\\/schema.org\",\"@graph\":[{\"@type\":\"WebPage\",\"@id\":\"https:\\\/\\\/bls-lang.com\\\/en\\\/consultancy\\\/\",\"url\":\"https:\\\/\\\/bls-lang.com\\\/en\\\/consultancy\\\/\",\"name\":\"Consultancy - BLS agence bureau interpr\u00e8tes traducteurs Bruxelles\",\"isPartOf\":{\"@id\":\"https:\\\/\\\/bls-lang.com\\\/en\\\/#website\"},\"primaryImageOfPage\":{\"@id\":\"https:\\\/\\\/bls-lang.com\\\/en\\\/consultancy\\\/#primaryimage\"},\"image\":{\"@id\":\"https:\\\/\\\/bls-lang.com\\\/en\\\/consultancy\\\/#primaryimage\"},\"thumbnailUrl\":\"https:\\\/\\\/bls-lang.com\\\/wp-content\\\/uploads\\\/2024\\\/05\\\/consultance-traduction-entreprise-interne-bls-lang.webp\",\"datePublished\":\"2023-10-24T09:16:28+00:00\",\"dateModified\":\"2024-07-11T08:28:39+00:00\",\"breadcrumb\":{\"@id\":\"https:\\\/\\\/bls-lang.com\\\/en\\\/consultancy\\\/#breadcrumb\"},\"inLanguage\":\"en-GB\",\"potentialAction\":[{\"@type\":\"ReadAction\",\"target\":[\"https:\\\/\\\/bls-lang.com\\\/en\\\/consultancy\\\/\"]}]},{\"@type\":\"ImageObject\",\"inLanguage\":\"en-GB\",\"@id\":\"https:\\\/\\\/bls-lang.com\\\/en\\\/consultancy\\\/#primaryimage\",\"url\":\"https:\\\/\\\/bls-lang.com\\\/wp-content\\\/uploads\\\/2024\\\/05\\\/consultance-traduction-entreprise-interne-bls-lang.webp\",\"contentUrl\":\"https:\\\/\\\/bls-lang.com\\\/wp-content\\\/uploads\\\/2024\\\/05\\\/consultance-traduction-entreprise-interne-bls-lang.webp\",\"width\":1000,\"height\":667,\"caption\":\"consultancy for in-house translations within your company&apos;s organisation\"},{\"@type\":\"BreadcrumbList\",\"@id\":\"https:\\\/\\\/bls-lang.com\\\/en\\\/consultancy\\\/#breadcrumb\",\"itemListElement\":[{\"@type\":\"ListItem\",\"position\":1,\"name\":\"Accueil\",\"item\":\"https:\\\/\\\/bls-lang.com\\\/en\\\/\"},{\"@type\":\"ListItem\",\"position\":2,\"name\":\"Consultancy\"}]},{\"@type\":\"WebSite\",\"@id\":\"https:\\\/\\\/bls-lang.com\\\/en\\\/#website\",\"url\":\"https:\\\/\\\/bls-lang.com\\\/en\\\/\",\"name\":\"BLS agence bureau interpr\u00e8tes traducteurs Bruxelles\",\"description\":\"Brussels Language Services SRL - service de traduction, interpr\u00e9tation, traducteurs et interpr\u00e8tes pour les particuliers, entreprises, institutions publiques et priv\u00e9es\",\"publisher\":{\"@id\":\"https:\\\/\\\/bls-lang.com\\\/en\\\/#organization\"},\"potentialAction\":[{\"@type\":\"SearchAction\",\"target\":{\"@type\":\"EntryPoint\",\"urlTemplate\":\"https:\\\/\\\/bls-lang.com\\\/en\\\/?s={search_term_string}\"},\"query-input\":{\"@type\":\"PropertyValueSpecification\",\"valueRequired\":true,\"valueName\":\"search_term_string\"}}],\"inLanguage\":\"en-GB\"},{\"@type\":\"Organization\",\"@id\":\"https:\\\/\\\/bls-lang.com\\\/en\\\/#organization\",\"name\":\"BLS agence bureau interpr\u00e8tes traducteurs Bruxelles\",\"url\":\"https:\\\/\\\/bls-lang.com\\\/en\\\/\",\"logo\":{\"@type\":\"ImageObject\",\"inLanguage\":\"en-GB\",\"@id\":\"https:\\\/\\\/bls-lang.com\\\/en\\\/#\\\/schema\\\/logo\\\/image\\\/\",\"url\":\"https:\\\/\\\/bls-lang.com\\\/wp-content\\\/uploads\\\/2024\\\/05\\\/logo-societe-bls-lang-com-brussels-language-services.webp\",\"contentUrl\":\"https:\\\/\\\/bls-lang.com\\\/wp-content\\\/uploads\\\/2024\\\/05\\\/logo-societe-bls-lang-com-brussels-language-services.webp\",\"width\":1829,\"height\":920,\"caption\":\"BLS agence bureau interpr\u00e8tes traducteurs Bruxelles\"},\"image\":{\"@id\":\"https:\\\/\\\/bls-lang.com\\\/en\\\/#\\\/schema\\\/logo\\\/image\\\/\"},\"sameAs\":[\"https:\\\/\\\/www.facebook.com\\\/BrusselsLanguageServices\"]}]}<\/script>\n<!-- \/ Yoast SEO Premium plugin. -->","yoast_head_json":{"title":"Consultancy - BLS agence bureau interpr\u00e8tes traducteurs Bruxelles","robots":{"index":"index","follow":"follow","max-snippet":"max-snippet:-1","max-image-preview":"max-image-preview:large","max-video-preview":"max-video-preview:-1"},"canonical":"https:\/\/bls-lang.com\/en\/consultancy\/","og_locale":"en_GB","og_type":"article","og_title":"Consultancy","og_description":"Thanks to our experience and expertise in assisted translation and terminology tools, we can offer you the following services: Computerization of translation services Would you like to ensure the consistency and profitability of your documents by computerising your translation department? BLS analyses every stage of the translation process on your behalf and can advise you [&hellip;]","og_url":"https:\/\/bls-lang.com\/en\/consultancy\/","og_site_name":"BLS agence bureau interpr\u00e8tes traducteurs Bruxelles","article_publisher":"https:\/\/www.facebook.com\/BrusselsLanguageServices","article_modified_time":"2024-07-11T08:28:39+00:00","og_image":[{"width":1000,"height":667,"url":"https:\/\/bls-lang.com\/wp-content\/uploads\/2024\/05\/consultance-traduction-entreprise-interne-bls-lang.webp","type":"image\/webp"}],"twitter_card":"summary_large_image","schema":{"@context":"https:\/\/schema.org","@graph":[{"@type":"WebPage","@id":"https:\/\/bls-lang.com\/en\/consultancy\/","url":"https:\/\/bls-lang.com\/en\/consultancy\/","name":"Consultancy - BLS agence bureau interpr\u00e8tes traducteurs Bruxelles","isPartOf":{"@id":"https:\/\/bls-lang.com\/en\/#website"},"primaryImageOfPage":{"@id":"https:\/\/bls-lang.com\/en\/consultancy\/#primaryimage"},"image":{"@id":"https:\/\/bls-lang.com\/en\/consultancy\/#primaryimage"},"thumbnailUrl":"https:\/\/bls-lang.com\/wp-content\/uploads\/2024\/05\/consultance-traduction-entreprise-interne-bls-lang.webp","datePublished":"2023-10-24T09:16:28+00:00","dateModified":"2024-07-11T08:28:39+00:00","breadcrumb":{"@id":"https:\/\/bls-lang.com\/en\/consultancy\/#breadcrumb"},"inLanguage":"en-GB","potentialAction":[{"@type":"ReadAction","target":["https:\/\/bls-lang.com\/en\/consultancy\/"]}]},{"@type":"ImageObject","inLanguage":"en-GB","@id":"https:\/\/bls-lang.com\/en\/consultancy\/#primaryimage","url":"https:\/\/bls-lang.com\/wp-content\/uploads\/2024\/05\/consultance-traduction-entreprise-interne-bls-lang.webp","contentUrl":"https:\/\/bls-lang.com\/wp-content\/uploads\/2024\/05\/consultance-traduction-entreprise-interne-bls-lang.webp","width":1000,"height":667,"caption":"consultancy for in-house translations within your company&apos;s organisation"},{"@type":"BreadcrumbList","@id":"https:\/\/bls-lang.com\/en\/consultancy\/#breadcrumb","itemListElement":[{"@type":"ListItem","position":1,"name":"Accueil","item":"https:\/\/bls-lang.com\/en\/"},{"@type":"ListItem","position":2,"name":"Consultancy"}]},{"@type":"WebSite","@id":"https:\/\/bls-lang.com\/en\/#website","url":"https:\/\/bls-lang.com\/en\/","name":"BLS agence bureau interpr\u00e8tes traducteurs Bruxelles","description":"Brussels Language Services SRL - service de traduction, interpr\u00e9tation, traducteurs et interpr\u00e8tes pour les particuliers, entreprises, institutions publiques et priv\u00e9es","publisher":{"@id":"https:\/\/bls-lang.com\/en\/#organization"},"potentialAction":[{"@type":"SearchAction","target":{"@type":"EntryPoint","urlTemplate":"https:\/\/bls-lang.com\/en\/?s={search_term_string}"},"query-input":{"@type":"PropertyValueSpecification","valueRequired":true,"valueName":"search_term_string"}}],"inLanguage":"en-GB"},{"@type":"Organization","@id":"https:\/\/bls-lang.com\/en\/#organization","name":"BLS agence bureau interpr\u00e8tes traducteurs Bruxelles","url":"https:\/\/bls-lang.com\/en\/","logo":{"@type":"ImageObject","inLanguage":"en-GB","@id":"https:\/\/bls-lang.com\/en\/#\/schema\/logo\/image\/","url":"https:\/\/bls-lang.com\/wp-content\/uploads\/2024\/05\/logo-societe-bls-lang-com-brussels-language-services.webp","contentUrl":"https:\/\/bls-lang.com\/wp-content\/uploads\/2024\/05\/logo-societe-bls-lang-com-brussels-language-services.webp","width":1829,"height":920,"caption":"BLS agence bureau interpr\u00e8tes traducteurs Bruxelles"},"image":{"@id":"https:\/\/bls-lang.com\/en\/#\/schema\/logo\/image\/"},"sameAs":["https:\/\/www.facebook.com\/BrusselsLanguageServices"]}]}},"_links":{"self":[{"href":"https:\/\/bls-lang.com\/en\/wp-json\/wp\/v2\/pages\/3522","targetHints":{"allow":["GET"]}}],"collection":[{"href":"https:\/\/bls-lang.com\/en\/wp-json\/wp\/v2\/pages"}],"about":[{"href":"https:\/\/bls-lang.com\/en\/wp-json\/wp\/v2\/types\/page"}],"author":[{"embeddable":true,"href":"https:\/\/bls-lang.com\/en\/wp-json\/wp\/v2\/users\/1"}],"replies":[{"embeddable":true,"href":"https:\/\/bls-lang.com\/en\/wp-json\/wp\/v2\/comments?post=3522"}],"version-history":[{"count":6,"href":"https:\/\/bls-lang.com\/en\/wp-json\/wp\/v2\/pages\/3522\/revisions"}],"predecessor-version":[{"id":5211,"href":"https:\/\/bls-lang.com\/en\/wp-json\/wp\/v2\/pages\/3522\/revisions\/5211"}],"wp:featuredmedia":[{"embeddable":true,"href":"https:\/\/bls-lang.com\/en\/wp-json\/wp\/v2\/media\/3347"}],"wp:attachment":[{"href":"https:\/\/bls-lang.com\/en\/wp-json\/wp\/v2\/media?parent=3522"}],"curies":[{"name":"wp","href":"https:\/\/api.w.org\/{rel}","templated":true}]}}